{"id":97978,"date":"2026-03-27T12:37:06","date_gmt":"2026-03-27T11:37:06","guid":{"rendered":"https:\/\/specialcontainer.dk\/\/produkt\/notset\/"},"modified":"2026-03-27T12:37:07","modified_gmt":"2026-03-27T11:37:07","slug":"container-doere","status":"publish","type":"product","link":"https:\/\/specialcontainer.dk\/nb\/produkt\/container-doere\/","title":{"rendered":"Container d\u00f8r"},"content":{"rendered":"<p><strong>D&oslash;rer til container<\/strong> for utskifting av &eacute;n eller flere skadde d&oslash;rer p&aring; containeren din. Passer til 10&rsquo;, 20&rsquo; og 40&rsquo; containere og finnes i ulike h&oslash;yder.<\/p>\n<p>Vi har d&oslash;rene vist p&aring; bildene p&aring; lager. Disse inkluderer f&oslash;lgende d&oslash;rer:<\/p>\n<p>HC_Right_Black_LSTU 409912-4<br \/>HC_Left_Black_LSTU_409912-4<br \/>HC_Right_Black_LSTU_409928-0<br \/>HC_Left_Black_LSTU_409928-0<br \/>HC_Right_Blue_FCBU_952781-0<br \/>HC_Left_Blue_RY20020<br \/>Standard Left_Blue_No number<br \/>Standard Left_Blue_QXIC_3261<\/p>\n<p>D&oslash;rene leveres i ulike farger.<\/p>\n<p>Vennligst merk at utformingen p&aring; d&oslash;rene kan variere. For &aring; hjelpe oss med &aring; finne riktige d&oslash;rer til containeren din, ber vi om et bilde av d&oslash;renden, samt m&aring;l av d&oslash;rkarmen. Det m&aring; ogs&aring; p&aring;regnes at d&oslash;rkarmen m&aring; justeres for &aring; passe hengslene.<\/p>\n<p>Pris: 2.750 DKK per d&oslash;r, inkludert l&oslash;se deler, eller 5.500 DKK per sett til &eacute;n container.<\/p>\n<p>Fraktkostnader varierer avhengig av avstand, s&aring; vennligst ta kontakt for pris p&aring; frakt.<\/p>\n<p>&nbsp;<\/p>\n","protected":false},"excerpt":{"rendered":"<ul>\n<li>Container d&oslash;rer for utskiftning av &oslash;delagte d&oslash;re p&aring; din container<\/li>\n<li>Finnes i ulike st&oslash;rrelser og typer<\/li>\n<li>Send gjerne bilde for s&aring; vi kan sjekke om vi har din type<\/li>\n<li>Prisen er 2.750 kr. per d&oslash;r inkl. l&oslash;sdele, eller 5.500 kr. per s&aelig;t<\/li>\n<\/ul>\n","protected":false},"featured_media":97981,"template":"","meta":[],"product_brand":[],"product_cat":[3505],"product_tag":[],"class_list":{"0":"post-97978","1":"product","2":"type-product","3":"status-publish","4":"has-post-thumbnail","6":"product_cat-drer","7":"pa_shp_slug-container-doere","8":"description-off","10":"first","11":"instock","12":"taxable","13":"shipping-taxable","14":"purchasable","15":"product-type-simple"},"yoast_head":"<!-- This site is optimized with the Yoast SEO plugin v26.0 - https:\/\/yoast.com\/wordpress\/plugins\/seo\/ -->\n<title>Container d\u00f8r - SpecialContainer.dk<\/title>\n<meta name=\"description\" content=\"Containerd\u00f8r til utskifting av \u00f8delagte d\u00f8rer for 10\u2019, 20\u2019 og 40\u2019 containere. Flere farger, p\u00e5 lager og tilpasset etter m\u00e5l. Sp\u00f8r om fraktpris.\" \/>\n<meta name=\"robots\" content=\"index, follow, max-snippet:-1, max-image-preview:large, max-video-preview:-1\" \/>\n<link rel=\"canonical\" href=\"https:\/\/specialcontainer.dk\/produkt\/container-doere\/\" \/>\n<meta property=\"og:locale\" content=\"nb_NO\" \/>\n<meta property=\"og:type\" content=\"article\" \/>\n<meta property=\"og:title\" content=\"Container d\u00f8r - SpecialContainer.dk\" \/>\n<meta property=\"og:description\" content=\"Containerd\u00f8r til utskifting av \u00f8delagte d\u00f8rer for 10\u2019, 20\u2019 og 40\u2019 containere. Flere farger, p\u00e5 lager og tilpasset etter m\u00e5l. Sp\u00f8r om fraktpris.\" \/>\n<meta property=\"og:url\" content=\"https:\/\/specialcontainer.dk\/produkt\/container-doere\/\" \/>\n<meta property=\"og:site_name\" content=\"SpecialContainer.dk\" \/>\n<meta property=\"article:modified_time\" content=\"2026-03-27T11:37:07+00:00\" \/>\n<meta property=\"og:image\" content=\"https:\/\/specialcontainer.dk\/wp-content\/uploads\/2021\/11\/5102_01_A_Billede-23.07.2021-08.17.58-burned-1024x768-1.jpg\" \/>\n\t<meta property=\"og:image:width\" content=\"1024\" \/>\n\t<meta property=\"og:image:height\" content=\"768\" \/>\n\t<meta property=\"og:image:type\" content=\"image\/jpeg\" \/>\n<meta name=\"twitter:card\" content=\"summary_large_image\" \/>\n<meta name=\"twitter:label1\" content=\"Ansl. lesetid\" \/>\n\t<meta name=\"twitter:data1\" content=\"1 minutt\" \/>\n<script type=\"application\/ld+json\" class=\"yoast-schema-graph\">{\"@context\":\"https:\/\/schema.org\",\"@graph\":[{\"@type\":\"WebPage\",\"@id\":\"https:\/\/specialcontainer.dk\/produkt\/container-doere\/\",\"url\":\"https:\/\/specialcontainer.dk\/produkt\/container-doere\/\",\"name\":\"Container d\u00f8r - SpecialContainer.dk\",\"isPartOf\":{\"@id\":\"https:\/\/specialcontainer.dk\/#website\"},\"primaryImageOfPage\":{\"@id\":\"https:\/\/specialcontainer.dk\/produkt\/container-doere\/#primaryimage\"},\"image\":{\"@id\":\"https:\/\/specialcontainer.dk\/produkt\/container-doere\/#primaryimage\"},\"thumbnailUrl\":\"https:\/\/specialcontainer.dk\/wp-content\/uploads\/2021\/11\/5102_01_A_Billede-23.07.2021-08.17.58-burned-1024x768-1.jpg\",\"datePublished\":\"2026-03-27T11:37:06+00:00\",\"dateModified\":\"2026-03-27T11:37:07+00:00\",\"description\":\"Containerd\u00f8r til utskifting av \u00f8delagte d\u00f8rer for 10\u2019, 20\u2019 og 40\u2019 containere. Flere farger, p\u00e5 lager og tilpasset etter m\u00e5l. Sp\u00f8r om fraktpris.\",\"breadcrumb\":{\"@id\":\"https:\/\/specialcontainer.dk\/produkt\/container-doere\/#breadcrumb\"},\"inLanguage\":\"nb-NO\",\"potentialAction\":[{\"@type\":\"ReadAction\",\"target\":[\"https:\/\/specialcontainer.dk\/produkt\/container-doere\/\"]}]},{\"@type\":\"ImageObject\",\"inLanguage\":\"nb-NO\",\"@id\":\"https:\/\/specialcontainer.dk\/produkt\/container-doere\/#primaryimage\",\"url\":\"https:\/\/specialcontainer.dk\/wp-content\/uploads\/2021\/11\/5102_01_A_Billede-23.07.2021-08.17.58-burned-1024x768-1.jpg\",\"contentUrl\":\"https:\/\/specialcontainer.dk\/wp-content\/uploads\/2021\/11\/5102_01_A_Billede-23.07.2021-08.17.58-burned-1024x768-1.jpg\",\"width\":1024,\"height\":768},{\"@type\":\"BreadcrumbList\",\"@id\":\"https:\/\/specialcontainer.dk\/produkt\/container-doere\/#breadcrumb\",\"itemListElement\":[{\"@type\":\"ListItem\",\"position\":1,\"name\":\"Hjem\",\"item\":\"https:\/\/specialcontainer.dk\/nb\/\"},{\"@type\":\"ListItem\",\"position\":2,\"name\":\"Shop\",\"item\":\"https:\/\/specialcontainer.dk\/nb\/shop\/\"},{\"@type\":\"ListItem\",\"position\":3,\"name\":\"Container d\u00f8r\"}]},{\"@type\":\"WebSite\",\"@id\":\"https:\/\/specialcontainer.dk\/#website\",\"url\":\"https:\/\/specialcontainer.dk\/\",\"name\":\"SpecialContainer.dk\",\"description\":\"\",\"publisher\":{\"@id\":\"https:\/\/specialcontainer.dk\/#organization\"},\"potentialAction\":[{\"@type\":\"SearchAction\",\"target\":{\"@type\":\"EntryPoint\",\"urlTemplate\":\"https:\/\/specialcontainer.dk\/?s={search_term_string}\"},\"query-input\":{\"@type\":\"PropertyValueSpecification\",\"valueRequired\":true,\"valueName\":\"search_term_string\"}}],\"inLanguage\":\"nb-NO\"},{\"@type\":\"Organization\",\"@id\":\"https:\/\/specialcontainer.dk\/#organization\",\"name\":\"Specialcontainer\",\"url\":\"https:\/\/specialcontainer.dk\/\",\"logo\":{\"@type\":\"ImageObject\",\"inLanguage\":\"nb-NO\",\"@id\":\"https:\/\/specialcontainer.dk\/#\/schema\/logo\/image\/\",\"url\":\"https:\/\/specialcontainer.dk\/wp-content\/uploads\/2019\/10\/logo-2019-307-x-72-jpg.jpg\",\"contentUrl\":\"https:\/\/specialcontainer.dk\/wp-content\/uploads\/2019\/10\/logo-2019-307-x-72-jpg.jpg\",\"width\":307,\"height\":72,\"caption\":\"Specialcontainer\"},\"image\":{\"@id\":\"https:\/\/specialcontainer.dk\/#\/schema\/logo\/image\/\"}}]}<\/script>\n<!-- \/ Yoast SEO plugin. -->","yoast_head_json":{"title":"Container d\u00f8r - SpecialContainer.dk","description":"Containerd\u00f8r til utskifting av \u00f8delagte d\u00f8rer for 10\u2019, 20\u2019 og 40\u2019 containere. Flere farger, p\u00e5 lager og tilpasset etter m\u00e5l. Sp\u00f8r om fraktpris.","robots":{"index":"index","follow":"follow","max-snippet":"max-snippet:-1","max-image-preview":"max-image-preview:large","max-video-preview":"max-video-preview:-1"},"canonical":"https:\/\/specialcontainer.dk\/produkt\/container-doere\/","og_locale":"nb_NO","og_type":"article","og_title":"Container d\u00f8r - SpecialContainer.dk","og_description":"Containerd\u00f8r til utskifting av \u00f8delagte d\u00f8rer for 10\u2019, 20\u2019 og 40\u2019 containere. Flere farger, p\u00e5 lager og tilpasset etter m\u00e5l. Sp\u00f8r om fraktpris.","og_url":"https:\/\/specialcontainer.dk\/produkt\/container-doere\/","og_site_name":"SpecialContainer.dk","article_modified_time":"2026-03-27T11:37:07+00:00","og_image":[{"width":1024,"height":768,"url":"https:\/\/specialcontainer.dk\/wp-content\/uploads\/2021\/11\/5102_01_A_Billede-23.07.2021-08.17.58-burned-1024x768-1.jpg","type":"image\/jpeg"}],"twitter_card":"summary_large_image","twitter_misc":{"Ansl. lesetid":"1 minutt"},"schema":{"@context":"https:\/\/schema.org","@graph":[{"@type":"WebPage","@id":"https:\/\/specialcontainer.dk\/produkt\/container-doere\/","url":"https:\/\/specialcontainer.dk\/produkt\/container-doere\/","name":"Container d\u00f8r - SpecialContainer.dk","isPartOf":{"@id":"https:\/\/specialcontainer.dk\/#website"},"primaryImageOfPage":{"@id":"https:\/\/specialcontainer.dk\/produkt\/container-doere\/#primaryimage"},"image":{"@id":"https:\/\/specialcontainer.dk\/produkt\/container-doere\/#primaryimage"},"thumbnailUrl":"https:\/\/specialcontainer.dk\/wp-content\/uploads\/2021\/11\/5102_01_A_Billede-23.07.2021-08.17.58-burned-1024x768-1.jpg","datePublished":"2026-03-27T11:37:06+00:00","dateModified":"2026-03-27T11:37:07+00:00","description":"Containerd\u00f8r til utskifting av \u00f8delagte d\u00f8rer for 10\u2019, 20\u2019 og 40\u2019 containere. Flere farger, p\u00e5 lager og tilpasset etter m\u00e5l. Sp\u00f8r om fraktpris.","breadcrumb":{"@id":"https:\/\/specialcontainer.dk\/produkt\/container-doere\/#breadcrumb"},"inLanguage":"nb-NO","potentialAction":[{"@type":"ReadAction","target":["https:\/\/specialcontainer.dk\/produkt\/container-doere\/"]}]},{"@type":"ImageObject","inLanguage":"nb-NO","@id":"https:\/\/specialcontainer.dk\/produkt\/container-doere\/#primaryimage","url":"https:\/\/specialcontainer.dk\/wp-content\/uploads\/2021\/11\/5102_01_A_Billede-23.07.2021-08.17.58-burned-1024x768-1.jpg","contentUrl":"https:\/\/specialcontainer.dk\/wp-content\/uploads\/2021\/11\/5102_01_A_Billede-23.07.2021-08.17.58-burned-1024x768-1.jpg","width":1024,"height":768},{"@type":"BreadcrumbList","@id":"https:\/\/specialcontainer.dk\/produkt\/container-doere\/#breadcrumb","itemListElement":[{"@type":"ListItem","position":1,"name":"Hjem","item":"https:\/\/specialcontainer.dk\/nb\/"},{"@type":"ListItem","position":2,"name":"Shop","item":"https:\/\/specialcontainer.dk\/nb\/shop\/"},{"@type":"ListItem","position":3,"name":"Container d\u00f8r"}]},{"@type":"WebSite","@id":"https:\/\/specialcontainer.dk\/#website","url":"https:\/\/specialcontainer.dk\/","name":"SpecialContainer.dk","description":"","publisher":{"@id":"https:\/\/specialcontainer.dk\/#organization"},"potentialAction":[{"@type":"SearchAction","target":{"@type":"EntryPoint","urlTemplate":"https:\/\/specialcontainer.dk\/?s={search_term_string}"},"query-input":{"@type":"PropertyValueSpecification","valueRequired":true,"valueName":"search_term_string"}}],"inLanguage":"nb-NO"},{"@type":"Organization","@id":"https:\/\/specialcontainer.dk\/#organization","name":"Specialcontainer","url":"https:\/\/specialcontainer.dk\/","logo":{"@type":"ImageObject","inLanguage":"nb-NO","@id":"https:\/\/specialcontainer.dk\/#\/schema\/logo\/image\/","url":"https:\/\/specialcontainer.dk\/wp-content\/uploads\/2019\/10\/logo-2019-307-x-72-jpg.jpg","contentUrl":"https:\/\/specialcontainer.dk\/wp-content\/uploads\/2019\/10\/logo-2019-307-x-72-jpg.jpg","width":307,"height":72,"caption":"Specialcontainer"},"image":{"@id":"https:\/\/specialcontainer.dk\/#\/schema\/logo\/image\/"}}]}},"_links":{"self":[{"href":"https:\/\/specialcontainer.dk\/nb\/wp-json\/wp\/v2\/product\/97978","targetHints":{"allow":["GET"]}}],"collection":[{"href":"https:\/\/specialcontainer.dk\/nb\/wp-json\/wp\/v2\/product"}],"about":[{"href":"https:\/\/specialcontainer.dk\/nb\/wp-json\/wp\/v2\/types\/product"}],"wp:featuredmedia":[{"embeddable":true,"href":"https:\/\/specialcontainer.dk\/nb\/wp-json\/wp\/v2\/media\/97981"}],"wp:attachment":[{"href":"https:\/\/specialcontainer.dk\/nb\/wp-json\/wp\/v2\/media?parent=97978"}],"wp:term":[{"taxonomy":"product_brand","embeddable":true,"href":"https:\/\/specialcontainer.dk\/nb\/wp-json\/wp\/v2\/product_brand?post=97978"},{"taxonomy":"product_cat","embeddable":true,"href":"https:\/\/specialcontainer.dk\/nb\/wp-json\/wp\/v2\/product_cat?post=97978"},{"taxonomy":"product_tag","embeddable":true,"href":"https:\/\/specialcontainer.dk\/nb\/wp-json\/wp\/v2\/product_tag?post=97978"}],"curies":[{"name":"wp","href":"https:\/\/api.w.org\/{rel}","templated":true}]}}