{"id":96551,"date":"2025-07-03T14:41:58","date_gmt":"2025-07-03T12:41:58","guid":{"rendered":"https:\/\/specialcontainer.dk\/\/produkt\/jibflex-jf-250-2\/"},"modified":"2025-07-03T14:41:58","modified_gmt":"2025-07-03T12:41:58","slug":"jibflex-jf-250-2","status":"publish","type":"product","link":"https:\/\/specialcontainer.dk\/nb\/produkt\/jibflex-jf-250-2\/","title":{"rendered":"JibFlex startpakke for 2 meter"},"content":{"rendered":"<p><strong>Startpakke &ndash; perfekt for kompliserte l&oslash;fteoppgaver<\/strong><\/p>\n<p>JibFlex-l&oslash;sningen er en kranarm montert p&aring; et fast beslag, utviklet for &aring; l&oslash;fte rundt hj&oslash;rner og forbi hindringer der vanlige kranbommer ikke kommer til.<\/p>\n<p><strong>Pakken inneholder:<\/strong><\/p>\n<p>&ndash; <strong>2 meters kranarm<\/strong>, best&aring;ende av 8 aluminiumsmoduler som kobles sammen med l&aring;sebeslag. Armen kan rotere rundt seg selv med en svingradius p&aring; kun 0,5 meter. Maksimal l&oslash;ftekapasitet er 250 kg.<\/p>\n<p>&ndash; <strong>Hj&oslash;rnebeslag<\/strong>, som sveises p&aring; utsiden av hj&oslash;rnestolpen ved d&oslash;ren. Egnet for oppgaver der det l&oslash;ftes inn og ut av containeren daglig.<\/p>\n<p>&ndash; <strong>Stork (l&oslash;fte&oslash;ye)<\/strong>, designet for bruk i hvert JibFlex-modul. Har en WLL p&aring; 500 kg og monteres i toppen av modulene. To l&aring;sestifter sikrer det og overf&oslash;rer kreftene til kranarmen. Tilgjengelig i tre standardh&oslash;yder med seks eller &aring;tte hull. Vekt: 11,2 kg eller 13,2 kg.<\/p>\n<p>&ndash; <strong>B&aring;ndstropper<\/strong>, laget av h&oslash;yfast polyester med forsterkede og foldede &oslash;yer i begge ender. Stroppene er fargekodet for enkel identifikasjon av WLL. Hver stropp leveres med etikett for WLL og bruksvinkler, unikt serienummer, merking for neste kontroll, advarsler og brukerpiktogram, samt sertifikat og samsvarserkl&aelig;ring.<\/p>\n<p>Forventet leveringstid er 3&ndash;4 uker. Produktet er p&aring; lager i Esbjerg.<\/p>\n","protected":false},"excerpt":{"rendered":"<ul>\n<li>Kranarm p&aring; 2 meter med b&aelig;reevne p&aring; 250 kg<\/li>\n<li>Hj&oslash;rnebeslag som sveises p&aring; &eacute;n hj&oslash;rnestolpe for &aring; holde kranarmen<\/li>\n<li>Stork (l&oslash;fte&oslash;ye) med b&aelig;reevne p&aring; 500 kg<\/li>\n<li>B&aring;ndstropper til l&oslash;ft av gods eller varer<\/li>\n<li>Leveringstid ca. 3&ndash;4 uker<\/li>\n<\/ul>\n","protected":false},"featured_media":96557,"template":"","meta":[],"product_brand":[],"product_cat":[5023],"product_tag":[],"class_list":{"0":"post-96551","1":"product","2":"type-product","3":"status-publish","4":"has-post-thumbnail","6":"product_cat-jibflex-nb","7":"pa_bruttovaegt-115-kg","8":"pa_shp_slug-jibflex-jf-250-2","9":"pa_varenr__-5024","10":"description-off","12":"first","13":"instock","14":"taxable","15":"shipping-taxable","16":"purchasable","17":"product-type-simple"},"yoast_head":"<!-- This site is optimized with the Yoast SEO plugin v26.0 - https:\/\/yoast.com\/wordpress\/plugins\/seo\/ -->\n<title>JibFlex startpakke for 2 meter - SpecialContainer.dk<\/title>\n<meta name=\"description\" content=\"JibFlex Kranarm Startpakke \u2013 Fleksibel l\u00f8sning for l\u00f8fteoppgaver | Specialcontainer.dkJibFlex-kranarm for l\u00f8ft rundt hj\u00f8rner og hindringer. Startpakken inneholder 2 meters kranarm (250 kg kapasitet), hj\u00f8rnebeslag, l\u00f8fte\u00f8ye (WLL 500 kg) og slitesterke b\u00e5ndstropper. Perfekt for containerl\u00f8ft og krevende oppgaver.\" \/>\n<meta name=\"robots\" content=\"index, follow, max-snippet:-1, max-image-preview:large, max-video-preview:-1\" \/>\n<link rel=\"canonical\" href=\"https:\/\/specialcontainer.dk\/nb\/produkt\/jibflex-jf-250-2\/\" \/>\n<meta property=\"og:locale\" content=\"nb_NO\" \/>\n<meta property=\"og:type\" content=\"article\" \/>\n<meta property=\"og:title\" content=\"JibFlex startpakke for 2 meter - SpecialContainer.dk\" \/>\n<meta property=\"og:description\" content=\"JibFlex Kranarm Startpakke \u2013 Fleksibel l\u00f8sning for l\u00f8fteoppgaver | Specialcontainer.dkJibFlex-kranarm for l\u00f8ft rundt hj\u00f8rner og hindringer. Startpakken inneholder 2 meters kranarm (250 kg kapasitet), hj\u00f8rnebeslag, l\u00f8fte\u00f8ye (WLL 500 kg) og slitesterke b\u00e5ndstropper. Perfekt for containerl\u00f8ft og krevende oppgaver.\" \/>\n<meta property=\"og:url\" content=\"https:\/\/specialcontainer.dk\/nb\/produkt\/jibflex-jf-250-2\/\" \/>\n<meta property=\"og:site_name\" content=\"SpecialContainer.dk\" \/>\n<meta property=\"og:image\" content=\"https:\/\/specialcontainer.dk\/wp-content\/uploads\/2021\/10\/9030_01_A_2-meter-16-1024x768-2.jpg\" \/>\n\t<meta property=\"og:image:width\" content=\"1024\" \/>\n\t<meta property=\"og:image:height\" content=\"768\" \/>\n\t<meta property=\"og:image:type\" content=\"image\/jpeg\" \/>\n<meta name=\"twitter:card\" content=\"summary_large_image\" \/>\n<meta name=\"twitter:label1\" content=\"Ansl. lesetid\" \/>\n\t<meta name=\"twitter:data1\" content=\"1 minutt\" \/>\n<script type=\"application\/ld+json\" class=\"yoast-schema-graph\">{\"@context\":\"https:\/\/schema.org\",\"@graph\":[{\"@type\":\"WebPage\",\"@id\":\"https:\/\/specialcontainer.dk\/nb\/produkt\/jibflex-jf-250-2\/\",\"url\":\"https:\/\/specialcontainer.dk\/nb\/produkt\/jibflex-jf-250-2\/\",\"name\":\"JibFlex startpakke for 2 meter - SpecialContainer.dk\",\"isPartOf\":{\"@id\":\"https:\/\/specialcontainer.dk\/#website\"},\"primaryImageOfPage\":{\"@id\":\"https:\/\/specialcontainer.dk\/nb\/produkt\/jibflex-jf-250-2\/#primaryimage\"},\"image\":{\"@id\":\"https:\/\/specialcontainer.dk\/nb\/produkt\/jibflex-jf-250-2\/#primaryimage\"},\"thumbnailUrl\":\"https:\/\/specialcontainer.dk\/wp-content\/uploads\/2021\/10\/9030_01_A_2-meter-16-1024x768-2.jpg\",\"datePublished\":\"2025-07-03T12:41:58+00:00\",\"description\":\"JibFlex Kranarm Startpakke \u2013 Fleksibel l\u00f8sning for l\u00f8fteoppgaver | Specialcontainer.dkJibFlex-kranarm for l\u00f8ft rundt hj\u00f8rner og hindringer. Startpakken inneholder 2 meters kranarm (250 kg kapasitet), hj\u00f8rnebeslag, l\u00f8fte\u00f8ye (WLL 500 kg) og slitesterke b\u00e5ndstropper. Perfekt for containerl\u00f8ft og krevende oppgaver.\",\"breadcrumb\":{\"@id\":\"https:\/\/specialcontainer.dk\/nb\/produkt\/jibflex-jf-250-2\/#breadcrumb\"},\"inLanguage\":\"nb-NO\",\"potentialAction\":[{\"@type\":\"ReadAction\",\"target\":[\"https:\/\/specialcontainer.dk\/nb\/produkt\/jibflex-jf-250-2\/\"]}]},{\"@type\":\"ImageObject\",\"inLanguage\":\"nb-NO\",\"@id\":\"https:\/\/specialcontainer.dk\/nb\/produkt\/jibflex-jf-250-2\/#primaryimage\",\"url\":\"https:\/\/specialcontainer.dk\/wp-content\/uploads\/2021\/10\/9030_01_A_2-meter-16-1024x768-2.jpg\",\"contentUrl\":\"https:\/\/specialcontainer.dk\/wp-content\/uploads\/2021\/10\/9030_01_A_2-meter-16-1024x768-2.jpg\",\"width\":1024,\"height\":768},{\"@type\":\"BreadcrumbList\",\"@id\":\"https:\/\/specialcontainer.dk\/nb\/produkt\/jibflex-jf-250-2\/#breadcrumb\",\"itemListElement\":[{\"@type\":\"ListItem\",\"position\":1,\"name\":\"Hjem\",\"item\":\"https:\/\/specialcontainer.dk\/nb\/\"},{\"@type\":\"ListItem\",\"position\":2,\"name\":\"Shop\",\"item\":\"https:\/\/specialcontainer.dk\/nb\/shop\/\"},{\"@type\":\"ListItem\",\"position\":3,\"name\":\"JibFlex startpakke for 2 meter\"}]},{\"@type\":\"WebSite\",\"@id\":\"https:\/\/specialcontainer.dk\/#website\",\"url\":\"https:\/\/specialcontainer.dk\/\",\"name\":\"SpecialContainer.dk\",\"description\":\"\",\"publisher\":{\"@id\":\"https:\/\/specialcontainer.dk\/#organization\"},\"potentialAction\":[{\"@type\":\"SearchAction\",\"target\":{\"@type\":\"EntryPoint\",\"urlTemplate\":\"https:\/\/specialcontainer.dk\/?s={search_term_string}\"},\"query-input\":{\"@type\":\"PropertyValueSpecification\",\"valueRequired\":true,\"valueName\":\"search_term_string\"}}],\"inLanguage\":\"nb-NO\"},{\"@type\":\"Organization\",\"@id\":\"https:\/\/specialcontainer.dk\/#organization\",\"name\":\"Specialcontainer\",\"url\":\"https:\/\/specialcontainer.dk\/\",\"logo\":{\"@type\":\"ImageObject\",\"inLanguage\":\"nb-NO\",\"@id\":\"https:\/\/specialcontainer.dk\/#\/schema\/logo\/image\/\",\"url\":\"https:\/\/specialcontainer.dk\/wp-content\/uploads\/2019\/10\/logo-2019-307-x-72-jpg.jpg\",\"contentUrl\":\"https:\/\/specialcontainer.dk\/wp-content\/uploads\/2019\/10\/logo-2019-307-x-72-jpg.jpg\",\"width\":307,\"height\":72,\"caption\":\"Specialcontainer\"},\"image\":{\"@id\":\"https:\/\/specialcontainer.dk\/#\/schema\/logo\/image\/\"}}]}<\/script>\n<!-- \/ Yoast SEO plugin. -->","yoast_head_json":{"title":"JibFlex startpakke for 2 meter - SpecialContainer.dk","description":"JibFlex Kranarm Startpakke \u2013 Fleksibel l\u00f8sning for l\u00f8fteoppgaver | Specialcontainer.dkJibFlex-kranarm for l\u00f8ft rundt hj\u00f8rner og hindringer. Startpakken inneholder 2 meters kranarm (250 kg kapasitet), hj\u00f8rnebeslag, l\u00f8fte\u00f8ye (WLL 500 kg) og slitesterke b\u00e5ndstropper. Perfekt for containerl\u00f8ft og krevende oppgaver.","robots":{"index":"index","follow":"follow","max-snippet":"max-snippet:-1","max-image-preview":"max-image-preview:large","max-video-preview":"max-video-preview:-1"},"canonical":"https:\/\/specialcontainer.dk\/nb\/produkt\/jibflex-jf-250-2\/","og_locale":"nb_NO","og_type":"article","og_title":"JibFlex startpakke for 2 meter - SpecialContainer.dk","og_description":"JibFlex Kranarm Startpakke \u2013 Fleksibel l\u00f8sning for l\u00f8fteoppgaver | Specialcontainer.dkJibFlex-kranarm for l\u00f8ft rundt hj\u00f8rner og hindringer. Startpakken inneholder 2 meters kranarm (250 kg kapasitet), hj\u00f8rnebeslag, l\u00f8fte\u00f8ye (WLL 500 kg) og slitesterke b\u00e5ndstropper. Perfekt for containerl\u00f8ft og krevende oppgaver.","og_url":"https:\/\/specialcontainer.dk\/nb\/produkt\/jibflex-jf-250-2\/","og_site_name":"SpecialContainer.dk","og_image":[{"width":1024,"height":768,"url":"https:\/\/specialcontainer.dk\/wp-content\/uploads\/2021\/10\/9030_01_A_2-meter-16-1024x768-2.jpg","type":"image\/jpeg"}],"twitter_card":"summary_large_image","twitter_misc":{"Ansl. lesetid":"1 minutt"},"schema":{"@context":"https:\/\/schema.org","@graph":[{"@type":"WebPage","@id":"https:\/\/specialcontainer.dk\/nb\/produkt\/jibflex-jf-250-2\/","url":"https:\/\/specialcontainer.dk\/nb\/produkt\/jibflex-jf-250-2\/","name":"JibFlex startpakke for 2 meter - SpecialContainer.dk","isPartOf":{"@id":"https:\/\/specialcontainer.dk\/#website"},"primaryImageOfPage":{"@id":"https:\/\/specialcontainer.dk\/nb\/produkt\/jibflex-jf-250-2\/#primaryimage"},"image":{"@id":"https:\/\/specialcontainer.dk\/nb\/produkt\/jibflex-jf-250-2\/#primaryimage"},"thumbnailUrl":"https:\/\/specialcontainer.dk\/wp-content\/uploads\/2021\/10\/9030_01_A_2-meter-16-1024x768-2.jpg","datePublished":"2025-07-03T12:41:58+00:00","description":"JibFlex Kranarm Startpakke \u2013 Fleksibel l\u00f8sning for l\u00f8fteoppgaver | Specialcontainer.dkJibFlex-kranarm for l\u00f8ft rundt hj\u00f8rner og hindringer. Startpakken inneholder 2 meters kranarm (250 kg kapasitet), hj\u00f8rnebeslag, l\u00f8fte\u00f8ye (WLL 500 kg) og slitesterke b\u00e5ndstropper. Perfekt for containerl\u00f8ft og krevende oppgaver.","breadcrumb":{"@id":"https:\/\/specialcontainer.dk\/nb\/produkt\/jibflex-jf-250-2\/#breadcrumb"},"inLanguage":"nb-NO","potentialAction":[{"@type":"ReadAction","target":["https:\/\/specialcontainer.dk\/nb\/produkt\/jibflex-jf-250-2\/"]}]},{"@type":"ImageObject","inLanguage":"nb-NO","@id":"https:\/\/specialcontainer.dk\/nb\/produkt\/jibflex-jf-250-2\/#primaryimage","url":"https:\/\/specialcontainer.dk\/wp-content\/uploads\/2021\/10\/9030_01_A_2-meter-16-1024x768-2.jpg","contentUrl":"https:\/\/specialcontainer.dk\/wp-content\/uploads\/2021\/10\/9030_01_A_2-meter-16-1024x768-2.jpg","width":1024,"height":768},{"@type":"BreadcrumbList","@id":"https:\/\/specialcontainer.dk\/nb\/produkt\/jibflex-jf-250-2\/#breadcrumb","itemListElement":[{"@type":"ListItem","position":1,"name":"Hjem","item":"https:\/\/specialcontainer.dk\/nb\/"},{"@type":"ListItem","position":2,"name":"Shop","item":"https:\/\/specialcontainer.dk\/nb\/shop\/"},{"@type":"ListItem","position":3,"name":"JibFlex startpakke for 2 meter"}]},{"@type":"WebSite","@id":"https:\/\/specialcontainer.dk\/#website","url":"https:\/\/specialcontainer.dk\/","name":"SpecialContainer.dk","description":"","publisher":{"@id":"https:\/\/specialcontainer.dk\/#organization"},"potentialAction":[{"@type":"SearchAction","target":{"@type":"EntryPoint","urlTemplate":"https:\/\/specialcontainer.dk\/?s={search_term_string}"},"query-input":{"@type":"PropertyValueSpecification","valueRequired":true,"valueName":"search_term_string"}}],"inLanguage":"nb-NO"},{"@type":"Organization","@id":"https:\/\/specialcontainer.dk\/#organization","name":"Specialcontainer","url":"https:\/\/specialcontainer.dk\/","logo":{"@type":"ImageObject","inLanguage":"nb-NO","@id":"https:\/\/specialcontainer.dk\/#\/schema\/logo\/image\/","url":"https:\/\/specialcontainer.dk\/wp-content\/uploads\/2019\/10\/logo-2019-307-x-72-jpg.jpg","contentUrl":"https:\/\/specialcontainer.dk\/wp-content\/uploads\/2019\/10\/logo-2019-307-x-72-jpg.jpg","width":307,"height":72,"caption":"Specialcontainer"},"image":{"@id":"https:\/\/specialcontainer.dk\/#\/schema\/logo\/image\/"}}]}},"_links":{"self":[{"href":"https:\/\/specialcontainer.dk\/nb\/wp-json\/wp\/v2\/product\/96551","targetHints":{"allow":["GET"]}}],"collection":[{"href":"https:\/\/specialcontainer.dk\/nb\/wp-json\/wp\/v2\/product"}],"about":[{"href":"https:\/\/specialcontainer.dk\/nb\/wp-json\/wp\/v2\/types\/product"}],"wp:featuredmedia":[{"embeddable":true,"href":"https:\/\/specialcontainer.dk\/nb\/wp-json\/wp\/v2\/media\/96557"}],"wp:attachment":[{"href":"https:\/\/specialcontainer.dk\/nb\/wp-json\/wp\/v2\/media?parent=96551"}],"wp:term":[{"taxonomy":"product_brand","embeddable":true,"href":"https:\/\/specialcontainer.dk\/nb\/wp-json\/wp\/v2\/product_brand?post=96551"},{"taxonomy":"product_cat","embeddable":true,"href":"https:\/\/specialcontainer.dk\/nb\/wp-json\/wp\/v2\/product_cat?post=96551"},{"taxonomy":"product_tag","embeddable":true,"href":"https:\/\/specialcontainer.dk\/nb\/wp-json\/wp\/v2\/product_tag?post=96551"}],"curies":[{"name":"wp","href":"https:\/\/api.w.org\/{rel}","templated":true}]}}