{"id":91439,"date":"2026-04-07T08:45:19","date_gmt":"2026-04-07T06:45:19","guid":{"rendered":"https:\/\/specialcontainer.dk\/\/produkt\/20-isoleret-med-ventilation-til-at-toerre-arbejdstoej-som-ny-2\/"},"modified":"2026-04-07T08:45:19","modified_gmt":"2026-04-07T06:45:19","slug":"20-isoleret-med-ventilation-til-at-toerre-arbejdstoej-som-ny-aarhus","status":"publish","type":"product","link":"https:\/\/specialcontainer.dk\/nb\/produkt\/20-isoleret-med-ventilation-til-at-toerre-arbejdstoej-som-ny-aarhus\/","title":{"rendered":"20&#8242; isolert med ventilasjon for \u00e5 t\u00f8rke arbeidst\u00f8y &#8211; som nytt (Aarhus)"},"content":{"rendered":"<p data-end=\"273\" data-start=\"0\">Container med fullt funksjonelt ventilasjonssystem for t&oslash;rking av arbeidst&oslash;y og lignende p&aring; stedet. Containeren har v&aelig;rt i bruk til et offshore vindm&oslash;lleprosjekt i fjor. F&oslash;r levering vil systemet bli grundig testet. Leie kan ogs&aring; tilbys med en minimumsperiode p&aring; 3 m&aring;neder.<\/p>\n<p data-end=\"353\" data-is-last-node=\"\" data-is-only-node=\"\" data-start=\"275\">Tilgjengelig direkte fra lager i Aarhus &ndash; gratis visuell inspeksjon inkluder<\/p>\n","protected":false},"excerpt":{"rendered":"<ul>\n<li data-end=\"811\" data-start=\"718\">\n<p data-end=\"811\" data-start=\"720\">Container med fullt funksjonell ventilasjon for t&oslash;rking av arbeidst&oslash;y og lignende p&aring; stedet<\/p>\n<\/li>\n<li data-end=\"898\" data-start=\"812\">\n<p data-end=\"898\" data-start=\"814\">Brukt i et offshore vindm&oslash;lleprosjekt i fjor, systemet vil bli testet f&oslash;r utsendelse<\/p>\n<\/li>\n<li data-end=\"1016\" data-is-last-node=\"\" data-start=\"899\">\n<p data-end=\"1016\" data-is-last-node=\"\" data-start=\"901\">Tilgjengelig direkte fra lager i Aarhus, gratis visuell inspeksjon inkludert, leie kan tilbys med minimum 3 m&aring;neder<\/p>\n<\/li>\n<\/ul>\n","protected":false},"featured_media":95858,"template":"","meta":[],"product_brand":[],"product_cat":[6430],"product_tag":[],"class_list":{"0":"post-91439","1":"product","2":"type-product","3":"status-publish","4":"has-post-thumbnail","6":"product_cat-brukte-og-renoverte-containere","7":"pa_additions-ekstra","8":"pa_additions-ekstra-nb","9":"pa_bruttovaegt-n-fwsl-a","10":"pa_doeraabning_maal-n-fwsl-a","11":"pa_egenvaegt-n-fwsl-a","12":"pa_farve-blaa-ral-5010","13":"pa_height-standard-stoerrelse","14":"pa_height-standard-stoerrelse-nb","15":"pa_indre_kapacitet-n-fwsl-a","16":"pa_indvendige_maal-n-fwsl-a","17":"pa_maks__last-n-fwsl-a","18":"pa_shp_slug-20-isoleret-med-ventilation-til-at-toerre-arbejdstoej-som-ny-aarhus","19":"pa_stand-lidt-fwsl-let-brukt","20":"pa_udvendige_maal-l-6058-mm-x-b-2438-mm-x-h-2591-mm","21":"pa_usr_size-20-fot","22":"description-off","24":"first","25":"instock","26":"taxable","27":"shipping-taxable","28":"purchasable","29":"product-type-simple"},"yoast_head":"<!-- This site is optimized with the Yoast SEO plugin v26.0 - https:\/\/yoast.com\/wordpress\/plugins\/seo\/ -->\n<title>20&#039; isolert med ventilasjon for \u00e5 t\u00f8rke arbeidst\u00f8y - som nytt (Aarhus) - SpecialContainer.dk<\/title>\n<meta name=\"description\" content=\"Container med fullt fungerende ventilasjon for t\u00f8rking av arbeidst\u00f8y on-site. Brukt i offshore vindprosjekt i fjor; system testet f\u00f8r levering. Leie mulig fra minimum 3 m\u00e5neder. Tilgjengelig p\u00e5 lager i Aarhus med gratis visuell inspeksjon.\" \/>\n<meta name=\"robots\" content=\"index, follow, max-snippet:-1, max-image-preview:large, max-video-preview:-1\" \/>\n<link rel=\"canonical\" href=\"https:\/\/specialcontainer.dk\/produkt\/20-isoleret-med-ventilation-til-at-toerre-arbejdstoej-som-ny-aarhus\/\" \/>\n<meta property=\"og:locale\" content=\"nb_NO\" \/>\n<meta property=\"og:type\" content=\"article\" \/>\n<meta property=\"og:title\" content=\"20&#039; isolert med ventilasjon for \u00e5 t\u00f8rke arbeidst\u00f8y - som nytt (Aarhus) - SpecialContainer.dk\" \/>\n<meta property=\"og:description\" content=\"Container med fullt fungerende ventilasjon for t\u00f8rking av arbeidst\u00f8y on-site. Brukt i offshore vindprosjekt i fjor; system testet f\u00f8r levering. Leie mulig fra minimum 3 m\u00e5neder. Tilgjengelig p\u00e5 lager i Aarhus med gratis visuell inspeksjon.\" \/>\n<meta property=\"og:url\" content=\"https:\/\/specialcontainer.dk\/produkt\/20-isoleret-med-ventilation-til-at-toerre-arbejdstoej-som-ny-aarhus\/\" \/>\n<meta property=\"og:site_name\" content=\"SpecialContainer.dk\" \/>\n<meta property=\"og:image\" content=\"https:\/\/specialcontainer.dk\/wp-content\/uploads\/2021\/09\/1106_01_A_RES20101-01.jpg\" \/>\n\t<meta property=\"og:image:width\" content=\"1024\" \/>\n\t<meta property=\"og:image:height\" content=\"768\" \/>\n\t<meta property=\"og:image:type\" content=\"image\/jpeg\" \/>\n<meta name=\"twitter:card\" content=\"summary_large_image\" \/>\n<script type=\"application\/ld+json\" class=\"yoast-schema-graph\">{\"@context\":\"https:\/\/schema.org\",\"@graph\":[{\"@type\":\"WebPage\",\"@id\":\"https:\/\/specialcontainer.dk\/produkt\/20-isoleret-med-ventilation-til-at-toerre-arbejdstoej-som-ny-aarhus\/\",\"url\":\"https:\/\/specialcontainer.dk\/produkt\/20-isoleret-med-ventilation-til-at-toerre-arbejdstoej-som-ny-aarhus\/\",\"name\":\"20' isolert med ventilasjon for \u00e5 t\u00f8rke arbeidst\u00f8y - som nytt (Aarhus) - SpecialContainer.dk\",\"isPartOf\":{\"@id\":\"https:\/\/specialcontainer.dk\/#website\"},\"primaryImageOfPage\":{\"@id\":\"https:\/\/specialcontainer.dk\/produkt\/20-isoleret-med-ventilation-til-at-toerre-arbejdstoej-som-ny-aarhus\/#primaryimage\"},\"image\":{\"@id\":\"https:\/\/specialcontainer.dk\/produkt\/20-isoleret-med-ventilation-til-at-toerre-arbejdstoej-som-ny-aarhus\/#primaryimage\"},\"thumbnailUrl\":\"https:\/\/specialcontainer.dk\/wp-content\/uploads\/2021\/09\/1106_01_A_RES20101-01.jpg\",\"datePublished\":\"2026-04-07T06:45:19+00:00\",\"description\":\"Container med fullt fungerende ventilasjon for t\u00f8rking av arbeidst\u00f8y on-site. Brukt i offshore vindprosjekt i fjor; system testet f\u00f8r levering. Leie mulig fra minimum 3 m\u00e5neder. Tilgjengelig p\u00e5 lager i Aarhus med gratis visuell inspeksjon.\",\"breadcrumb\":{\"@id\":\"https:\/\/specialcontainer.dk\/produkt\/20-isoleret-med-ventilation-til-at-toerre-arbejdstoej-som-ny-aarhus\/#breadcrumb\"},\"inLanguage\":\"nb-NO\",\"potentialAction\":[{\"@type\":\"ReadAction\",\"target\":[\"https:\/\/specialcontainer.dk\/produkt\/20-isoleret-med-ventilation-til-at-toerre-arbejdstoej-som-ny-aarhus\/\"]}]},{\"@type\":\"ImageObject\",\"inLanguage\":\"nb-NO\",\"@id\":\"https:\/\/specialcontainer.dk\/produkt\/20-isoleret-med-ventilation-til-at-toerre-arbejdstoej-som-ny-aarhus\/#primaryimage\",\"url\":\"https:\/\/specialcontainer.dk\/wp-content\/uploads\/2021\/09\/1106_01_A_RES20101-01.jpg\",\"contentUrl\":\"https:\/\/specialcontainer.dk\/wp-content\/uploads\/2021\/09\/1106_01_A_RES20101-01.jpg\",\"width\":1024,\"height\":768},{\"@type\":\"BreadcrumbList\",\"@id\":\"https:\/\/specialcontainer.dk\/produkt\/20-isoleret-med-ventilation-til-at-toerre-arbejdstoej-som-ny-aarhus\/#breadcrumb\",\"itemListElement\":[{\"@type\":\"ListItem\",\"position\":1,\"name\":\"Hjem\",\"item\":\"https:\/\/specialcontainer.dk\/nb\/\"},{\"@type\":\"ListItem\",\"position\":2,\"name\":\"Shop\",\"item\":\"https:\/\/specialcontainer.dk\/nb\/shop\/\"},{\"@type\":\"ListItem\",\"position\":3,\"name\":\"20&#8242; isolert med ventilasjon for \u00e5 t\u00f8rke arbeidst\u00f8y &#8211; som nytt (Aarhus)\"}]},{\"@type\":\"WebSite\",\"@id\":\"https:\/\/specialcontainer.dk\/#website\",\"url\":\"https:\/\/specialcontainer.dk\/\",\"name\":\"SpecialContainer.dk\",\"description\":\"\",\"publisher\":{\"@id\":\"https:\/\/specialcontainer.dk\/#organization\"},\"potentialAction\":[{\"@type\":\"SearchAction\",\"target\":{\"@type\":\"EntryPoint\",\"urlTemplate\":\"https:\/\/specialcontainer.dk\/?s={search_term_string}\"},\"query-input\":{\"@type\":\"PropertyValueSpecification\",\"valueRequired\":true,\"valueName\":\"search_term_string\"}}],\"inLanguage\":\"nb-NO\"},{\"@type\":\"Organization\",\"@id\":\"https:\/\/specialcontainer.dk\/#organization\",\"name\":\"Specialcontainer\",\"url\":\"https:\/\/specialcontainer.dk\/\",\"logo\":{\"@type\":\"ImageObject\",\"inLanguage\":\"nb-NO\",\"@id\":\"https:\/\/specialcontainer.dk\/#\/schema\/logo\/image\/\",\"url\":\"https:\/\/specialcontainer.dk\/wp-content\/uploads\/2019\/10\/logo-2019-307-x-72-jpg.jpg\",\"contentUrl\":\"https:\/\/specialcontainer.dk\/wp-content\/uploads\/2019\/10\/logo-2019-307-x-72-jpg.jpg\",\"width\":307,\"height\":72,\"caption\":\"Specialcontainer\"},\"image\":{\"@id\":\"https:\/\/specialcontainer.dk\/#\/schema\/logo\/image\/\"}}]}<\/script>\n<!-- \/ Yoast SEO plugin. -->","yoast_head_json":{"title":"20' isolert med ventilasjon for \u00e5 t\u00f8rke arbeidst\u00f8y - som nytt (Aarhus) - SpecialContainer.dk","description":"Container med fullt fungerende ventilasjon for t\u00f8rking av arbeidst\u00f8y on-site. Brukt i offshore vindprosjekt i fjor; system testet f\u00f8r levering. Leie mulig fra minimum 3 m\u00e5neder. Tilgjengelig p\u00e5 lager i Aarhus med gratis visuell inspeksjon.","robots":{"index":"index","follow":"follow","max-snippet":"max-snippet:-1","max-image-preview":"max-image-preview:large","max-video-preview":"max-video-preview:-1"},"canonical":"https:\/\/specialcontainer.dk\/produkt\/20-isoleret-med-ventilation-til-at-toerre-arbejdstoej-som-ny-aarhus\/","og_locale":"nb_NO","og_type":"article","og_title":"20' isolert med ventilasjon for \u00e5 t\u00f8rke arbeidst\u00f8y - som nytt (Aarhus) - SpecialContainer.dk","og_description":"Container med fullt fungerende ventilasjon for t\u00f8rking av arbeidst\u00f8y on-site. Brukt i offshore vindprosjekt i fjor; system testet f\u00f8r levering. Leie mulig fra minimum 3 m\u00e5neder. Tilgjengelig p\u00e5 lager i Aarhus med gratis visuell inspeksjon.","og_url":"https:\/\/specialcontainer.dk\/produkt\/20-isoleret-med-ventilation-til-at-toerre-arbejdstoej-som-ny-aarhus\/","og_site_name":"SpecialContainer.dk","og_image":[{"width":1024,"height":768,"url":"https:\/\/specialcontainer.dk\/wp-content\/uploads\/2021\/09\/1106_01_A_RES20101-01.jpg","type":"image\/jpeg"}],"twitter_card":"summary_large_image","schema":{"@context":"https:\/\/schema.org","@graph":[{"@type":"WebPage","@id":"https:\/\/specialcontainer.dk\/produkt\/20-isoleret-med-ventilation-til-at-toerre-arbejdstoej-som-ny-aarhus\/","url":"https:\/\/specialcontainer.dk\/produkt\/20-isoleret-med-ventilation-til-at-toerre-arbejdstoej-som-ny-aarhus\/","name":"20' isolert med ventilasjon for \u00e5 t\u00f8rke arbeidst\u00f8y - som nytt (Aarhus) - SpecialContainer.dk","isPartOf":{"@id":"https:\/\/specialcontainer.dk\/#website"},"primaryImageOfPage":{"@id":"https:\/\/specialcontainer.dk\/produkt\/20-isoleret-med-ventilation-til-at-toerre-arbejdstoej-som-ny-aarhus\/#primaryimage"},"image":{"@id":"https:\/\/specialcontainer.dk\/produkt\/20-isoleret-med-ventilation-til-at-toerre-arbejdstoej-som-ny-aarhus\/#primaryimage"},"thumbnailUrl":"https:\/\/specialcontainer.dk\/wp-content\/uploads\/2021\/09\/1106_01_A_RES20101-01.jpg","datePublished":"2026-04-07T06:45:19+00:00","description":"Container med fullt fungerende ventilasjon for t\u00f8rking av arbeidst\u00f8y on-site. Brukt i offshore vindprosjekt i fjor; system testet f\u00f8r levering. Leie mulig fra minimum 3 m\u00e5neder. Tilgjengelig p\u00e5 lager i Aarhus med gratis visuell inspeksjon.","breadcrumb":{"@id":"https:\/\/specialcontainer.dk\/produkt\/20-isoleret-med-ventilation-til-at-toerre-arbejdstoej-som-ny-aarhus\/#breadcrumb"},"inLanguage":"nb-NO","potentialAction":[{"@type":"ReadAction","target":["https:\/\/specialcontainer.dk\/produkt\/20-isoleret-med-ventilation-til-at-toerre-arbejdstoej-som-ny-aarhus\/"]}]},{"@type":"ImageObject","inLanguage":"nb-NO","@id":"https:\/\/specialcontainer.dk\/produkt\/20-isoleret-med-ventilation-til-at-toerre-arbejdstoej-som-ny-aarhus\/#primaryimage","url":"https:\/\/specialcontainer.dk\/wp-content\/uploads\/2021\/09\/1106_01_A_RES20101-01.jpg","contentUrl":"https:\/\/specialcontainer.dk\/wp-content\/uploads\/2021\/09\/1106_01_A_RES20101-01.jpg","width":1024,"height":768},{"@type":"BreadcrumbList","@id":"https:\/\/specialcontainer.dk\/produkt\/20-isoleret-med-ventilation-til-at-toerre-arbejdstoej-som-ny-aarhus\/#breadcrumb","itemListElement":[{"@type":"ListItem","position":1,"name":"Hjem","item":"https:\/\/specialcontainer.dk\/nb\/"},{"@type":"ListItem","position":2,"name":"Shop","item":"https:\/\/specialcontainer.dk\/nb\/shop\/"},{"@type":"ListItem","position":3,"name":"20&#8242; isolert med ventilasjon for \u00e5 t\u00f8rke arbeidst\u00f8y &#8211; som nytt (Aarhus)"}]},{"@type":"WebSite","@id":"https:\/\/specialcontainer.dk\/#website","url":"https:\/\/specialcontainer.dk\/","name":"SpecialContainer.dk","description":"","publisher":{"@id":"https:\/\/specialcontainer.dk\/#organization"},"potentialAction":[{"@type":"SearchAction","target":{"@type":"EntryPoint","urlTemplate":"https:\/\/specialcontainer.dk\/?s={search_term_string}"},"query-input":{"@type":"PropertyValueSpecification","valueRequired":true,"valueName":"search_term_string"}}],"inLanguage":"nb-NO"},{"@type":"Organization","@id":"https:\/\/specialcontainer.dk\/#organization","name":"Specialcontainer","url":"https:\/\/specialcontainer.dk\/","logo":{"@type":"ImageObject","inLanguage":"nb-NO","@id":"https:\/\/specialcontainer.dk\/#\/schema\/logo\/image\/","url":"https:\/\/specialcontainer.dk\/wp-content\/uploads\/2019\/10\/logo-2019-307-x-72-jpg.jpg","contentUrl":"https:\/\/specialcontainer.dk\/wp-content\/uploads\/2019\/10\/logo-2019-307-x-72-jpg.jpg","width":307,"height":72,"caption":"Specialcontainer"},"image":{"@id":"https:\/\/specialcontainer.dk\/#\/schema\/logo\/image\/"}}]}},"_links":{"self":[{"href":"https:\/\/specialcontainer.dk\/nb\/wp-json\/wp\/v2\/product\/91439","targetHints":{"allow":["GET"]}}],"collection":[{"href":"https:\/\/specialcontainer.dk\/nb\/wp-json\/wp\/v2\/product"}],"about":[{"href":"https:\/\/specialcontainer.dk\/nb\/wp-json\/wp\/v2\/types\/product"}],"wp:featuredmedia":[{"embeddable":true,"href":"https:\/\/specialcontainer.dk\/nb\/wp-json\/wp\/v2\/media\/95858"}],"wp:attachment":[{"href":"https:\/\/specialcontainer.dk\/nb\/wp-json\/wp\/v2\/media?parent=91439"}],"wp:term":[{"taxonomy":"product_brand","embeddable":true,"href":"https:\/\/specialcontainer.dk\/nb\/wp-json\/wp\/v2\/product_brand?post=91439"},{"taxonomy":"product_cat","embeddable":true,"href":"https:\/\/specialcontainer.dk\/nb\/wp-json\/wp\/v2\/product_cat?post=91439"},{"taxonomy":"product_tag","embeddable":true,"href":"https:\/\/specialcontainer.dk\/nb\/wp-json\/wp\/v2\/product_tag?post=91439"}],"curies":[{"name":"wp","href":"https:\/\/api.w.org\/{rel}","templated":true}]}}