{"id":91408,"date":"2026-04-29T08:03:45","date_gmt":"2026-04-29T06:03:45","guid":{"rendered":"https:\/\/specialcontainer.dk\/\/produkt\/surrings-ringe-for-kjoelte-containere\/"},"modified":"2026-04-29T08:03:46","modified_gmt":"2026-04-29T06:03:46","slug":"surrings-ringe-til-koelecontainere","status":"publish","type":"product","link":"https:\/\/specialcontainer.dk\/nb\/produkt\/surrings-ringe-til-koelecontainere\/","title":{"rendered":"Surrings ringe for kj\u00f8lte containere"},"content":{"rendered":"<p>Surringene s&oslash;rger for at lasten din ikke beveger seg og forblir inne i containeren under transport. De er enkle &aring; skyve inn i og feste til gulvskinnene i containeren.<\/p>\n","protected":false},"excerpt":{"rendered":"<ul>\n<li>S&oslash;rg for at lasten forblir under frakt<\/li>\n<li>Enkel &aring; skyve inn i, samt feste til gulvskinnene<\/li>\n<\/ul>\n","protected":false},"featured_media":102482,"template":"","meta":[],"product_brand":[],"product_cat":[3498],"product_tag":[],"class_list":{"0":"post-91408","1":"product","2":"type-product","3":"status-publish","4":"has-post-thumbnail","6":"product_cat-twistlock-nb","7":"pa_bruttovaegt-0-cma-4-kg","8":"pa_finish-elektro-galvaniseret","9":"pa_materiale-staal","10":"pa_model_nr_-rh-02","11":"pa_shp_slug-surrings-ringe-til-koelecontainere","12":"pa_tension-swl-10-kn-bl-20-kn-pl-15-kn","13":"pa_udvendige_maal-l-700-mm-b-700-mm-h-680-mm","14":"pa_varenr__-twi25235","15":"description-off","17":"first","18":"instock","19":"taxable","20":"shipping-taxable","21":"purchasable","22":"product-type-simple"},"yoast_head":"<!-- This site is optimized with the Yoast SEO plugin v26.0 - https:\/\/yoast.com\/wordpress\/plugins\/seo\/ -->\n<title>Surrings ringe for kj\u00f8lte containere - SpecialContainer.dk<\/title>\n<meta name=\"description\" content=\"Festeringer holder lasten trygt p\u00e5 plass under transport. Enkle \u00e5 feste i gulvskinner \u2013 en praktisk og effektiv fraktl\u00f8sning.\" \/>\n<meta name=\"robots\" content=\"index, follow, max-snippet:-1, max-image-preview:large, max-video-preview:-1\" \/>\n<link rel=\"canonical\" href=\"https:\/\/specialcontainer.dk\/produkt\/surrings-ringe-til-koelecontainere\/\" \/>\n<meta property=\"og:locale\" content=\"nb_NO\" \/>\n<meta property=\"og:type\" content=\"article\" \/>\n<meta property=\"og:title\" content=\"Surrings ringe for kj\u00f8lte containere - SpecialContainer.dk\" \/>\n<meta property=\"og:description\" content=\"Festeringer holder lasten trygt p\u00e5 plass under transport. Enkle \u00e5 feste i gulvskinner \u2013 en praktisk og effektiv fraktl\u00f8sning.\" \/>\n<meta property=\"og:url\" content=\"https:\/\/specialcontainer.dk\/produkt\/surrings-ringe-til-koelecontainere\/\" \/>\n<meta property=\"og:site_name\" content=\"SpecialContainer.dk\" \/>\n<meta property=\"article:modified_time\" content=\"2026-04-29T06:03:46+00:00\" \/>\n<meta property=\"og:image\" content=\"https:\/\/specialcontainer.dk\/wp-content\/uploads\/2024\/11\/5038_01_A_TWI25235-SurringsRinge.jpg\" \/>\n\t<meta property=\"og:image:width\" content=\"1024\" \/>\n\t<meta property=\"og:image:height\" content=\"768\" \/>\n\t<meta property=\"og:image:type\" content=\"image\/jpeg\" \/>\n<meta name=\"twitter:card\" content=\"summary_large_image\" \/>\n<script type=\"application\/ld+json\" class=\"yoast-schema-graph\">{\"@context\":\"https:\/\/schema.org\",\"@graph\":[{\"@type\":\"WebPage\",\"@id\":\"https:\/\/specialcontainer.dk\/produkt\/surrings-ringe-til-koelecontainere\/\",\"url\":\"https:\/\/specialcontainer.dk\/produkt\/surrings-ringe-til-koelecontainere\/\",\"name\":\"Surrings ringe for kj\u00f8lte containere - SpecialContainer.dk\",\"isPartOf\":{\"@id\":\"https:\/\/specialcontainer.dk\/#website\"},\"primaryImageOfPage\":{\"@id\":\"https:\/\/specialcontainer.dk\/produkt\/surrings-ringe-til-koelecontainere\/#primaryimage\"},\"image\":{\"@id\":\"https:\/\/specialcontainer.dk\/produkt\/surrings-ringe-til-koelecontainere\/#primaryimage\"},\"thumbnailUrl\":\"https:\/\/specialcontainer.dk\/wp-content\/uploads\/2024\/11\/5038_01_A_TWI25235-SurringsRinge.jpg\",\"datePublished\":\"2026-04-29T06:03:45+00:00\",\"dateModified\":\"2026-04-29T06:03:46+00:00\",\"description\":\"Festeringer holder lasten trygt p\u00e5 plass under transport. Enkle \u00e5 feste i gulvskinner \u2013 en praktisk og effektiv fraktl\u00f8sning.\",\"breadcrumb\":{\"@id\":\"https:\/\/specialcontainer.dk\/produkt\/surrings-ringe-til-koelecontainere\/#breadcrumb\"},\"inLanguage\":\"nb-NO\",\"potentialAction\":[{\"@type\":\"ReadAction\",\"target\":[\"https:\/\/specialcontainer.dk\/produkt\/surrings-ringe-til-koelecontainere\/\"]}]},{\"@type\":\"ImageObject\",\"inLanguage\":\"nb-NO\",\"@id\":\"https:\/\/specialcontainer.dk\/produkt\/surrings-ringe-til-koelecontainere\/#primaryimage\",\"url\":\"https:\/\/specialcontainer.dk\/wp-content\/uploads\/2024\/11\/5038_01_A_TWI25235-SurringsRinge.jpg\",\"contentUrl\":\"https:\/\/specialcontainer.dk\/wp-content\/uploads\/2024\/11\/5038_01_A_TWI25235-SurringsRinge.jpg\",\"width\":1024,\"height\":768},{\"@type\":\"BreadcrumbList\",\"@id\":\"https:\/\/specialcontainer.dk\/produkt\/surrings-ringe-til-koelecontainere\/#breadcrumb\",\"itemListElement\":[{\"@type\":\"ListItem\",\"position\":1,\"name\":\"Hjem\",\"item\":\"https:\/\/specialcontainer.dk\/nb\/\"},{\"@type\":\"ListItem\",\"position\":2,\"name\":\"Shop\",\"item\":\"https:\/\/specialcontainer.dk\/nb\/shop\/\"},{\"@type\":\"ListItem\",\"position\":3,\"name\":\"Surrings ringe for kj\u00f8lte containere\"}]},{\"@type\":\"WebSite\",\"@id\":\"https:\/\/specialcontainer.dk\/#website\",\"url\":\"https:\/\/specialcontainer.dk\/\",\"name\":\"SpecialContainer.dk\",\"description\":\"\",\"publisher\":{\"@id\":\"https:\/\/specialcontainer.dk\/#organization\"},\"potentialAction\":[{\"@type\":\"SearchAction\",\"target\":{\"@type\":\"EntryPoint\",\"urlTemplate\":\"https:\/\/specialcontainer.dk\/?s={search_term_string}\"},\"query-input\":{\"@type\":\"PropertyValueSpecification\",\"valueRequired\":true,\"valueName\":\"search_term_string\"}}],\"inLanguage\":\"nb-NO\"},{\"@type\":\"Organization\",\"@id\":\"https:\/\/specialcontainer.dk\/#organization\",\"name\":\"Specialcontainer\",\"url\":\"https:\/\/specialcontainer.dk\/\",\"logo\":{\"@type\":\"ImageObject\",\"inLanguage\":\"nb-NO\",\"@id\":\"https:\/\/specialcontainer.dk\/#\/schema\/logo\/image\/\",\"url\":\"https:\/\/specialcontainer.dk\/wp-content\/uploads\/2019\/10\/logo-2019-307-x-72-jpg.jpg\",\"contentUrl\":\"https:\/\/specialcontainer.dk\/wp-content\/uploads\/2019\/10\/logo-2019-307-x-72-jpg.jpg\",\"width\":307,\"height\":72,\"caption\":\"Specialcontainer\"},\"image\":{\"@id\":\"https:\/\/specialcontainer.dk\/#\/schema\/logo\/image\/\"}}]}<\/script>\n<!-- \/ Yoast SEO plugin. -->","yoast_head_json":{"title":"Surrings ringe for kj\u00f8lte containere - SpecialContainer.dk","description":"Festeringer holder lasten trygt p\u00e5 plass under transport. Enkle \u00e5 feste i gulvskinner \u2013 en praktisk og effektiv fraktl\u00f8sning.","robots":{"index":"index","follow":"follow","max-snippet":"max-snippet:-1","max-image-preview":"max-image-preview:large","max-video-preview":"max-video-preview:-1"},"canonical":"https:\/\/specialcontainer.dk\/produkt\/surrings-ringe-til-koelecontainere\/","og_locale":"nb_NO","og_type":"article","og_title":"Surrings ringe for kj\u00f8lte containere - SpecialContainer.dk","og_description":"Festeringer holder lasten trygt p\u00e5 plass under transport. Enkle \u00e5 feste i gulvskinner \u2013 en praktisk og effektiv fraktl\u00f8sning.","og_url":"https:\/\/specialcontainer.dk\/produkt\/surrings-ringe-til-koelecontainere\/","og_site_name":"SpecialContainer.dk","article_modified_time":"2026-04-29T06:03:46+00:00","og_image":[{"width":1024,"height":768,"url":"https:\/\/specialcontainer.dk\/wp-content\/uploads\/2024\/11\/5038_01_A_TWI25235-SurringsRinge.jpg","type":"image\/jpeg"}],"twitter_card":"summary_large_image","schema":{"@context":"https:\/\/schema.org","@graph":[{"@type":"WebPage","@id":"https:\/\/specialcontainer.dk\/produkt\/surrings-ringe-til-koelecontainere\/","url":"https:\/\/specialcontainer.dk\/produkt\/surrings-ringe-til-koelecontainere\/","name":"Surrings ringe for kj\u00f8lte containere - SpecialContainer.dk","isPartOf":{"@id":"https:\/\/specialcontainer.dk\/#website"},"primaryImageOfPage":{"@id":"https:\/\/specialcontainer.dk\/produkt\/surrings-ringe-til-koelecontainere\/#primaryimage"},"image":{"@id":"https:\/\/specialcontainer.dk\/produkt\/surrings-ringe-til-koelecontainere\/#primaryimage"},"thumbnailUrl":"https:\/\/specialcontainer.dk\/wp-content\/uploads\/2024\/11\/5038_01_A_TWI25235-SurringsRinge.jpg","datePublished":"2026-04-29T06:03:45+00:00","dateModified":"2026-04-29T06:03:46+00:00","description":"Festeringer holder lasten trygt p\u00e5 plass under transport. Enkle \u00e5 feste i gulvskinner \u2013 en praktisk og effektiv fraktl\u00f8sning.","breadcrumb":{"@id":"https:\/\/specialcontainer.dk\/produkt\/surrings-ringe-til-koelecontainere\/#breadcrumb"},"inLanguage":"nb-NO","potentialAction":[{"@type":"ReadAction","target":["https:\/\/specialcontainer.dk\/produkt\/surrings-ringe-til-koelecontainere\/"]}]},{"@type":"ImageObject","inLanguage":"nb-NO","@id":"https:\/\/specialcontainer.dk\/produkt\/surrings-ringe-til-koelecontainere\/#primaryimage","url":"https:\/\/specialcontainer.dk\/wp-content\/uploads\/2024\/11\/5038_01_A_TWI25235-SurringsRinge.jpg","contentUrl":"https:\/\/specialcontainer.dk\/wp-content\/uploads\/2024\/11\/5038_01_A_TWI25235-SurringsRinge.jpg","width":1024,"height":768},{"@type":"BreadcrumbList","@id":"https:\/\/specialcontainer.dk\/produkt\/surrings-ringe-til-koelecontainere\/#breadcrumb","itemListElement":[{"@type":"ListItem","position":1,"name":"Hjem","item":"https:\/\/specialcontainer.dk\/nb\/"},{"@type":"ListItem","position":2,"name":"Shop","item":"https:\/\/specialcontainer.dk\/nb\/shop\/"},{"@type":"ListItem","position":3,"name":"Surrings ringe for kj\u00f8lte containere"}]},{"@type":"WebSite","@id":"https:\/\/specialcontainer.dk\/#website","url":"https:\/\/specialcontainer.dk\/","name":"SpecialContainer.dk","description":"","publisher":{"@id":"https:\/\/specialcontainer.dk\/#organization"},"potentialAction":[{"@type":"SearchAction","target":{"@type":"EntryPoint","urlTemplate":"https:\/\/specialcontainer.dk\/?s={search_term_string}"},"query-input":{"@type":"PropertyValueSpecification","valueRequired":true,"valueName":"search_term_string"}}],"inLanguage":"nb-NO"},{"@type":"Organization","@id":"https:\/\/specialcontainer.dk\/#organization","name":"Specialcontainer","url":"https:\/\/specialcontainer.dk\/","logo":{"@type":"ImageObject","inLanguage":"nb-NO","@id":"https:\/\/specialcontainer.dk\/#\/schema\/logo\/image\/","url":"https:\/\/specialcontainer.dk\/wp-content\/uploads\/2019\/10\/logo-2019-307-x-72-jpg.jpg","contentUrl":"https:\/\/specialcontainer.dk\/wp-content\/uploads\/2019\/10\/logo-2019-307-x-72-jpg.jpg","width":307,"height":72,"caption":"Specialcontainer"},"image":{"@id":"https:\/\/specialcontainer.dk\/#\/schema\/logo\/image\/"}}]}},"_links":{"self":[{"href":"https:\/\/specialcontainer.dk\/nb\/wp-json\/wp\/v2\/product\/91408","targetHints":{"allow":["GET"]}}],"collection":[{"href":"https:\/\/specialcontainer.dk\/nb\/wp-json\/wp\/v2\/product"}],"about":[{"href":"https:\/\/specialcontainer.dk\/nb\/wp-json\/wp\/v2\/types\/product"}],"wp:featuredmedia":[{"embeddable":true,"href":"https:\/\/specialcontainer.dk\/nb\/wp-json\/wp\/v2\/media\/102482"}],"wp:attachment":[{"href":"https:\/\/specialcontainer.dk\/nb\/wp-json\/wp\/v2\/media?parent=91408"}],"wp:term":[{"taxonomy":"product_brand","embeddable":true,"href":"https:\/\/specialcontainer.dk\/nb\/wp-json\/wp\/v2\/product_brand?post=91408"},{"taxonomy":"product_cat","embeddable":true,"href":"https:\/\/specialcontainer.dk\/nb\/wp-json\/wp\/v2\/product_cat?post=91408"},{"taxonomy":"product_tag","embeddable":true,"href":"https:\/\/specialcontainer.dk\/nb\/wp-json\/wp\/v2\/product_tag?post=91408"}],"curies":[{"name":"wp","href":"https:\/\/api.w.org\/{rel}","templated":true}]}}