{"id":91395,"date":"2025-11-19T12:33:05","date_gmt":"2025-11-19T11:33:05","guid":{"rendered":"https:\/\/specialcontainer.dk\/\/produkt\/hjoernekloss-rustfritt-staal-bunn-hoeyre\/"},"modified":"2025-11-19T12:33:05","modified_gmt":"2025-11-19T11:33:05","slug":"hjoerneklods-i-rustfrit-staal-bund-hoejre","status":"publish","type":"product","link":"https:\/\/specialcontainer.dk\/nb\/produkt\/hjoerneklods-i-rustfrit-staal-bund-hoejre\/","title":{"rendered":"Hj\u00f8rnekloss, rustfritt st\u00e5l, bunn h\u00f8yre"},"content":{"rendered":"<p>Hj&oslash;rneklosser er deler som er &aring; finne p&aring; nesten alle ISO CSC type containere beholdere innenfor shipping og ofte ogs&aring; p&aring; offshore DNV 2.7-1 containere. Denne hj&oslash;rnekloss av rustfritt st&aring;l er en spesiell type hvor der er fors&oslash;kt &aring; tilpasse produktet s&aring; mye som det rustfrie st&aring;let tillater. Materialet er rustfritt st&aring;l 304. Hj&oslash;rneklosser leveres med EN 10204 3.1 sertifikat. Et komplett set for 1 container best&aring;r av 4 x 2 stk., totalt 8 stk. 2 stk. Top h&oslash;yre (TR), 2 stk. Top venstre (TL), 2 stk. Bunn h&oslash;yre (BR), 2 stk. Bunn venstre (BL). Innvendig i hver hj&oslash;rnekloss er der markert om det er TR, TL, BR eller BL for at man kan se hvilken konkret hj&oslash;rnekloss at der er tale om.<\/p>\n<p>Produktet ligger klart op vores leverand&oslash;rs lager. Leveringstid er vanligvis 7-14 dager.<\/p>\n<p>&nbsp;<\/p>\n","protected":false},"excerpt":{"rendered":"<ul>\n<li>Hj&oslash;rneklods i rustfrit st&aring;l, bund h&oslash;jre (BR)<\/li>\n<li>Bruges p&aring; n&aelig;sten alle ISO CSC type containere og andre containerkonstruktioner<\/li>\n<li>Materialet er rustfrit st&aring;l 304 og hj&oslash;rneklodsen leveres med EN 10204 3.1 certifikat<\/li>\n<\/ul>\n","protected":false},"featured_media":95300,"template":"","meta":[],"product_brand":[],"product_cat":[3512],"product_tag":[],"class_list":{"0":"post-91395","1":"product","2":"type-product","3":"status-publish","4":"has-post-thumbnail","6":"product_cat-hjoerneklosser-i-rustfritt-staal","7":"pa_egenvaegt-10-kg","8":"pa_godkendelse-part-of-iso-1161","9":"pa_model_nr_-br-bottom-right","10":"pa_shp_slug-hjoerneklods-cma-i-rustfrit-staal-cma-bund-hoejre","11":"pa_varenr__-4997","12":"description-off","14":"first","15":"instock","16":"taxable","17":"shipping-taxable","18":"purchasable","19":"product-type-simple"},"yoast_head":"<!-- This site is optimized with the Yoast SEO plugin v26.0 - https:\/\/yoast.com\/wordpress\/plugins\/seo\/ -->\n<title>Hj\u00f8rnekloss, rustfritt st\u00e5l, bunn h\u00f8yre - SpecialContainer.dk<\/title>\n<meta name=\"description\" content=\"Hj\u00f8rnekloss i rustfritt st\u00e5l, h\u00f8yre bunn (BR), for ISO CSC- og DNV 2.7-1-containere. EN 10204 3.1-sertifikat. Lager i Esbjerg. Leveringstid 7\u201314 dager.\" \/>\n<meta name=\"robots\" content=\"index, follow, max-snippet:-1, max-image-preview:large, max-video-preview:-1\" \/>\n<link rel=\"canonical\" href=\"https:\/\/specialcontainer.dk\/produkt\/hjoerneklods-i-rustfrit-staal-bund-hoejre\/\" \/>\n<meta property=\"og:locale\" content=\"nb_NO\" \/>\n<meta property=\"og:type\" content=\"article\" \/>\n<meta property=\"og:title\" content=\"Hj\u00f8rnekloss, rustfritt st\u00e5l, bunn h\u00f8yre - SpecialContainer.dk\" \/>\n<meta property=\"og:description\" content=\"Hj\u00f8rnekloss i rustfritt st\u00e5l, h\u00f8yre bunn (BR), for ISO CSC- og DNV 2.7-1-containere. EN 10204 3.1-sertifikat. Lager i Esbjerg. Leveringstid 7\u201314 dager.\" \/>\n<meta property=\"og:url\" content=\"https:\/\/specialcontainer.dk\/produkt\/hjoerneklods-i-rustfrit-staal-bund-hoejre\/\" \/>\n<meta property=\"og:site_name\" content=\"SpecialContainer.dk\" \/>\n<meta property=\"og:image\" content=\"https:\/\/specialcontainer.dk\/wp-content\/uploads\/2021\/09\/5065_01_A_Primaert-billede-ogsaa-til-kategori-siden-SS-corner-casting-br-1_burned-1.jpg\" \/>\n\t<meta property=\"og:image:width\" content=\"1024\" \/>\n\t<meta property=\"og:image:height\" content=\"768\" \/>\n\t<meta property=\"og:image:type\" content=\"image\/jpeg\" \/>\n<meta name=\"twitter:card\" content=\"summary_large_image\" \/>\n<meta name=\"twitter:label1\" content=\"Ansl. lesetid\" \/>\n\t<meta name=\"twitter:data1\" content=\"1 minutt\" \/>\n<script type=\"application\/ld+json\" class=\"yoast-schema-graph\">{\"@context\":\"https:\/\/schema.org\",\"@graph\":[{\"@type\":\"WebPage\",\"@id\":\"https:\/\/specialcontainer.dk\/produkt\/hjoerneklods-i-rustfrit-staal-bund-hoejre\/\",\"url\":\"https:\/\/specialcontainer.dk\/produkt\/hjoerneklods-i-rustfrit-staal-bund-hoejre\/\",\"name\":\"Hj\u00f8rnekloss, rustfritt st\u00e5l, bunn h\u00f8yre - SpecialContainer.dk\",\"isPartOf\":{\"@id\":\"https:\/\/specialcontainer.dk\/#website\"},\"primaryImageOfPage\":{\"@id\":\"https:\/\/specialcontainer.dk\/produkt\/hjoerneklods-i-rustfrit-staal-bund-hoejre\/#primaryimage\"},\"image\":{\"@id\":\"https:\/\/specialcontainer.dk\/produkt\/hjoerneklods-i-rustfrit-staal-bund-hoejre\/#primaryimage\"},\"thumbnailUrl\":\"https:\/\/specialcontainer.dk\/wp-content\/uploads\/2021\/09\/5065_01_A_Primaert-billede-ogsaa-til-kategori-siden-SS-corner-casting-br-1_burned-1.jpg\",\"datePublished\":\"2025-11-19T11:33:05+00:00\",\"description\":\"Hj\u00f8rnekloss i rustfritt st\u00e5l, h\u00f8yre bunn (BR), for ISO CSC- og DNV 2.7-1-containere. EN 10204 3.1-sertifikat. Lager i Esbjerg. Leveringstid 7\u201314 dager.\",\"breadcrumb\":{\"@id\":\"https:\/\/specialcontainer.dk\/produkt\/hjoerneklods-i-rustfrit-staal-bund-hoejre\/#breadcrumb\"},\"inLanguage\":\"nb-NO\",\"potentialAction\":[{\"@type\":\"ReadAction\",\"target\":[\"https:\/\/specialcontainer.dk\/produkt\/hjoerneklods-i-rustfrit-staal-bund-hoejre\/\"]}]},{\"@type\":\"ImageObject\",\"inLanguage\":\"nb-NO\",\"@id\":\"https:\/\/specialcontainer.dk\/produkt\/hjoerneklods-i-rustfrit-staal-bund-hoejre\/#primaryimage\",\"url\":\"https:\/\/specialcontainer.dk\/wp-content\/uploads\/2021\/09\/5065_01_A_Primaert-billede-ogsaa-til-kategori-siden-SS-corner-casting-br-1_burned-1.jpg\",\"contentUrl\":\"https:\/\/specialcontainer.dk\/wp-content\/uploads\/2021\/09\/5065_01_A_Primaert-billede-ogsaa-til-kategori-siden-SS-corner-casting-br-1_burned-1.jpg\",\"width\":1024,\"height\":768},{\"@type\":\"BreadcrumbList\",\"@id\":\"https:\/\/specialcontainer.dk\/produkt\/hjoerneklods-i-rustfrit-staal-bund-hoejre\/#breadcrumb\",\"itemListElement\":[{\"@type\":\"ListItem\",\"position\":1,\"name\":\"Hjem\",\"item\":\"https:\/\/specialcontainer.dk\/nb\/\"},{\"@type\":\"ListItem\",\"position\":2,\"name\":\"Shop\",\"item\":\"https:\/\/specialcontainer.dk\/nb\/shop\/\"},{\"@type\":\"ListItem\",\"position\":3,\"name\":\"Hj\u00f8rnekloss, rustfritt st\u00e5l, bunn h\u00f8yre\"}]},{\"@type\":\"WebSite\",\"@id\":\"https:\/\/specialcontainer.dk\/#website\",\"url\":\"https:\/\/specialcontainer.dk\/\",\"name\":\"SpecialContainer.dk\",\"description\":\"\",\"publisher\":{\"@id\":\"https:\/\/specialcontainer.dk\/#organization\"},\"potentialAction\":[{\"@type\":\"SearchAction\",\"target\":{\"@type\":\"EntryPoint\",\"urlTemplate\":\"https:\/\/specialcontainer.dk\/?s={search_term_string}\"},\"query-input\":{\"@type\":\"PropertyValueSpecification\",\"valueRequired\":true,\"valueName\":\"search_term_string\"}}],\"inLanguage\":\"nb-NO\"},{\"@type\":\"Organization\",\"@id\":\"https:\/\/specialcontainer.dk\/#organization\",\"name\":\"Specialcontainer\",\"url\":\"https:\/\/specialcontainer.dk\/\",\"logo\":{\"@type\":\"ImageObject\",\"inLanguage\":\"nb-NO\",\"@id\":\"https:\/\/specialcontainer.dk\/#\/schema\/logo\/image\/\",\"url\":\"https:\/\/specialcontainer.dk\/wp-content\/uploads\/2019\/10\/logo-2019-307-x-72-jpg.jpg\",\"contentUrl\":\"https:\/\/specialcontainer.dk\/wp-content\/uploads\/2019\/10\/logo-2019-307-x-72-jpg.jpg\",\"width\":307,\"height\":72,\"caption\":\"Specialcontainer\"},\"image\":{\"@id\":\"https:\/\/specialcontainer.dk\/#\/schema\/logo\/image\/\"}}]}<\/script>\n<!-- \/ Yoast SEO plugin. -->","yoast_head_json":{"title":"Hj\u00f8rnekloss, rustfritt st\u00e5l, bunn h\u00f8yre - SpecialContainer.dk","description":"Hj\u00f8rnekloss i rustfritt st\u00e5l, h\u00f8yre bunn (BR), for ISO CSC- og DNV 2.7-1-containere. EN 10204 3.1-sertifikat. Lager i Esbjerg. Leveringstid 7\u201314 dager.","robots":{"index":"index","follow":"follow","max-snippet":"max-snippet:-1","max-image-preview":"max-image-preview:large","max-video-preview":"max-video-preview:-1"},"canonical":"https:\/\/specialcontainer.dk\/produkt\/hjoerneklods-i-rustfrit-staal-bund-hoejre\/","og_locale":"nb_NO","og_type":"article","og_title":"Hj\u00f8rnekloss, rustfritt st\u00e5l, bunn h\u00f8yre - SpecialContainer.dk","og_description":"Hj\u00f8rnekloss i rustfritt st\u00e5l, h\u00f8yre bunn (BR), for ISO CSC- og DNV 2.7-1-containere. EN 10204 3.1-sertifikat. Lager i Esbjerg. Leveringstid 7\u201314 dager.","og_url":"https:\/\/specialcontainer.dk\/produkt\/hjoerneklods-i-rustfrit-staal-bund-hoejre\/","og_site_name":"SpecialContainer.dk","og_image":[{"width":1024,"height":768,"url":"https:\/\/specialcontainer.dk\/wp-content\/uploads\/2021\/09\/5065_01_A_Primaert-billede-ogsaa-til-kategori-siden-SS-corner-casting-br-1_burned-1.jpg","type":"image\/jpeg"}],"twitter_card":"summary_large_image","twitter_misc":{"Ansl. lesetid":"1 minutt"},"schema":{"@context":"https:\/\/schema.org","@graph":[{"@type":"WebPage","@id":"https:\/\/specialcontainer.dk\/produkt\/hjoerneklods-i-rustfrit-staal-bund-hoejre\/","url":"https:\/\/specialcontainer.dk\/produkt\/hjoerneklods-i-rustfrit-staal-bund-hoejre\/","name":"Hj\u00f8rnekloss, rustfritt st\u00e5l, bunn h\u00f8yre - SpecialContainer.dk","isPartOf":{"@id":"https:\/\/specialcontainer.dk\/#website"},"primaryImageOfPage":{"@id":"https:\/\/specialcontainer.dk\/produkt\/hjoerneklods-i-rustfrit-staal-bund-hoejre\/#primaryimage"},"image":{"@id":"https:\/\/specialcontainer.dk\/produkt\/hjoerneklods-i-rustfrit-staal-bund-hoejre\/#primaryimage"},"thumbnailUrl":"https:\/\/specialcontainer.dk\/wp-content\/uploads\/2021\/09\/5065_01_A_Primaert-billede-ogsaa-til-kategori-siden-SS-corner-casting-br-1_burned-1.jpg","datePublished":"2025-11-19T11:33:05+00:00","description":"Hj\u00f8rnekloss i rustfritt st\u00e5l, h\u00f8yre bunn (BR), for ISO CSC- og DNV 2.7-1-containere. EN 10204 3.1-sertifikat. Lager i Esbjerg. Leveringstid 7\u201314 dager.","breadcrumb":{"@id":"https:\/\/specialcontainer.dk\/produkt\/hjoerneklods-i-rustfrit-staal-bund-hoejre\/#breadcrumb"},"inLanguage":"nb-NO","potentialAction":[{"@type":"ReadAction","target":["https:\/\/specialcontainer.dk\/produkt\/hjoerneklods-i-rustfrit-staal-bund-hoejre\/"]}]},{"@type":"ImageObject","inLanguage":"nb-NO","@id":"https:\/\/specialcontainer.dk\/produkt\/hjoerneklods-i-rustfrit-staal-bund-hoejre\/#primaryimage","url":"https:\/\/specialcontainer.dk\/wp-content\/uploads\/2021\/09\/5065_01_A_Primaert-billede-ogsaa-til-kategori-siden-SS-corner-casting-br-1_burned-1.jpg","contentUrl":"https:\/\/specialcontainer.dk\/wp-content\/uploads\/2021\/09\/5065_01_A_Primaert-billede-ogsaa-til-kategori-siden-SS-corner-casting-br-1_burned-1.jpg","width":1024,"height":768},{"@type":"BreadcrumbList","@id":"https:\/\/specialcontainer.dk\/produkt\/hjoerneklods-i-rustfrit-staal-bund-hoejre\/#breadcrumb","itemListElement":[{"@type":"ListItem","position":1,"name":"Hjem","item":"https:\/\/specialcontainer.dk\/nb\/"},{"@type":"ListItem","position":2,"name":"Shop","item":"https:\/\/specialcontainer.dk\/nb\/shop\/"},{"@type":"ListItem","position":3,"name":"Hj\u00f8rnekloss, rustfritt st\u00e5l, bunn h\u00f8yre"}]},{"@type":"WebSite","@id":"https:\/\/specialcontainer.dk\/#website","url":"https:\/\/specialcontainer.dk\/","name":"SpecialContainer.dk","description":"","publisher":{"@id":"https:\/\/specialcontainer.dk\/#organization"},"potentialAction":[{"@type":"SearchAction","target":{"@type":"EntryPoint","urlTemplate":"https:\/\/specialcontainer.dk\/?s={search_term_string}"},"query-input":{"@type":"PropertyValueSpecification","valueRequired":true,"valueName":"search_term_string"}}],"inLanguage":"nb-NO"},{"@type":"Organization","@id":"https:\/\/specialcontainer.dk\/#organization","name":"Specialcontainer","url":"https:\/\/specialcontainer.dk\/","logo":{"@type":"ImageObject","inLanguage":"nb-NO","@id":"https:\/\/specialcontainer.dk\/#\/schema\/logo\/image\/","url":"https:\/\/specialcontainer.dk\/wp-content\/uploads\/2019\/10\/logo-2019-307-x-72-jpg.jpg","contentUrl":"https:\/\/specialcontainer.dk\/wp-content\/uploads\/2019\/10\/logo-2019-307-x-72-jpg.jpg","width":307,"height":72,"caption":"Specialcontainer"},"image":{"@id":"https:\/\/specialcontainer.dk\/#\/schema\/logo\/image\/"}}]}},"_links":{"self":[{"href":"https:\/\/specialcontainer.dk\/nb\/wp-json\/wp\/v2\/product\/91395","targetHints":{"allow":["GET"]}}],"collection":[{"href":"https:\/\/specialcontainer.dk\/nb\/wp-json\/wp\/v2\/product"}],"about":[{"href":"https:\/\/specialcontainer.dk\/nb\/wp-json\/wp\/v2\/types\/product"}],"wp:featuredmedia":[{"embeddable":true,"href":"https:\/\/specialcontainer.dk\/nb\/wp-json\/wp\/v2\/media\/95300"}],"wp:attachment":[{"href":"https:\/\/specialcontainer.dk\/nb\/wp-json\/wp\/v2\/media?parent=91395"}],"wp:term":[{"taxonomy":"product_brand","embeddable":true,"href":"https:\/\/specialcontainer.dk\/nb\/wp-json\/wp\/v2\/product_brand?post=91395"},{"taxonomy":"product_cat","embeddable":true,"href":"https:\/\/specialcontainer.dk\/nb\/wp-json\/wp\/v2\/product_cat?post=91395"},{"taxonomy":"product_tag","embeddable":true,"href":"https:\/\/specialcontainer.dk\/nb\/wp-json\/wp\/v2\/product_tag?post=91395"}],"curies":[{"name":"wp","href":"https:\/\/api.w.org\/{rel}","templated":true}]}}