{"id":91389,"date":"2025-07-10T11:54:43","date_gmt":"2025-07-10T09:54:43","guid":{"rendered":"https:\/\/specialcontainer.dk\/\/produkt\/hjoerneklosser-rustfritt-staal-fullsett-med-8-stk\/"},"modified":"2025-07-10T11:54:43","modified_gmt":"2025-07-10T09:54:43","slug":"hjoerneklodser-rustfrit-staal-fuldt-saet-med-8-stk","status":"publish","type":"product","link":"https:\/\/specialcontainer.dk\/nb\/produkt\/hjoerneklodser-rustfrit-staal-fuldt-saet-med-8-stk\/","title":{"rendered":"Hj\u00f8rneklosser, rustfritt st\u00e5l, fullsett med 8 stk"},"content":{"rendered":"<p>Hj&oslash;rneklosser er deler som kan finnes p&aring; nesten alle beholdere av ISO CSC -type innen forsendelse, s&aring; vel som p&aring; alle mulige varianter av containere og konstruksjoner. Dette settet er beregnet p&aring; en bunnkonstruksjon der 2 stykker skal brukes. h&oslash;yre bunn (BR) og 2 stk. venstre nedre (BL) hj&oslash;rneklosser. Inne i hver hj&oslash;rnekloss er det merket om det er BR eller BL slik at du kan se hvilken spesifikk hj&oslash;rnekloss det er. Materialet er i rustfritt st&aring;l 304. Hj&oslash;rneklosser leveres med EN 10204 3.1 -sertifikat.<\/p>\n<p>Varen er klar i ekstern lagring. Leveringstiden er vanligvis 7-14 dager.<\/p>\n<p>Prisen er basert p&aring; levering EXW lager i Esbjerg (Danmark).<br \/>Transportkostnader vil bli lagt til levering.<\/p>\n<p>(Prisen er 3.800 DKK per hj&oslash;rnekloss)<\/p>\n","protected":false},"excerpt":{"rendered":"<ul>\n<li>Fuldt s&aelig;t med 8 rustfri st&aring;l hj&oslash;rneklodser, inklusive 2 h&oslash;jre bund (BR) og 2 venstre bund (BL)<\/li>\n<li>Bruges p&aring; n&aelig;sten alle ISO CSC type containere og andre containerkonstruktioner<\/li>\n<li>Materialet er rustfrit st&aring;l 304, og hj&oslash;rneklodserne leveres med EN 10204 3.1 certifikat<\/li>\n<\/ul>\n","protected":false},"featured_media":96193,"template":"","meta":[],"product_brand":[],"product_cat":[3512],"product_tag":[],"class_list":{"0":"post-91389","1":"product","2":"type-product","3":"status-publish","4":"has-post-thumbnail","6":"product_cat-hjoerneklosser-i-rustfritt-staal","7":"pa_egenvaegt-10-kg","8":"pa_godkendelse-part-of-iso-1161","9":"pa_model_nr_-bl-bottom-left-cma-br-bottom-right-cma-tl-top-left-cma-tr-top-right","10":"pa_shp_slug-hjoerneklodser-cma-rustfrit-staal-cma-fuldt-saet-med-8-stk-pkt","11":"pa_varenr__-4995","12":"description-off","14":"first","15":"instock","16":"taxable","17":"shipping-taxable","18":"purchasable","19":"product-type-simple"},"yoast_head":"<!-- This site is optimized with the Yoast SEO plugin v26.0 - https:\/\/yoast.com\/wordpress\/plugins\/seo\/ -->\n<title>Hj\u00f8rneklosser, rustfritt st\u00e5l, fullsett med 8 stk - SpecialContainer.dk<\/title>\n<meta name=\"description\" content=\"Sett med 4 hj\u00f8rneklosser i rustfritt st\u00e5l 304 til bunnkonstruksjon. EN 10204 3.1-sertifikat. Lager i Esbjerg. Levering 7-14 dager. Pris 3.800 DKK per stk.\" \/>\n<meta name=\"robots\" content=\"index, follow, max-snippet:-1, max-image-preview:large, max-video-preview:-1\" \/>\n<link rel=\"canonical\" href=\"https:\/\/specialcontainer.dk\/nb\/produkt\/hjoerneklodser-rustfrit-staal-fuldt-saet-med-8-stk\/\" \/>\n<meta property=\"og:locale\" content=\"nb_NO\" \/>\n<meta property=\"og:type\" content=\"article\" \/>\n<meta property=\"og:title\" content=\"Hj\u00f8rneklosser, rustfritt st\u00e5l, fullsett med 8 stk - SpecialContainer.dk\" \/>\n<meta property=\"og:description\" content=\"Sett med 4 hj\u00f8rneklosser i rustfritt st\u00e5l 304 til bunnkonstruksjon. EN 10204 3.1-sertifikat. Lager i Esbjerg. Levering 7-14 dager. Pris 3.800 DKK per stk.\" \/>\n<meta property=\"og:url\" content=\"https:\/\/specialcontainer.dk\/nb\/produkt\/hjoerneklodser-rustfrit-staal-fuldt-saet-med-8-stk\/\" \/>\n<meta property=\"og:site_name\" content=\"SpecialContainer.dk\" \/>\n<meta property=\"og:image\" content=\"https:\/\/specialcontainer.dk\/wp-content\/uploads\/2021\/09\/5063_01_A_CBL25301-1-Primaert-billede-SS-corner-casting-set-of-4-pcs-9_burned.jpg\" \/>\n\t<meta property=\"og:image:width\" content=\"1024\" \/>\n\t<meta property=\"og:image:height\" content=\"768\" \/>\n\t<meta property=\"og:image:type\" content=\"image\/jpeg\" \/>\n<meta name=\"twitter:card\" content=\"summary_large_image\" \/>\n<meta name=\"twitter:label1\" content=\"Ansl. lesetid\" \/>\n\t<meta name=\"twitter:data1\" content=\"1 minutt\" \/>\n<script type=\"application\/ld+json\" class=\"yoast-schema-graph\">{\"@context\":\"https:\/\/schema.org\",\"@graph\":[{\"@type\":\"WebPage\",\"@id\":\"https:\/\/specialcontainer.dk\/nb\/produkt\/hjoerneklodser-rustfrit-staal-fuldt-saet-med-8-stk\/\",\"url\":\"https:\/\/specialcontainer.dk\/nb\/produkt\/hjoerneklodser-rustfrit-staal-fuldt-saet-med-8-stk\/\",\"name\":\"Hj\u00f8rneklosser, rustfritt st\u00e5l, fullsett med 8 stk - SpecialContainer.dk\",\"isPartOf\":{\"@id\":\"https:\/\/specialcontainer.dk\/#website\"},\"primaryImageOfPage\":{\"@id\":\"https:\/\/specialcontainer.dk\/nb\/produkt\/hjoerneklodser-rustfrit-staal-fuldt-saet-med-8-stk\/#primaryimage\"},\"image\":{\"@id\":\"https:\/\/specialcontainer.dk\/nb\/produkt\/hjoerneklodser-rustfrit-staal-fuldt-saet-med-8-stk\/#primaryimage\"},\"thumbnailUrl\":\"https:\/\/specialcontainer.dk\/wp-content\/uploads\/2021\/09\/5063_01_A_CBL25301-1-Primaert-billede-SS-corner-casting-set-of-4-pcs-9_burned.jpg\",\"datePublished\":\"2025-07-10T09:54:43+00:00\",\"description\":\"Sett med 4 hj\u00f8rneklosser i rustfritt st\u00e5l 304 til bunnkonstruksjon. EN 10204 3.1-sertifikat. Lager i Esbjerg. Levering 7-14 dager. Pris 3.800 DKK per stk.\",\"breadcrumb\":{\"@id\":\"https:\/\/specialcontainer.dk\/nb\/produkt\/hjoerneklodser-rustfrit-staal-fuldt-saet-med-8-stk\/#breadcrumb\"},\"inLanguage\":\"nb-NO\",\"potentialAction\":[{\"@type\":\"ReadAction\",\"target\":[\"https:\/\/specialcontainer.dk\/nb\/produkt\/hjoerneklodser-rustfrit-staal-fuldt-saet-med-8-stk\/\"]}]},{\"@type\":\"ImageObject\",\"inLanguage\":\"nb-NO\",\"@id\":\"https:\/\/specialcontainer.dk\/nb\/produkt\/hjoerneklodser-rustfrit-staal-fuldt-saet-med-8-stk\/#primaryimage\",\"url\":\"https:\/\/specialcontainer.dk\/wp-content\/uploads\/2021\/09\/5063_01_A_CBL25301-1-Primaert-billede-SS-corner-casting-set-of-4-pcs-9_burned.jpg\",\"contentUrl\":\"https:\/\/specialcontainer.dk\/wp-content\/uploads\/2021\/09\/5063_01_A_CBL25301-1-Primaert-billede-SS-corner-casting-set-of-4-pcs-9_burned.jpg\",\"width\":1024,\"height\":768},{\"@type\":\"BreadcrumbList\",\"@id\":\"https:\/\/specialcontainer.dk\/nb\/produkt\/hjoerneklodser-rustfrit-staal-fuldt-saet-med-8-stk\/#breadcrumb\",\"itemListElement\":[{\"@type\":\"ListItem\",\"position\":1,\"name\":\"Hjem\",\"item\":\"https:\/\/specialcontainer.dk\/nb\/\"},{\"@type\":\"ListItem\",\"position\":2,\"name\":\"Shop\",\"item\":\"https:\/\/specialcontainer.dk\/nb\/shop\/\"},{\"@type\":\"ListItem\",\"position\":3,\"name\":\"Hj\u00f8rneklosser, rustfritt st\u00e5l, fullsett med 8 stk\"}]},{\"@type\":\"WebSite\",\"@id\":\"https:\/\/specialcontainer.dk\/#website\",\"url\":\"https:\/\/specialcontainer.dk\/\",\"name\":\"SpecialContainer.dk\",\"description\":\"\",\"publisher\":{\"@id\":\"https:\/\/specialcontainer.dk\/#organization\"},\"potentialAction\":[{\"@type\":\"SearchAction\",\"target\":{\"@type\":\"EntryPoint\",\"urlTemplate\":\"https:\/\/specialcontainer.dk\/?s={search_term_string}\"},\"query-input\":{\"@type\":\"PropertyValueSpecification\",\"valueRequired\":true,\"valueName\":\"search_term_string\"}}],\"inLanguage\":\"nb-NO\"},{\"@type\":\"Organization\",\"@id\":\"https:\/\/specialcontainer.dk\/#organization\",\"name\":\"Specialcontainer\",\"url\":\"https:\/\/specialcontainer.dk\/\",\"logo\":{\"@type\":\"ImageObject\",\"inLanguage\":\"nb-NO\",\"@id\":\"https:\/\/specialcontainer.dk\/#\/schema\/logo\/image\/\",\"url\":\"https:\/\/specialcontainer.dk\/wp-content\/uploads\/2019\/10\/logo-2019-307-x-72-jpg.jpg\",\"contentUrl\":\"https:\/\/specialcontainer.dk\/wp-content\/uploads\/2019\/10\/logo-2019-307-x-72-jpg.jpg\",\"width\":307,\"height\":72,\"caption\":\"Specialcontainer\"},\"image\":{\"@id\":\"https:\/\/specialcontainer.dk\/#\/schema\/logo\/image\/\"}}]}<\/script>\n<!-- \/ Yoast SEO plugin. -->","yoast_head_json":{"title":"Hj\u00f8rneklosser, rustfritt st\u00e5l, fullsett med 8 stk - SpecialContainer.dk","description":"Sett med 4 hj\u00f8rneklosser i rustfritt st\u00e5l 304 til bunnkonstruksjon. EN 10204 3.1-sertifikat. Lager i Esbjerg. Levering 7-14 dager. Pris 3.800 DKK per stk.","robots":{"index":"index","follow":"follow","max-snippet":"max-snippet:-1","max-image-preview":"max-image-preview:large","max-video-preview":"max-video-preview:-1"},"canonical":"https:\/\/specialcontainer.dk\/nb\/produkt\/hjoerneklodser-rustfrit-staal-fuldt-saet-med-8-stk\/","og_locale":"nb_NO","og_type":"article","og_title":"Hj\u00f8rneklosser, rustfritt st\u00e5l, fullsett med 8 stk - SpecialContainer.dk","og_description":"Sett med 4 hj\u00f8rneklosser i rustfritt st\u00e5l 304 til bunnkonstruksjon. EN 10204 3.1-sertifikat. Lager i Esbjerg. Levering 7-14 dager. Pris 3.800 DKK per stk.","og_url":"https:\/\/specialcontainer.dk\/nb\/produkt\/hjoerneklodser-rustfrit-staal-fuldt-saet-med-8-stk\/","og_site_name":"SpecialContainer.dk","og_image":[{"width":1024,"height":768,"url":"https:\/\/specialcontainer.dk\/wp-content\/uploads\/2021\/09\/5063_01_A_CBL25301-1-Primaert-billede-SS-corner-casting-set-of-4-pcs-9_burned.jpg","type":"image\/jpeg"}],"twitter_card":"summary_large_image","twitter_misc":{"Ansl. lesetid":"1 minutt"},"schema":{"@context":"https:\/\/schema.org","@graph":[{"@type":"WebPage","@id":"https:\/\/specialcontainer.dk\/nb\/produkt\/hjoerneklodser-rustfrit-staal-fuldt-saet-med-8-stk\/","url":"https:\/\/specialcontainer.dk\/nb\/produkt\/hjoerneklodser-rustfrit-staal-fuldt-saet-med-8-stk\/","name":"Hj\u00f8rneklosser, rustfritt st\u00e5l, fullsett med 8 stk - SpecialContainer.dk","isPartOf":{"@id":"https:\/\/specialcontainer.dk\/#website"},"primaryImageOfPage":{"@id":"https:\/\/specialcontainer.dk\/nb\/produkt\/hjoerneklodser-rustfrit-staal-fuldt-saet-med-8-stk\/#primaryimage"},"image":{"@id":"https:\/\/specialcontainer.dk\/nb\/produkt\/hjoerneklodser-rustfrit-staal-fuldt-saet-med-8-stk\/#primaryimage"},"thumbnailUrl":"https:\/\/specialcontainer.dk\/wp-content\/uploads\/2021\/09\/5063_01_A_CBL25301-1-Primaert-billede-SS-corner-casting-set-of-4-pcs-9_burned.jpg","datePublished":"2025-07-10T09:54:43+00:00","description":"Sett med 4 hj\u00f8rneklosser i rustfritt st\u00e5l 304 til bunnkonstruksjon. EN 10204 3.1-sertifikat. Lager i Esbjerg. Levering 7-14 dager. Pris 3.800 DKK per stk.","breadcrumb":{"@id":"https:\/\/specialcontainer.dk\/nb\/produkt\/hjoerneklodser-rustfrit-staal-fuldt-saet-med-8-stk\/#breadcrumb"},"inLanguage":"nb-NO","potentialAction":[{"@type":"ReadAction","target":["https:\/\/specialcontainer.dk\/nb\/produkt\/hjoerneklodser-rustfrit-staal-fuldt-saet-med-8-stk\/"]}]},{"@type":"ImageObject","inLanguage":"nb-NO","@id":"https:\/\/specialcontainer.dk\/nb\/produkt\/hjoerneklodser-rustfrit-staal-fuldt-saet-med-8-stk\/#primaryimage","url":"https:\/\/specialcontainer.dk\/wp-content\/uploads\/2021\/09\/5063_01_A_CBL25301-1-Primaert-billede-SS-corner-casting-set-of-4-pcs-9_burned.jpg","contentUrl":"https:\/\/specialcontainer.dk\/wp-content\/uploads\/2021\/09\/5063_01_A_CBL25301-1-Primaert-billede-SS-corner-casting-set-of-4-pcs-9_burned.jpg","width":1024,"height":768},{"@type":"BreadcrumbList","@id":"https:\/\/specialcontainer.dk\/nb\/produkt\/hjoerneklodser-rustfrit-staal-fuldt-saet-med-8-stk\/#breadcrumb","itemListElement":[{"@type":"ListItem","position":1,"name":"Hjem","item":"https:\/\/specialcontainer.dk\/nb\/"},{"@type":"ListItem","position":2,"name":"Shop","item":"https:\/\/specialcontainer.dk\/nb\/shop\/"},{"@type":"ListItem","position":3,"name":"Hj\u00f8rneklosser, rustfritt st\u00e5l, fullsett med 8 stk"}]},{"@type":"WebSite","@id":"https:\/\/specialcontainer.dk\/#website","url":"https:\/\/specialcontainer.dk\/","name":"SpecialContainer.dk","description":"","publisher":{"@id":"https:\/\/specialcontainer.dk\/#organization"},"potentialAction":[{"@type":"SearchAction","target":{"@type":"EntryPoint","urlTemplate":"https:\/\/specialcontainer.dk\/?s={search_term_string}"},"query-input":{"@type":"PropertyValueSpecification","valueRequired":true,"valueName":"search_term_string"}}],"inLanguage":"nb-NO"},{"@type":"Organization","@id":"https:\/\/specialcontainer.dk\/#organization","name":"Specialcontainer","url":"https:\/\/specialcontainer.dk\/","logo":{"@type":"ImageObject","inLanguage":"nb-NO","@id":"https:\/\/specialcontainer.dk\/#\/schema\/logo\/image\/","url":"https:\/\/specialcontainer.dk\/wp-content\/uploads\/2019\/10\/logo-2019-307-x-72-jpg.jpg","contentUrl":"https:\/\/specialcontainer.dk\/wp-content\/uploads\/2019\/10\/logo-2019-307-x-72-jpg.jpg","width":307,"height":72,"caption":"Specialcontainer"},"image":{"@id":"https:\/\/specialcontainer.dk\/#\/schema\/logo\/image\/"}}]}},"_links":{"self":[{"href":"https:\/\/specialcontainer.dk\/nb\/wp-json\/wp\/v2\/product\/91389","targetHints":{"allow":["GET"]}}],"collection":[{"href":"https:\/\/specialcontainer.dk\/nb\/wp-json\/wp\/v2\/product"}],"about":[{"href":"https:\/\/specialcontainer.dk\/nb\/wp-json\/wp\/v2\/types\/product"}],"wp:featuredmedia":[{"embeddable":true,"href":"https:\/\/specialcontainer.dk\/nb\/wp-json\/wp\/v2\/media\/96193"}],"wp:attachment":[{"href":"https:\/\/specialcontainer.dk\/nb\/wp-json\/wp\/v2\/media?parent=91389"}],"wp:term":[{"taxonomy":"product_brand","embeddable":true,"href":"https:\/\/specialcontainer.dk\/nb\/wp-json\/wp\/v2\/product_brand?post=91389"},{"taxonomy":"product_cat","embeddable":true,"href":"https:\/\/specialcontainer.dk\/nb\/wp-json\/wp\/v2\/product_cat?post=91389"},{"taxonomy":"product_tag","embeddable":true,"href":"https:\/\/specialcontainer.dk\/nb\/wp-json\/wp\/v2\/product_tag?post=91389"}],"curies":[{"name":"wp","href":"https:\/\/api.w.org\/{rel}","templated":true}]}}