{"id":91358,"date":"2025-08-01T08:36:51","date_gmt":"2025-08-01T06:36:51","guid":{"rendered":"https:\/\/specialcontainer.dk\/\/produkt\/20-offshore-half-height-lett-brukt-2-stk\/"},"modified":"2025-08-01T08:36:51","modified_gmt":"2025-08-01T06:36:51","slug":"20-offshore-half-height-lidt-brugt","status":"publish","type":"product","link":"https:\/\/specialcontainer.dk\/nb\/produkt\/20-offshore-half-height-lidt-brugt\/","title":{"rendered":"20&#8242; offshore half height, lett brukt (2 stk.) (LEIET UT)"},"content":{"rendered":"<h1><\/h1>\n<h3><\/h3>\n<p>Leiepris: 85 DKK per dag ekskl. MVA (107 DKK inkl. MVA)<br \/>Dette er en lett brukt offshore container fra 2015, i god stand. Tilgang via d&oslash;r midt p&aring; langsiden.<br \/>Total lastekapasitet er opptil 10 tonn. Prisen er ekskl. sling.<\/p>\n<p>Begge leies ut p&aring; ubestemt tid.<\/p>\n<p>Tilgjengelig direkte fra lager i Esbjerg &ndash; gratis visuell inspeksjon inkludert.<\/p><\/p>\n","protected":false},"excerpt":{"rendered":"<ul>\n<li>Containeren er fra 2015<\/li>\n<li>I sv&aelig;rt god stand &ndash; bygget for &aring; t&aring;le vind og v&aelig;r<\/li>\n<li>Kan lastes med opptil 10 tonn<\/li>\n<li>Siste inspeksjon\/test: november 2019 (visuell og NDT)<\/li>\n<li>Prisen er ekskl. sling<\/li>\n<\/ul>\n","protected":false},"featured_media":104681,"template":"","meta":[],"product_brand":[],"product_cat":[3515],"product_tag":[],"class_list":{"0":"post-91358","1":"product","2":"type-product","3":"status-publish","4":"has-post-thumbnail","6":"product_cat-open-top-baskets-waste-skips-nb","7":"pa_afstand_-n-fwsl-a","8":"pa_bruttovaegt-12690-kg","9":"pa_doeraabning_maal-n-fwsl-a","10":"pa_egenvaegt-2690-kg","11":"pa_farve-blaa-ral-5010","12":"pa_indre_gulvareal-13-pkt-0-m","13":"pa_indre_kapacitet-12-pkt-2-m","14":"pa_indvendige_maal-l-5862-mm-w-2214-mm-h-942-mm","15":"pa_klassifikation-lloyd-s-register","16":"pa_maks__last-10000-kg","17":"pa_maling_indve-lyseblaa","18":"pa_maling_udvendig-lyseblaa","19":"pa_produceret_i-september-2015","20":"pa_senest_inspek-november-2019-visuel-og-ndt","21":"pa_shp_slug-20-offshore-half-height-cma-lidt-brugt","22":"pa_udvendige_maal-l-6058-mm-w-2438-mm-h-1280-mm","23":"description-off","25":"first","26":"instock","27":"sale","28":"taxable","29":"shipping-taxable","30":"purchasable","31":"product-type-simple"},"yoast_head":"<!-- This site is optimized with the Yoast SEO plugin v26.0 - https:\/\/yoast.com\/wordpress\/plugins\/seo\/ -->\n<title>20&#039; offshore half height, lett brukt (2 stk.) (LEIET UT) - SpecialContainer.dk<\/title>\n<meta name=\"description\" content=\"Brukt offshore container fra 2015 i god stand. Side\u00e5pning og lastekapasitet p\u00e5 opptil 10 tonn. Har v\u00e6rt brukt i offshore vind. Direkte fra lager i Esbjerg \u2013 gratis visuell inspeksjon.\" \/>\n<meta name=\"robots\" content=\"index, follow, max-snippet:-1, max-image-preview:large, max-video-preview:-1\" \/>\n<link rel=\"canonical\" href=\"https:\/\/specialcontainer.dk\/produkt\/20-offshore-half-height-lidt-brugt\/\" \/>\n<meta property=\"og:locale\" content=\"nb_NO\" \/>\n<meta property=\"og:type\" content=\"article\" \/>\n<meta property=\"og:title\" content=\"20&#039; offshore half height, lett brukt (2 stk.) (LEIET UT) - SpecialContainer.dk\" \/>\n<meta property=\"og:description\" content=\"Brukt offshore container fra 2015 i god stand. Side\u00e5pning og lastekapasitet p\u00e5 opptil 10 tonn. Har v\u00e6rt brukt i offshore vind. Direkte fra lager i Esbjerg \u2013 gratis visuell inspeksjon.\" \/>\n<meta property=\"og:url\" content=\"https:\/\/specialcontainer.dk\/produkt\/20-offshore-half-height-lidt-brugt\/\" \/>\n<meta property=\"og:site_name\" content=\"SpecialContainer.dk\" \/>\n<meta property=\"og:image\" content=\"https:\/\/specialcontainer.dk\/wp-content\/uploads\/2025\/05\/MSOU225005-0_01_A-Offshore-20-fods-HH.jpg\" \/>\n\t<meta property=\"og:image:width\" content=\"1024\" \/>\n\t<meta property=\"og:image:height\" content=\"768\" \/>\n\t<meta property=\"og:image:type\" content=\"image\/jpeg\" \/>\n<meta name=\"twitter:card\" content=\"summary_large_image\" \/>\n<script type=\"application\/ld+json\" class=\"yoast-schema-graph\">{\"@context\":\"https:\/\/schema.org\",\"@graph\":[{\"@type\":\"WebPage\",\"@id\":\"https:\/\/specialcontainer.dk\/produkt\/20-offshore-half-height-lidt-brugt\/\",\"url\":\"https:\/\/specialcontainer.dk\/produkt\/20-offshore-half-height-lidt-brugt\/\",\"name\":\"20' offshore half height, lett brukt (2 stk.) (LEIET UT) - SpecialContainer.dk\",\"isPartOf\":{\"@id\":\"https:\/\/specialcontainer.dk\/#website\"},\"primaryImageOfPage\":{\"@id\":\"https:\/\/specialcontainer.dk\/produkt\/20-offshore-half-height-lidt-brugt\/#primaryimage\"},\"image\":{\"@id\":\"https:\/\/specialcontainer.dk\/produkt\/20-offshore-half-height-lidt-brugt\/#primaryimage\"},\"thumbnailUrl\":\"https:\/\/specialcontainer.dk\/wp-content\/uploads\/2025\/05\/MSOU225005-0_01_A-Offshore-20-fods-HH.jpg\",\"datePublished\":\"2025-08-01T06:36:51+00:00\",\"description\":\"Brukt offshore container fra 2015 i god stand. Side\u00e5pning og lastekapasitet p\u00e5 opptil 10 tonn. Har v\u00e6rt brukt i offshore vind. Direkte fra lager i Esbjerg \u2013 gratis visuell inspeksjon.\",\"breadcrumb\":{\"@id\":\"https:\/\/specialcontainer.dk\/produkt\/20-offshore-half-height-lidt-brugt\/#breadcrumb\"},\"inLanguage\":\"nb-NO\",\"potentialAction\":[{\"@type\":\"ReadAction\",\"target\":[\"https:\/\/specialcontainer.dk\/produkt\/20-offshore-half-height-lidt-brugt\/\"]}]},{\"@type\":\"ImageObject\",\"inLanguage\":\"nb-NO\",\"@id\":\"https:\/\/specialcontainer.dk\/produkt\/20-offshore-half-height-lidt-brugt\/#primaryimage\",\"url\":\"https:\/\/specialcontainer.dk\/wp-content\/uploads\/2025\/05\/MSOU225005-0_01_A-Offshore-20-fods-HH.jpg\",\"contentUrl\":\"https:\/\/specialcontainer.dk\/wp-content\/uploads\/2025\/05\/MSOU225005-0_01_A-Offshore-20-fods-HH.jpg\",\"width\":1024,\"height\":768},{\"@type\":\"BreadcrumbList\",\"@id\":\"https:\/\/specialcontainer.dk\/produkt\/20-offshore-half-height-lidt-brugt\/#breadcrumb\",\"itemListElement\":[{\"@type\":\"ListItem\",\"position\":1,\"name\":\"Hjem\",\"item\":\"https:\/\/specialcontainer.dk\/nb\/\"},{\"@type\":\"ListItem\",\"position\":2,\"name\":\"Shop\",\"item\":\"https:\/\/specialcontainer.dk\/nb\/shop\/\"},{\"@type\":\"ListItem\",\"position\":3,\"name\":\"20&#8242; offshore half height, lett brukt (2 stk.) (LEIET UT)\"}]},{\"@type\":\"WebSite\",\"@id\":\"https:\/\/specialcontainer.dk\/#website\",\"url\":\"https:\/\/specialcontainer.dk\/\",\"name\":\"SpecialContainer.dk\",\"description\":\"\",\"publisher\":{\"@id\":\"https:\/\/specialcontainer.dk\/#organization\"},\"potentialAction\":[{\"@type\":\"SearchAction\",\"target\":{\"@type\":\"EntryPoint\",\"urlTemplate\":\"https:\/\/specialcontainer.dk\/?s={search_term_string}\"},\"query-input\":{\"@type\":\"PropertyValueSpecification\",\"valueRequired\":true,\"valueName\":\"search_term_string\"}}],\"inLanguage\":\"nb-NO\"},{\"@type\":\"Organization\",\"@id\":\"https:\/\/specialcontainer.dk\/#organization\",\"name\":\"Specialcontainer\",\"url\":\"https:\/\/specialcontainer.dk\/\",\"logo\":{\"@type\":\"ImageObject\",\"inLanguage\":\"nb-NO\",\"@id\":\"https:\/\/specialcontainer.dk\/#\/schema\/logo\/image\/\",\"url\":\"https:\/\/specialcontainer.dk\/wp-content\/uploads\/2019\/10\/logo-2019-307-x-72-jpg.jpg\",\"contentUrl\":\"https:\/\/specialcontainer.dk\/wp-content\/uploads\/2019\/10\/logo-2019-307-x-72-jpg.jpg\",\"width\":307,\"height\":72,\"caption\":\"Specialcontainer\"},\"image\":{\"@id\":\"https:\/\/specialcontainer.dk\/#\/schema\/logo\/image\/\"}}]}<\/script>\n<!-- \/ Yoast SEO plugin. -->","yoast_head_json":{"title":"20' offshore half height, lett brukt (2 stk.) (LEIET UT) - SpecialContainer.dk","description":"Brukt offshore container fra 2015 i god stand. Side\u00e5pning og lastekapasitet p\u00e5 opptil 10 tonn. Har v\u00e6rt brukt i offshore vind. Direkte fra lager i Esbjerg \u2013 gratis visuell inspeksjon.","robots":{"index":"index","follow":"follow","max-snippet":"max-snippet:-1","max-image-preview":"max-image-preview:large","max-video-preview":"max-video-preview:-1"},"canonical":"https:\/\/specialcontainer.dk\/produkt\/20-offshore-half-height-lidt-brugt\/","og_locale":"nb_NO","og_type":"article","og_title":"20' offshore half height, lett brukt (2 stk.) (LEIET UT) - SpecialContainer.dk","og_description":"Brukt offshore container fra 2015 i god stand. Side\u00e5pning og lastekapasitet p\u00e5 opptil 10 tonn. Har v\u00e6rt brukt i offshore vind. Direkte fra lager i Esbjerg \u2013 gratis visuell inspeksjon.","og_url":"https:\/\/specialcontainer.dk\/produkt\/20-offshore-half-height-lidt-brugt\/","og_site_name":"SpecialContainer.dk","og_image":[{"width":1024,"height":768,"url":"https:\/\/specialcontainer.dk\/wp-content\/uploads\/2025\/05\/MSOU225005-0_01_A-Offshore-20-fods-HH.jpg","type":"image\/jpeg"}],"twitter_card":"summary_large_image","schema":{"@context":"https:\/\/schema.org","@graph":[{"@type":"WebPage","@id":"https:\/\/specialcontainer.dk\/produkt\/20-offshore-half-height-lidt-brugt\/","url":"https:\/\/specialcontainer.dk\/produkt\/20-offshore-half-height-lidt-brugt\/","name":"20' offshore half height, lett brukt (2 stk.) (LEIET UT) - SpecialContainer.dk","isPartOf":{"@id":"https:\/\/specialcontainer.dk\/#website"},"primaryImageOfPage":{"@id":"https:\/\/specialcontainer.dk\/produkt\/20-offshore-half-height-lidt-brugt\/#primaryimage"},"image":{"@id":"https:\/\/specialcontainer.dk\/produkt\/20-offshore-half-height-lidt-brugt\/#primaryimage"},"thumbnailUrl":"https:\/\/specialcontainer.dk\/wp-content\/uploads\/2025\/05\/MSOU225005-0_01_A-Offshore-20-fods-HH.jpg","datePublished":"2025-08-01T06:36:51+00:00","description":"Brukt offshore container fra 2015 i god stand. Side\u00e5pning og lastekapasitet p\u00e5 opptil 10 tonn. Har v\u00e6rt brukt i offshore vind. Direkte fra lager i Esbjerg \u2013 gratis visuell inspeksjon.","breadcrumb":{"@id":"https:\/\/specialcontainer.dk\/produkt\/20-offshore-half-height-lidt-brugt\/#breadcrumb"},"inLanguage":"nb-NO","potentialAction":[{"@type":"ReadAction","target":["https:\/\/specialcontainer.dk\/produkt\/20-offshore-half-height-lidt-brugt\/"]}]},{"@type":"ImageObject","inLanguage":"nb-NO","@id":"https:\/\/specialcontainer.dk\/produkt\/20-offshore-half-height-lidt-brugt\/#primaryimage","url":"https:\/\/specialcontainer.dk\/wp-content\/uploads\/2025\/05\/MSOU225005-0_01_A-Offshore-20-fods-HH.jpg","contentUrl":"https:\/\/specialcontainer.dk\/wp-content\/uploads\/2025\/05\/MSOU225005-0_01_A-Offshore-20-fods-HH.jpg","width":1024,"height":768},{"@type":"BreadcrumbList","@id":"https:\/\/specialcontainer.dk\/produkt\/20-offshore-half-height-lidt-brugt\/#breadcrumb","itemListElement":[{"@type":"ListItem","position":1,"name":"Hjem","item":"https:\/\/specialcontainer.dk\/nb\/"},{"@type":"ListItem","position":2,"name":"Shop","item":"https:\/\/specialcontainer.dk\/nb\/shop\/"},{"@type":"ListItem","position":3,"name":"20&#8242; offshore half height, lett brukt (2 stk.) (LEIET UT)"}]},{"@type":"WebSite","@id":"https:\/\/specialcontainer.dk\/#website","url":"https:\/\/specialcontainer.dk\/","name":"SpecialContainer.dk","description":"","publisher":{"@id":"https:\/\/specialcontainer.dk\/#organization"},"potentialAction":[{"@type":"SearchAction","target":{"@type":"EntryPoint","urlTemplate":"https:\/\/specialcontainer.dk\/?s={search_term_string}"},"query-input":{"@type":"PropertyValueSpecification","valueRequired":true,"valueName":"search_term_string"}}],"inLanguage":"nb-NO"},{"@type":"Organization","@id":"https:\/\/specialcontainer.dk\/#organization","name":"Specialcontainer","url":"https:\/\/specialcontainer.dk\/","logo":{"@type":"ImageObject","inLanguage":"nb-NO","@id":"https:\/\/specialcontainer.dk\/#\/schema\/logo\/image\/","url":"https:\/\/specialcontainer.dk\/wp-content\/uploads\/2019\/10\/logo-2019-307-x-72-jpg.jpg","contentUrl":"https:\/\/specialcontainer.dk\/wp-content\/uploads\/2019\/10\/logo-2019-307-x-72-jpg.jpg","width":307,"height":72,"caption":"Specialcontainer"},"image":{"@id":"https:\/\/specialcontainer.dk\/#\/schema\/logo\/image\/"}}]}},"_links":{"self":[{"href":"https:\/\/specialcontainer.dk\/nb\/wp-json\/wp\/v2\/product\/91358","targetHints":{"allow":["GET"]}}],"collection":[{"href":"https:\/\/specialcontainer.dk\/nb\/wp-json\/wp\/v2\/product"}],"about":[{"href":"https:\/\/specialcontainer.dk\/nb\/wp-json\/wp\/v2\/types\/product"}],"wp:featuredmedia":[{"embeddable":true,"href":"https:\/\/specialcontainer.dk\/nb\/wp-json\/wp\/v2\/media\/104681"}],"wp:attachment":[{"href":"https:\/\/specialcontainer.dk\/nb\/wp-json\/wp\/v2\/media?parent=91358"}],"wp:term":[{"taxonomy":"product_brand","embeddable":true,"href":"https:\/\/specialcontainer.dk\/nb\/wp-json\/wp\/v2\/product_brand?post=91358"},{"taxonomy":"product_cat","embeddable":true,"href":"https:\/\/specialcontainer.dk\/nb\/wp-json\/wp\/v2\/product_cat?post=91358"},{"taxonomy":"product_tag","embeddable":true,"href":"https:\/\/specialcontainer.dk\/nb\/wp-json\/wp\/v2\/product_tag?post=91358"}],"curies":[{"name":"wp","href":"https:\/\/api.w.org\/{rel}","templated":true}]}}