{"id":91313,"date":"2026-04-10T11:31:01","date_gmt":"2026-04-10T09:31:01","guid":{"rendered":"https:\/\/specialcontainer.dk\/\/produkt\/hjoerneklosser-bund-sett-med-4-stk\/"},"modified":"2026-04-10T11:31:01","modified_gmt":"2026-04-10T09:31:01","slug":"hjoerneklodser-bund-saet-a-4-stk","status":"publish","type":"product","link":"https:\/\/specialcontainer.dk\/nb\/produkt\/hjoerneklodser-bund-saet-a-4-stk\/","title":{"rendered":"Hj\u00f8rneklosser, bund, sett med 4 stk."},"content":{"rendered":"<p>Hj&oslash;rnekloss er deler som finnes p&aring; nesten alle ISO CSC-containere innen forsendelse, samt p&aring; alle mulige varianter av containere og konstruksjoner. Dette settet er for en bunnkonstruksjon der to stykker skal brukes. h&oslash;yre bunn (BR) og 2 stk. venstre hj&oslash;rne blokkerer (BL). Inne i hver hj&oslash;rnekloss er det merket om det er BR eller BL slik at du kan se hvilken spesifikk hj&oslash;rneblokk det er. P&aring; lager i Esbjerg.<\/p>\n","protected":false},"excerpt":{"rendered":"<ul>\n<li>S&aelig;ttet inkluderer 2 h&oslash;jre bund (BR) og 2 venstre bund (BL) hj&oslash;rneklodser<\/li>\n<li>Bruges til bundkonstruktion af containere<\/li>\n<li>Hver hj&oslash;rneklods er markeret for nem identifikation<\/li>\n<\/ul>\n","protected":false},"featured_media":93852,"template":"","meta":[],"product_brand":[],"product_cat":[3500],"product_tag":[],"class_list":{"0":"post-91313","1":"product","2":"type-product","3":"status-publish","4":"has-post-thumbnail","6":"product_cat-hjoerneklosser-standard-iso","7":"pa_bruttovaegt-10-cma-8-kg","8":"pa_godkendelse-iso-1161","9":"pa_klassifikation-bureau-veritas","10":"pa_model_nr_-bl-bottom-left-cma-br-bottom-right","11":"pa_shp_slug-hjoerneklodser-bund-cma-saet-a-4-stk-pkt","12":"pa_varenr__-4979","13":"description-off","15":"first","16":"instock","17":"taxable","18":"shipping-taxable","19":"purchasable","20":"product-type-simple"},"yoast_head":"<!-- This site is optimized with the Yoast SEO plugin v26.0 - https:\/\/yoast.com\/wordpress\/plugins\/seo\/ -->\n<title>Hj\u00f8rneklosser, bund, sett med 4 stk. - SpecialContainer.dk<\/title>\n<meta name=\"description\" content=\"Sett med 4 bunn hj\u00f8rneklosser til ISO CSC-containere: 2x BR og 2x BL, merket for enkel identifikasjon. P\u00e5 lager i Esbjerg, Danmark.\" \/>\n<meta name=\"robots\" content=\"index, follow, max-snippet:-1, max-image-preview:large, max-video-preview:-1\" \/>\n<link rel=\"canonical\" href=\"https:\/\/specialcontainer.dk\/produkt\/hjoerneklodser-bund-saet-a-4-stk\/\" \/>\n<meta property=\"og:locale\" content=\"nb_NO\" \/>\n<meta property=\"og:type\" content=\"article\" \/>\n<meta property=\"og:title\" content=\"Hj\u00f8rneklosser, bund, sett med 4 stk. - SpecialContainer.dk\" \/>\n<meta property=\"og:description\" content=\"Sett med 4 bunn hj\u00f8rneklosser til ISO CSC-containere: 2x BR og 2x BL, merket for enkel identifikasjon. P\u00e5 lager i Esbjerg, Danmark.\" \/>\n<meta property=\"og:url\" content=\"https:\/\/specialcontainer.dk\/produkt\/hjoerneklodser-bund-saet-a-4-stk\/\" \/>\n<meta property=\"og:site_name\" content=\"SpecialContainer.dk\" \/>\n<meta property=\"og:image\" content=\"https:\/\/specialcontainer.dk\/wp-content\/uploads\/2021\/09\/5070_01_A_CCI1010x-1-Corner-castings-cover-small.jpg\" \/>\n\t<meta property=\"og:image:width\" content=\"1024\" \/>\n\t<meta property=\"og:image:height\" content=\"768\" \/>\n\t<meta property=\"og:image:type\" content=\"image\/jpeg\" \/>\n<meta name=\"twitter:card\" content=\"summary_large_image\" \/>\n<script type=\"application\/ld+json\" class=\"yoast-schema-graph\">{\"@context\":\"https:\/\/schema.org\",\"@graph\":[{\"@type\":\"WebPage\",\"@id\":\"https:\/\/specialcontainer.dk\/produkt\/hjoerneklodser-bund-saet-a-4-stk\/\",\"url\":\"https:\/\/specialcontainer.dk\/produkt\/hjoerneklodser-bund-saet-a-4-stk\/\",\"name\":\"Hj\u00f8rneklosser, bund, sett med 4 stk. - SpecialContainer.dk\",\"isPartOf\":{\"@id\":\"https:\/\/specialcontainer.dk\/#website\"},\"primaryImageOfPage\":{\"@id\":\"https:\/\/specialcontainer.dk\/produkt\/hjoerneklodser-bund-saet-a-4-stk\/#primaryimage\"},\"image\":{\"@id\":\"https:\/\/specialcontainer.dk\/produkt\/hjoerneklodser-bund-saet-a-4-stk\/#primaryimage\"},\"thumbnailUrl\":\"https:\/\/specialcontainer.dk\/wp-content\/uploads\/2021\/09\/5070_01_A_CCI1010x-1-Corner-castings-cover-small.jpg\",\"datePublished\":\"2026-04-10T09:31:01+00:00\",\"description\":\"Sett med 4 bunn hj\u00f8rneklosser til ISO CSC-containere: 2x BR og 2x BL, merket for enkel identifikasjon. P\u00e5 lager i Esbjerg, Danmark.\",\"breadcrumb\":{\"@id\":\"https:\/\/specialcontainer.dk\/produkt\/hjoerneklodser-bund-saet-a-4-stk\/#breadcrumb\"},\"inLanguage\":\"nb-NO\",\"potentialAction\":[{\"@type\":\"ReadAction\",\"target\":[\"https:\/\/specialcontainer.dk\/produkt\/hjoerneklodser-bund-saet-a-4-stk\/\"]}]},{\"@type\":\"ImageObject\",\"inLanguage\":\"nb-NO\",\"@id\":\"https:\/\/specialcontainer.dk\/produkt\/hjoerneklodser-bund-saet-a-4-stk\/#primaryimage\",\"url\":\"https:\/\/specialcontainer.dk\/wp-content\/uploads\/2021\/09\/5070_01_A_CCI1010x-1-Corner-castings-cover-small.jpg\",\"contentUrl\":\"https:\/\/specialcontainer.dk\/wp-content\/uploads\/2021\/09\/5070_01_A_CCI1010x-1-Corner-castings-cover-small.jpg\",\"width\":1024,\"height\":768},{\"@type\":\"BreadcrumbList\",\"@id\":\"https:\/\/specialcontainer.dk\/produkt\/hjoerneklodser-bund-saet-a-4-stk\/#breadcrumb\",\"itemListElement\":[{\"@type\":\"ListItem\",\"position\":1,\"name\":\"Hjem\",\"item\":\"https:\/\/specialcontainer.dk\/nb\/\"},{\"@type\":\"ListItem\",\"position\":2,\"name\":\"Shop\",\"item\":\"https:\/\/specialcontainer.dk\/nb\/shop\/\"},{\"@type\":\"ListItem\",\"position\":3,\"name\":\"Hj\u00f8rneklosser, bund, sett med 4 stk.\"}]},{\"@type\":\"WebSite\",\"@id\":\"https:\/\/specialcontainer.dk\/#website\",\"url\":\"https:\/\/specialcontainer.dk\/\",\"name\":\"SpecialContainer.dk\",\"description\":\"\",\"publisher\":{\"@id\":\"https:\/\/specialcontainer.dk\/#organization\"},\"potentialAction\":[{\"@type\":\"SearchAction\",\"target\":{\"@type\":\"EntryPoint\",\"urlTemplate\":\"https:\/\/specialcontainer.dk\/?s={search_term_string}\"},\"query-input\":{\"@type\":\"PropertyValueSpecification\",\"valueRequired\":true,\"valueName\":\"search_term_string\"}}],\"inLanguage\":\"nb-NO\"},{\"@type\":\"Organization\",\"@id\":\"https:\/\/specialcontainer.dk\/#organization\",\"name\":\"Specialcontainer\",\"url\":\"https:\/\/specialcontainer.dk\/\",\"logo\":{\"@type\":\"ImageObject\",\"inLanguage\":\"nb-NO\",\"@id\":\"https:\/\/specialcontainer.dk\/#\/schema\/logo\/image\/\",\"url\":\"https:\/\/specialcontainer.dk\/wp-content\/uploads\/2019\/10\/logo-2019-307-x-72-jpg.jpg\",\"contentUrl\":\"https:\/\/specialcontainer.dk\/wp-content\/uploads\/2019\/10\/logo-2019-307-x-72-jpg.jpg\",\"width\":307,\"height\":72,\"caption\":\"Specialcontainer\"},\"image\":{\"@id\":\"https:\/\/specialcontainer.dk\/#\/schema\/logo\/image\/\"}}]}<\/script>\n<!-- \/ Yoast SEO plugin. -->","yoast_head_json":{"title":"Hj\u00f8rneklosser, bund, sett med 4 stk. - SpecialContainer.dk","description":"Sett med 4 bunn hj\u00f8rneklosser til ISO CSC-containere: 2x BR og 2x BL, merket for enkel identifikasjon. P\u00e5 lager i Esbjerg, Danmark.","robots":{"index":"index","follow":"follow","max-snippet":"max-snippet:-1","max-image-preview":"max-image-preview:large","max-video-preview":"max-video-preview:-1"},"canonical":"https:\/\/specialcontainer.dk\/produkt\/hjoerneklodser-bund-saet-a-4-stk\/","og_locale":"nb_NO","og_type":"article","og_title":"Hj\u00f8rneklosser, bund, sett med 4 stk. - SpecialContainer.dk","og_description":"Sett med 4 bunn hj\u00f8rneklosser til ISO CSC-containere: 2x BR og 2x BL, merket for enkel identifikasjon. P\u00e5 lager i Esbjerg, Danmark.","og_url":"https:\/\/specialcontainer.dk\/produkt\/hjoerneklodser-bund-saet-a-4-stk\/","og_site_name":"SpecialContainer.dk","og_image":[{"width":1024,"height":768,"url":"https:\/\/specialcontainer.dk\/wp-content\/uploads\/2021\/09\/5070_01_A_CCI1010x-1-Corner-castings-cover-small.jpg","type":"image\/jpeg"}],"twitter_card":"summary_large_image","schema":{"@context":"https:\/\/schema.org","@graph":[{"@type":"WebPage","@id":"https:\/\/specialcontainer.dk\/produkt\/hjoerneklodser-bund-saet-a-4-stk\/","url":"https:\/\/specialcontainer.dk\/produkt\/hjoerneklodser-bund-saet-a-4-stk\/","name":"Hj\u00f8rneklosser, bund, sett med 4 stk. - SpecialContainer.dk","isPartOf":{"@id":"https:\/\/specialcontainer.dk\/#website"},"primaryImageOfPage":{"@id":"https:\/\/specialcontainer.dk\/produkt\/hjoerneklodser-bund-saet-a-4-stk\/#primaryimage"},"image":{"@id":"https:\/\/specialcontainer.dk\/produkt\/hjoerneklodser-bund-saet-a-4-stk\/#primaryimage"},"thumbnailUrl":"https:\/\/specialcontainer.dk\/wp-content\/uploads\/2021\/09\/5070_01_A_CCI1010x-1-Corner-castings-cover-small.jpg","datePublished":"2026-04-10T09:31:01+00:00","description":"Sett med 4 bunn hj\u00f8rneklosser til ISO CSC-containere: 2x BR og 2x BL, merket for enkel identifikasjon. P\u00e5 lager i Esbjerg, Danmark.","breadcrumb":{"@id":"https:\/\/specialcontainer.dk\/produkt\/hjoerneklodser-bund-saet-a-4-stk\/#breadcrumb"},"inLanguage":"nb-NO","potentialAction":[{"@type":"ReadAction","target":["https:\/\/specialcontainer.dk\/produkt\/hjoerneklodser-bund-saet-a-4-stk\/"]}]},{"@type":"ImageObject","inLanguage":"nb-NO","@id":"https:\/\/specialcontainer.dk\/produkt\/hjoerneklodser-bund-saet-a-4-stk\/#primaryimage","url":"https:\/\/specialcontainer.dk\/wp-content\/uploads\/2021\/09\/5070_01_A_CCI1010x-1-Corner-castings-cover-small.jpg","contentUrl":"https:\/\/specialcontainer.dk\/wp-content\/uploads\/2021\/09\/5070_01_A_CCI1010x-1-Corner-castings-cover-small.jpg","width":1024,"height":768},{"@type":"BreadcrumbList","@id":"https:\/\/specialcontainer.dk\/produkt\/hjoerneklodser-bund-saet-a-4-stk\/#breadcrumb","itemListElement":[{"@type":"ListItem","position":1,"name":"Hjem","item":"https:\/\/specialcontainer.dk\/nb\/"},{"@type":"ListItem","position":2,"name":"Shop","item":"https:\/\/specialcontainer.dk\/nb\/shop\/"},{"@type":"ListItem","position":3,"name":"Hj\u00f8rneklosser, bund, sett med 4 stk."}]},{"@type":"WebSite","@id":"https:\/\/specialcontainer.dk\/#website","url":"https:\/\/specialcontainer.dk\/","name":"SpecialContainer.dk","description":"","publisher":{"@id":"https:\/\/specialcontainer.dk\/#organization"},"potentialAction":[{"@type":"SearchAction","target":{"@type":"EntryPoint","urlTemplate":"https:\/\/specialcontainer.dk\/?s={search_term_string}"},"query-input":{"@type":"PropertyValueSpecification","valueRequired":true,"valueName":"search_term_string"}}],"inLanguage":"nb-NO"},{"@type":"Organization","@id":"https:\/\/specialcontainer.dk\/#organization","name":"Specialcontainer","url":"https:\/\/specialcontainer.dk\/","logo":{"@type":"ImageObject","inLanguage":"nb-NO","@id":"https:\/\/specialcontainer.dk\/#\/schema\/logo\/image\/","url":"https:\/\/specialcontainer.dk\/wp-content\/uploads\/2019\/10\/logo-2019-307-x-72-jpg.jpg","contentUrl":"https:\/\/specialcontainer.dk\/wp-content\/uploads\/2019\/10\/logo-2019-307-x-72-jpg.jpg","width":307,"height":72,"caption":"Specialcontainer"},"image":{"@id":"https:\/\/specialcontainer.dk\/#\/schema\/logo\/image\/"}}]}},"_links":{"self":[{"href":"https:\/\/specialcontainer.dk\/nb\/wp-json\/wp\/v2\/product\/91313","targetHints":{"allow":["GET"]}}],"collection":[{"href":"https:\/\/specialcontainer.dk\/nb\/wp-json\/wp\/v2\/product"}],"about":[{"href":"https:\/\/specialcontainer.dk\/nb\/wp-json\/wp\/v2\/types\/product"}],"wp:featuredmedia":[{"embeddable":true,"href":"https:\/\/specialcontainer.dk\/nb\/wp-json\/wp\/v2\/media\/93852"}],"wp:attachment":[{"href":"https:\/\/specialcontainer.dk\/nb\/wp-json\/wp\/v2\/media?parent=91313"}],"wp:term":[{"taxonomy":"product_brand","embeddable":true,"href":"https:\/\/specialcontainer.dk\/nb\/wp-json\/wp\/v2\/product_brand?post=91313"},{"taxonomy":"product_cat","embeddable":true,"href":"https:\/\/specialcontainer.dk\/nb\/wp-json\/wp\/v2\/product_cat?post=91313"},{"taxonomy":"product_tag","embeddable":true,"href":"https:\/\/specialcontainer.dk\/nb\/wp-json\/wp\/v2\/product_tag?post=91313"}],"curies":[{"name":"wp","href":"https:\/\/api.w.org\/{rel}","templated":true}]}}