{"id":90620,"date":"2026-01-14T08:26:52","date_gmt":"2026-01-14T07:26:52","guid":{"rendered":"https:\/\/specialcontainer.dk\/\/produkt\/40-med-doble-doerer-ny\/"},"modified":"2026-01-14T08:31:03","modified_gmt":"2026-01-14T07:31:03","slug":"40-med-dobbelt-doere-nye","status":"publish","type":"product","link":"https:\/\/specialcontainer.dk\/nb\/produkt\/40-med-dobbelt-doere-nye\/","title":{"rendered":"40&#8242; med doble d\u00f8rer, ny"},"content":{"rendered":"<p>40&prime; double door container kan brukes til oppbevaring og som lager. Containeren er godkjent til CSC (standard s&oslash;transport). Containeren har seilt en tur hjem med varer fra &Oslash;sten, og der kan derfor v&aelig;re riper inneni og utenp&aring; containeren.<\/p>\n<p>L&aring;se, l&aring;sebeslag, og andet ekstra utstyr er ikke inkludert, men kan tilkj&oslash;pes.<strong><\/strong><\/p>\n","protected":false},"excerpt":{"rendered":"<ul>\n<li data-end=\"684\" data-start=\"613\">\n<p data-end=\"684\" data-start=\"615\">40&prime; dobbeld&oslash;rs container for lagring og sj&oslash;transport (CSC-godkjent)<\/p>\n<\/li>\n<li data-end=\"743\" data-start=\"685\">\n<p data-end=\"743\" data-start=\"687\">&Eacute;nveis frakt med varer fra &Oslash;sten &ndash; kan ha mindre riper<\/p>\n<\/li>\n<li data-end=\"809\" data-is-last-node=\"\" data-start=\"744\">\n<p data-end=\"809\" data-is-last-node=\"\" data-start=\"746\">Isolasjon mulig med 50 mm steinull og OSB &ndash; klar innen 14 dager<\/p>\n<\/li>\n<\/ul>\n","protected":false},"featured_media":92852,"template":"","meta":[],"product_brand":[],"product_cat":[6538],"product_tag":[],"class_list":{"0":"post-90620","1":"product","2":"type-product","3":"status-publish","4":"has-post-thumbnail","6":"product_cat-containere-nb","7":"pa_access1-normal-adgang","8":"pa_banner_nostock-utsolgt","9":"pa_bruttovaegt-30480-kg","10":"pa_bruttovaegt-30480-kg-nb","11":"pa_doeraabning_maal-b-2340-mm-x-h-2280-mm","12":"pa_doeraabning_maal-b-2340-mm-x-h-2280-mm-nb","13":"pa_egenvaegt-3860-kg","14":"pa_egenvaegt-3860-kg-nb","15":"pa_farve-blaa-ral-5013","16":"pa_farve-blaa-ral-5013-nb","17":"pa_indre_kapacitet-67-cma-30-m3","18":"pa_indre_kapacitet-67-cma-30-m3-nb","19":"pa_indvendige_maal-l-12032-mm-x-w-2350-mm-x-h-2390-mm","20":"pa_indvendige_maal-l-12032-mm-x-w-2350-mm-x-h-2390-mm-nb","21":"pa_lock_box-laaseboks","22":"pa_lock_box-laaseboks-nb","23":"pa_maks__last-26620-kg","24":"pa_maks__last-26620-kg-nb","25":"pa_placeringsnavn-aarhus","26":"pa_placeringsnavn-kbh-nb","27":"pa_placeringsnavn-kbh","28":"pa_shp_slug-40-med-dobbelt-doere-cma-nye-nb","29":"pa_shp_slug-40-med-dobbelt-doere-cma-nye","30":"pa_udvendige_maal-l-12192-mm-x-w-2438-mm-x-h-2591-mm","31":"pa_udvendige_maal-l-12192-mm-x-w-2438-mm-x-h-2591-mm-nb","32":"description-off","34":"first","35":"outofstock","36":"taxable","37":"shipping-taxable","38":"purchasable","39":"product-type-variable"},"yoast_head":"<!-- This site is optimized with the Yoast SEO plugin v26.0 - https:\/\/yoast.com\/wordpress\/plugins\/seo\/ -->\n<title>40&#039; med doble d\u00f8rer, ny - SpecialContainer.dk<\/title>\n<meta name=\"description\" content=\"40\u2032 dobbelt d\u00f8rs container til oppbevaring, CSC-godkjent for sj\u00f8transport. Kan ha riper. L\u00e5s og ekstrautstyr selges separat. Kontakt oss.\" \/>\n<meta name=\"robots\" content=\"index, follow, max-snippet:-1, max-image-preview:large, max-video-preview:-1\" \/>\n<link rel=\"canonical\" href=\"https:\/\/specialcontainer.dk\/produkt\/40-med-dobbelt-doere-nye\/\" \/>\n<meta property=\"og:locale\" content=\"nb_NO\" \/>\n<meta property=\"og:type\" content=\"article\" \/>\n<meta property=\"og:title\" content=\"40&#039; med doble d\u00f8rer, ny - SpecialContainer.dk\" \/>\n<meta property=\"og:description\" content=\"40\u2032 dobbelt d\u00f8rs container til oppbevaring, CSC-godkjent for sj\u00f8transport. Kan ha riper. L\u00e5s og ekstrautstyr selges separat. Kontakt oss.\" \/>\n<meta property=\"og:url\" content=\"https:\/\/specialcontainer.dk\/produkt\/40-med-dobbelt-doere-nye\/\" \/>\n<meta property=\"og:site_name\" content=\"SpecialContainer.dk\" \/>\n<meta property=\"article:modified_time\" content=\"2026-01-14T07:31:03+00:00\" \/>\n<meta property=\"og:image\" content=\"https:\/\/specialcontainer.dk\/wp-content\/uploads\/2021\/09\/1200_01_A_IMG_46301-burned-UL-1.jpg\" \/>\n\t<meta property=\"og:image:width\" content=\"1024\" \/>\n\t<meta property=\"og:image:height\" content=\"768\" \/>\n\t<meta property=\"og:image:type\" content=\"image\/jpeg\" \/>\n<meta name=\"twitter:card\" content=\"summary_large_image\" \/>\n<script type=\"application\/ld+json\" class=\"yoast-schema-graph\">{\"@context\":\"https:\/\/schema.org\",\"@graph\":[{\"@type\":\"WebPage\",\"@id\":\"https:\/\/specialcontainer.dk\/produkt\/40-med-dobbelt-doere-nye\/\",\"url\":\"https:\/\/specialcontainer.dk\/produkt\/40-med-dobbelt-doere-nye\/\",\"name\":\"40' med doble d\u00f8rer, ny - SpecialContainer.dk\",\"isPartOf\":{\"@id\":\"https:\/\/specialcontainer.dk\/#website\"},\"primaryImageOfPage\":{\"@id\":\"https:\/\/specialcontainer.dk\/produkt\/40-med-dobbelt-doere-nye\/#primaryimage\"},\"image\":{\"@id\":\"https:\/\/specialcontainer.dk\/produkt\/40-med-dobbelt-doere-nye\/#primaryimage\"},\"thumbnailUrl\":\"https:\/\/specialcontainer.dk\/wp-content\/uploads\/2021\/09\/1200_01_A_IMG_46301-burned-UL-1.jpg\",\"datePublished\":\"2026-01-14T07:26:52+00:00\",\"dateModified\":\"2026-01-14T07:31:03+00:00\",\"description\":\"40\u2032 dobbelt d\u00f8rs container til oppbevaring, CSC-godkjent for sj\u00f8transport. Kan ha riper. L\u00e5s og ekstrautstyr selges separat. Kontakt oss.\",\"breadcrumb\":{\"@id\":\"https:\/\/specialcontainer.dk\/produkt\/40-med-dobbelt-doere-nye\/#breadcrumb\"},\"inLanguage\":\"nb-NO\",\"potentialAction\":[{\"@type\":\"ReadAction\",\"target\":[\"https:\/\/specialcontainer.dk\/produkt\/40-med-dobbelt-doere-nye\/\"]}]},{\"@type\":\"ImageObject\",\"inLanguage\":\"nb-NO\",\"@id\":\"https:\/\/specialcontainer.dk\/produkt\/40-med-dobbelt-doere-nye\/#primaryimage\",\"url\":\"https:\/\/specialcontainer.dk\/wp-content\/uploads\/2021\/09\/1200_01_A_IMG_46301-burned-UL-1.jpg\",\"contentUrl\":\"https:\/\/specialcontainer.dk\/wp-content\/uploads\/2021\/09\/1200_01_A_IMG_46301-burned-UL-1.jpg\",\"width\":1024,\"height\":768},{\"@type\":\"BreadcrumbList\",\"@id\":\"https:\/\/specialcontainer.dk\/produkt\/40-med-dobbelt-doere-nye\/#breadcrumb\",\"itemListElement\":[{\"@type\":\"ListItem\",\"position\":1,\"name\":\"Hjem\",\"item\":\"https:\/\/specialcontainer.dk\/nb\/\"},{\"@type\":\"ListItem\",\"position\":2,\"name\":\"Shop\",\"item\":\"https:\/\/specialcontainer.dk\/nb\/shop\/\"},{\"@type\":\"ListItem\",\"position\":3,\"name\":\"40&#8242; med doble d\u00f8rer, ny\"}]},{\"@type\":\"WebSite\",\"@id\":\"https:\/\/specialcontainer.dk\/#website\",\"url\":\"https:\/\/specialcontainer.dk\/\",\"name\":\"SpecialContainer.dk\",\"description\":\"\",\"publisher\":{\"@id\":\"https:\/\/specialcontainer.dk\/#organization\"},\"potentialAction\":[{\"@type\":\"SearchAction\",\"target\":{\"@type\":\"EntryPoint\",\"urlTemplate\":\"https:\/\/specialcontainer.dk\/?s={search_term_string}\"},\"query-input\":{\"@type\":\"PropertyValueSpecification\",\"valueRequired\":true,\"valueName\":\"search_term_string\"}}],\"inLanguage\":\"nb-NO\"},{\"@type\":\"Organization\",\"@id\":\"https:\/\/specialcontainer.dk\/#organization\",\"name\":\"Specialcontainer\",\"url\":\"https:\/\/specialcontainer.dk\/\",\"logo\":{\"@type\":\"ImageObject\",\"inLanguage\":\"nb-NO\",\"@id\":\"https:\/\/specialcontainer.dk\/#\/schema\/logo\/image\/\",\"url\":\"https:\/\/specialcontainer.dk\/wp-content\/uploads\/2019\/10\/logo-2019-307-x-72-jpg.jpg\",\"contentUrl\":\"https:\/\/specialcontainer.dk\/wp-content\/uploads\/2019\/10\/logo-2019-307-x-72-jpg.jpg\",\"width\":307,\"height\":72,\"caption\":\"Specialcontainer\"},\"image\":{\"@id\":\"https:\/\/specialcontainer.dk\/#\/schema\/logo\/image\/\"}}]}<\/script>\n<!-- \/ Yoast SEO plugin. -->","yoast_head_json":{"title":"40' med doble d\u00f8rer, ny - SpecialContainer.dk","description":"40\u2032 dobbelt d\u00f8rs container til oppbevaring, CSC-godkjent for sj\u00f8transport. Kan ha riper. L\u00e5s og ekstrautstyr selges separat. Kontakt oss.","robots":{"index":"index","follow":"follow","max-snippet":"max-snippet:-1","max-image-preview":"max-image-preview:large","max-video-preview":"max-video-preview:-1"},"canonical":"https:\/\/specialcontainer.dk\/produkt\/40-med-dobbelt-doere-nye\/","og_locale":"nb_NO","og_type":"article","og_title":"40' med doble d\u00f8rer, ny - SpecialContainer.dk","og_description":"40\u2032 dobbelt d\u00f8rs container til oppbevaring, CSC-godkjent for sj\u00f8transport. Kan ha riper. L\u00e5s og ekstrautstyr selges separat. Kontakt oss.","og_url":"https:\/\/specialcontainer.dk\/produkt\/40-med-dobbelt-doere-nye\/","og_site_name":"SpecialContainer.dk","article_modified_time":"2026-01-14T07:31:03+00:00","og_image":[{"width":1024,"height":768,"url":"https:\/\/specialcontainer.dk\/wp-content\/uploads\/2021\/09\/1200_01_A_IMG_46301-burned-UL-1.jpg","type":"image\/jpeg"}],"twitter_card":"summary_large_image","schema":{"@context":"https:\/\/schema.org","@graph":[{"@type":"WebPage","@id":"https:\/\/specialcontainer.dk\/produkt\/40-med-dobbelt-doere-nye\/","url":"https:\/\/specialcontainer.dk\/produkt\/40-med-dobbelt-doere-nye\/","name":"40' med doble d\u00f8rer, ny - SpecialContainer.dk","isPartOf":{"@id":"https:\/\/specialcontainer.dk\/#website"},"primaryImageOfPage":{"@id":"https:\/\/specialcontainer.dk\/produkt\/40-med-dobbelt-doere-nye\/#primaryimage"},"image":{"@id":"https:\/\/specialcontainer.dk\/produkt\/40-med-dobbelt-doere-nye\/#primaryimage"},"thumbnailUrl":"https:\/\/specialcontainer.dk\/wp-content\/uploads\/2021\/09\/1200_01_A_IMG_46301-burned-UL-1.jpg","datePublished":"2026-01-14T07:26:52+00:00","dateModified":"2026-01-14T07:31:03+00:00","description":"40\u2032 dobbelt d\u00f8rs container til oppbevaring, CSC-godkjent for sj\u00f8transport. Kan ha riper. L\u00e5s og ekstrautstyr selges separat. Kontakt oss.","breadcrumb":{"@id":"https:\/\/specialcontainer.dk\/produkt\/40-med-dobbelt-doere-nye\/#breadcrumb"},"inLanguage":"nb-NO","potentialAction":[{"@type":"ReadAction","target":["https:\/\/specialcontainer.dk\/produkt\/40-med-dobbelt-doere-nye\/"]}]},{"@type":"ImageObject","inLanguage":"nb-NO","@id":"https:\/\/specialcontainer.dk\/produkt\/40-med-dobbelt-doere-nye\/#primaryimage","url":"https:\/\/specialcontainer.dk\/wp-content\/uploads\/2021\/09\/1200_01_A_IMG_46301-burned-UL-1.jpg","contentUrl":"https:\/\/specialcontainer.dk\/wp-content\/uploads\/2021\/09\/1200_01_A_IMG_46301-burned-UL-1.jpg","width":1024,"height":768},{"@type":"BreadcrumbList","@id":"https:\/\/specialcontainer.dk\/produkt\/40-med-dobbelt-doere-nye\/#breadcrumb","itemListElement":[{"@type":"ListItem","position":1,"name":"Hjem","item":"https:\/\/specialcontainer.dk\/nb\/"},{"@type":"ListItem","position":2,"name":"Shop","item":"https:\/\/specialcontainer.dk\/nb\/shop\/"},{"@type":"ListItem","position":3,"name":"40&#8242; med doble d\u00f8rer, ny"}]},{"@type":"WebSite","@id":"https:\/\/specialcontainer.dk\/#website","url":"https:\/\/specialcontainer.dk\/","name":"SpecialContainer.dk","description":"","publisher":{"@id":"https:\/\/specialcontainer.dk\/#organization"},"potentialAction":[{"@type":"SearchAction","target":{"@type":"EntryPoint","urlTemplate":"https:\/\/specialcontainer.dk\/?s={search_term_string}"},"query-input":{"@type":"PropertyValueSpecification","valueRequired":true,"valueName":"search_term_string"}}],"inLanguage":"nb-NO"},{"@type":"Organization","@id":"https:\/\/specialcontainer.dk\/#organization","name":"Specialcontainer","url":"https:\/\/specialcontainer.dk\/","logo":{"@type":"ImageObject","inLanguage":"nb-NO","@id":"https:\/\/specialcontainer.dk\/#\/schema\/logo\/image\/","url":"https:\/\/specialcontainer.dk\/wp-content\/uploads\/2019\/10\/logo-2019-307-x-72-jpg.jpg","contentUrl":"https:\/\/specialcontainer.dk\/wp-content\/uploads\/2019\/10\/logo-2019-307-x-72-jpg.jpg","width":307,"height":72,"caption":"Specialcontainer"},"image":{"@id":"https:\/\/specialcontainer.dk\/#\/schema\/logo\/image\/"}}]}},"_links":{"self":[{"href":"https:\/\/specialcontainer.dk\/nb\/wp-json\/wp\/v2\/product\/90620","targetHints":{"allow":["GET"]}}],"collection":[{"href":"https:\/\/specialcontainer.dk\/nb\/wp-json\/wp\/v2\/product"}],"about":[{"href":"https:\/\/specialcontainer.dk\/nb\/wp-json\/wp\/v2\/types\/product"}],"wp:featuredmedia":[{"embeddable":true,"href":"https:\/\/specialcontainer.dk\/nb\/wp-json\/wp\/v2\/media\/92852"}],"wp:attachment":[{"href":"https:\/\/specialcontainer.dk\/nb\/wp-json\/wp\/v2\/media?parent=90620"}],"wp:term":[{"taxonomy":"product_brand","embeddable":true,"href":"https:\/\/specialcontainer.dk\/nb\/wp-json\/wp\/v2\/product_brand?post=90620"},{"taxonomy":"product_cat","embeddable":true,"href":"https:\/\/specialcontainer.dk\/nb\/wp-json\/wp\/v2\/product_cat?post=90620"},{"taxonomy":"product_tag","embeddable":true,"href":"https:\/\/specialcontainer.dk\/nb\/wp-json\/wp\/v2\/product_tag?post=90620"}],"curies":[{"name":"wp","href":"https:\/\/api.w.org\/{rel}","templated":true}]}}