{"id":90619,"date":"2026-01-14T08:26:51","date_gmt":"2026-01-14T07:26:51","guid":{"rendered":"https:\/\/specialcontainer.dk\/\/produkt\/20-med-doble-doerer-ny\/"},"modified":"2026-01-14T08:30:17","modified_gmt":"2026-01-14T07:30:17","slug":"20-med-dobbelt-doere-nye","status":"publish","type":"product","link":"https:\/\/specialcontainer.dk\/nb\/produkt\/20-med-dobbelt-doere-nye\/","title":{"rendered":"20&#8242; med doble d\u00f8rer, ny"},"content":{"rendered":"<p>20&#8242; dobble d&oslash;r container kan brukes til oppbevaring og som lager. Containeren er godkjent til CSC (standard s&oslash;transport). Containeren har seilt en tur hjem med varer fra &Oslash;sten, og der kan derfor v&aelig;re riper inneni og utenp&aring; containeren.<\/p>\n<p>L&aring;se, l&aring;sebeslag, og andet ekstra utstyr er ikke inkludert, men kan tilkj&oslash;pes.<strong><\/strong><strong><\/strong><\/p>\n","protected":false},"excerpt":{"rendered":"<ul>\n<li data-end=\"176\" data-start=\"118\">\n<p data-end=\"176\" data-start=\"120\">20&#8242; dobbel d&oslash;r container CSC godkjent for sj&oslash;transport<\/p>\n<\/li>\n<li data-end=\"249\" data-start=\"177\">\n<p data-end=\"249\" data-start=\"179\">Egnet til oppbevaring og lager, standard med bruksspor fra transport<\/p>\n<\/li>\n<li data-end=\"288\" data-start=\"250\">\n<p data-end=\"288\" data-start=\"252\">L&aring;s og ekstrautstyr kj&oslash;pes separat<\/p>\n<\/li>\n<\/ul>\n","protected":false},"featured_media":92345,"template":"","meta":[],"product_brand":[],"product_cat":[6538],"product_tag":[],"class_list":{"0":"post-90619","1":"product","2":"type-product","3":"status-publish","4":"has-post-thumbnail","6":"product_cat-containere-nb","7":"pa_access1-kvik-adgang","8":"pa_access1-kvik-adgang-nb","9":"pa_access1-normal-adgang","10":"pa_banner_nostock-utsolgt","11":"pa_bruttovaegt-30480-kg","12":"pa_bruttovaegt-30480-kg-nb","13":"pa_doeraabning_maal-w-2343-mm-x-h-2280-mm","14":"pa_doeraabning_maal-w-2343-mm-x-h-2280-mm-nb","15":"pa_egenvaegt-2380-kg","16":"pa_egenvaegt-2380-kg-nb","17":"pa_farve-blaa-ral-5003","18":"pa_farve-blaa-ral-5010","19":"pa_farve-blaa-ral-5010-nb","20":"pa_farve-blaa-ral-5013","21":"pa_indre_kapacitet-33-cma-20-m3","22":"pa_indre_kapacitet-33-cma-20-m3-nb","23":"pa_indvendige_maal-l-5844-mm-x-w-2350-mm-x-h-2390-mm","24":"pa_indvendige_maal-l-5844-mm-x-w-2350-mm-x-h-2390-mm-nb","25":"pa_lock_box-laaseboks","26":"pa_lock_box-laaseboks-nb","27":"pa_lock_box-uten-laaseboks","28":"pa_maks__last-28300-kg","29":"pa_maks__last-28300-kg-nb","30":"pa_placeringsnavn-aarhus","31":"pa_placeringsnavn-kbh","32":"pa_placeringsnavn-kbh-nb","33":"pa_shp_slug-20-med-dobbelt-doere-cma-nye-nb","34":"pa_shp_slug-20-med-dobbelt-doere-cma-nye","35":"pa_udvendige_maal-l-6058-mm-x-b-2438-mm-x-h-2591-mm","36":"pa_udvendige_maal-l-6058-mm-x-b-2438-mm-x-h-2591-mm-nb","37":"description-off","39":"first","40":"outofstock","41":"taxable","42":"shipping-taxable","43":"purchasable","44":"product-type-variable"},"yoast_head":"<!-- This site is optimized with the Yoast SEO plugin v26.0 - https:\/\/yoast.com\/wordpress\/plugins\/seo\/ -->\n<title>20&#039; med doble d\u00f8rer, ny - SpecialContainer.dk<\/title>\n<meta name=\"description\" content=\"20&#039; dobbel d\u00f8r container, CSC godkjent for sj\u00f8transport. Perfekt til lager og oppbevaring, med normale bruksspor. L\u00e5s og utstyr kan kj\u00f8pes separat.\" \/>\n<meta name=\"robots\" content=\"index, follow, max-snippet:-1, max-image-preview:large, max-video-preview:-1\" \/>\n<link rel=\"canonical\" href=\"https:\/\/specialcontainer.dk\/produkt\/20-med-dobbelt-doere-nye\/\" \/>\n<meta property=\"og:locale\" content=\"nb_NO\" \/>\n<meta property=\"og:type\" content=\"article\" \/>\n<meta property=\"og:title\" content=\"20&#039; med doble d\u00f8rer, ny - SpecialContainer.dk\" \/>\n<meta property=\"og:description\" content=\"20&#039; dobbel d\u00f8r container, CSC godkjent for sj\u00f8transport. Perfekt til lager og oppbevaring, med normale bruksspor. L\u00e5s og utstyr kan kj\u00f8pes separat.\" \/>\n<meta property=\"og:url\" content=\"https:\/\/specialcontainer.dk\/produkt\/20-med-dobbelt-doere-nye\/\" \/>\n<meta property=\"og:site_name\" content=\"SpecialContainer.dk\" \/>\n<meta property=\"article:modified_time\" content=\"2026-01-14T07:30:17+00:00\" \/>\n<meta property=\"og:image\" content=\"https:\/\/specialcontainer.dk\/wp-content\/uploads\/2021\/09\/1117_01261-1.jpg\" \/>\n\t<meta property=\"og:image:width\" content=\"1024\" \/>\n\t<meta property=\"og:image:height\" content=\"768\" \/>\n\t<meta property=\"og:image:type\" content=\"image\/jpeg\" \/>\n<meta name=\"twitter:card\" content=\"summary_large_image\" \/>\n<script type=\"application\/ld+json\" class=\"yoast-schema-graph\">{\"@context\":\"https:\/\/schema.org\",\"@graph\":[{\"@type\":\"WebPage\",\"@id\":\"https:\/\/specialcontainer.dk\/produkt\/20-med-dobbelt-doere-nye\/\",\"url\":\"https:\/\/specialcontainer.dk\/produkt\/20-med-dobbelt-doere-nye\/\",\"name\":\"20' med doble d\u00f8rer, ny - SpecialContainer.dk\",\"isPartOf\":{\"@id\":\"https:\/\/specialcontainer.dk\/#website\"},\"primaryImageOfPage\":{\"@id\":\"https:\/\/specialcontainer.dk\/produkt\/20-med-dobbelt-doere-nye\/#primaryimage\"},\"image\":{\"@id\":\"https:\/\/specialcontainer.dk\/produkt\/20-med-dobbelt-doere-nye\/#primaryimage\"},\"thumbnailUrl\":\"https:\/\/specialcontainer.dk\/wp-content\/uploads\/2021\/09\/1117_01261-1.jpg\",\"datePublished\":\"2026-01-14T07:26:51+00:00\",\"dateModified\":\"2026-01-14T07:30:17+00:00\",\"description\":\"20' dobbel d\u00f8r container, CSC godkjent for sj\u00f8transport. Perfekt til lager og oppbevaring, med normale bruksspor. L\u00e5s og utstyr kan kj\u00f8pes separat.\",\"breadcrumb\":{\"@id\":\"https:\/\/specialcontainer.dk\/produkt\/20-med-dobbelt-doere-nye\/#breadcrumb\"},\"inLanguage\":\"nb-NO\",\"potentialAction\":[{\"@type\":\"ReadAction\",\"target\":[\"https:\/\/specialcontainer.dk\/produkt\/20-med-dobbelt-doere-nye\/\"]}]},{\"@type\":\"ImageObject\",\"inLanguage\":\"nb-NO\",\"@id\":\"https:\/\/specialcontainer.dk\/produkt\/20-med-dobbelt-doere-nye\/#primaryimage\",\"url\":\"https:\/\/specialcontainer.dk\/wp-content\/uploads\/2021\/09\/1117_01261-1.jpg\",\"contentUrl\":\"https:\/\/specialcontainer.dk\/wp-content\/uploads\/2021\/09\/1117_01261-1.jpg\",\"width\":1024,\"height\":768},{\"@type\":\"BreadcrumbList\",\"@id\":\"https:\/\/specialcontainer.dk\/produkt\/20-med-dobbelt-doere-nye\/#breadcrumb\",\"itemListElement\":[{\"@type\":\"ListItem\",\"position\":1,\"name\":\"Hjem\",\"item\":\"https:\/\/specialcontainer.dk\/nb\/\"},{\"@type\":\"ListItem\",\"position\":2,\"name\":\"Shop\",\"item\":\"https:\/\/specialcontainer.dk\/nb\/shop\/\"},{\"@type\":\"ListItem\",\"position\":3,\"name\":\"20&#8242; med doble d\u00f8rer, ny\"}]},{\"@type\":\"WebSite\",\"@id\":\"https:\/\/specialcontainer.dk\/#website\",\"url\":\"https:\/\/specialcontainer.dk\/\",\"name\":\"SpecialContainer.dk\",\"description\":\"\",\"publisher\":{\"@id\":\"https:\/\/specialcontainer.dk\/#organization\"},\"potentialAction\":[{\"@type\":\"SearchAction\",\"target\":{\"@type\":\"EntryPoint\",\"urlTemplate\":\"https:\/\/specialcontainer.dk\/?s={search_term_string}\"},\"query-input\":{\"@type\":\"PropertyValueSpecification\",\"valueRequired\":true,\"valueName\":\"search_term_string\"}}],\"inLanguage\":\"nb-NO\"},{\"@type\":\"Organization\",\"@id\":\"https:\/\/specialcontainer.dk\/#organization\",\"name\":\"Specialcontainer\",\"url\":\"https:\/\/specialcontainer.dk\/\",\"logo\":{\"@type\":\"ImageObject\",\"inLanguage\":\"nb-NO\",\"@id\":\"https:\/\/specialcontainer.dk\/#\/schema\/logo\/image\/\",\"url\":\"https:\/\/specialcontainer.dk\/wp-content\/uploads\/2019\/10\/logo-2019-307-x-72-jpg.jpg\",\"contentUrl\":\"https:\/\/specialcontainer.dk\/wp-content\/uploads\/2019\/10\/logo-2019-307-x-72-jpg.jpg\",\"width\":307,\"height\":72,\"caption\":\"Specialcontainer\"},\"image\":{\"@id\":\"https:\/\/specialcontainer.dk\/#\/schema\/logo\/image\/\"}}]}<\/script>\n<!-- \/ Yoast SEO plugin. -->","yoast_head_json":{"title":"20' med doble d\u00f8rer, ny - SpecialContainer.dk","description":"20' dobbel d\u00f8r container, CSC godkjent for sj\u00f8transport. Perfekt til lager og oppbevaring, med normale bruksspor. L\u00e5s og utstyr kan kj\u00f8pes separat.","robots":{"index":"index","follow":"follow","max-snippet":"max-snippet:-1","max-image-preview":"max-image-preview:large","max-video-preview":"max-video-preview:-1"},"canonical":"https:\/\/specialcontainer.dk\/produkt\/20-med-dobbelt-doere-nye\/","og_locale":"nb_NO","og_type":"article","og_title":"20' med doble d\u00f8rer, ny - SpecialContainer.dk","og_description":"20' dobbel d\u00f8r container, CSC godkjent for sj\u00f8transport. Perfekt til lager og oppbevaring, med normale bruksspor. L\u00e5s og utstyr kan kj\u00f8pes separat.","og_url":"https:\/\/specialcontainer.dk\/produkt\/20-med-dobbelt-doere-nye\/","og_site_name":"SpecialContainer.dk","article_modified_time":"2026-01-14T07:30:17+00:00","og_image":[{"width":1024,"height":768,"url":"https:\/\/specialcontainer.dk\/wp-content\/uploads\/2021\/09\/1117_01261-1.jpg","type":"image\/jpeg"}],"twitter_card":"summary_large_image","schema":{"@context":"https:\/\/schema.org","@graph":[{"@type":"WebPage","@id":"https:\/\/specialcontainer.dk\/produkt\/20-med-dobbelt-doere-nye\/","url":"https:\/\/specialcontainer.dk\/produkt\/20-med-dobbelt-doere-nye\/","name":"20' med doble d\u00f8rer, ny - SpecialContainer.dk","isPartOf":{"@id":"https:\/\/specialcontainer.dk\/#website"},"primaryImageOfPage":{"@id":"https:\/\/specialcontainer.dk\/produkt\/20-med-dobbelt-doere-nye\/#primaryimage"},"image":{"@id":"https:\/\/specialcontainer.dk\/produkt\/20-med-dobbelt-doere-nye\/#primaryimage"},"thumbnailUrl":"https:\/\/specialcontainer.dk\/wp-content\/uploads\/2021\/09\/1117_01261-1.jpg","datePublished":"2026-01-14T07:26:51+00:00","dateModified":"2026-01-14T07:30:17+00:00","description":"20' dobbel d\u00f8r container, CSC godkjent for sj\u00f8transport. Perfekt til lager og oppbevaring, med normale bruksspor. L\u00e5s og utstyr kan kj\u00f8pes separat.","breadcrumb":{"@id":"https:\/\/specialcontainer.dk\/produkt\/20-med-dobbelt-doere-nye\/#breadcrumb"},"inLanguage":"nb-NO","potentialAction":[{"@type":"ReadAction","target":["https:\/\/specialcontainer.dk\/produkt\/20-med-dobbelt-doere-nye\/"]}]},{"@type":"ImageObject","inLanguage":"nb-NO","@id":"https:\/\/specialcontainer.dk\/produkt\/20-med-dobbelt-doere-nye\/#primaryimage","url":"https:\/\/specialcontainer.dk\/wp-content\/uploads\/2021\/09\/1117_01261-1.jpg","contentUrl":"https:\/\/specialcontainer.dk\/wp-content\/uploads\/2021\/09\/1117_01261-1.jpg","width":1024,"height":768},{"@type":"BreadcrumbList","@id":"https:\/\/specialcontainer.dk\/produkt\/20-med-dobbelt-doere-nye\/#breadcrumb","itemListElement":[{"@type":"ListItem","position":1,"name":"Hjem","item":"https:\/\/specialcontainer.dk\/nb\/"},{"@type":"ListItem","position":2,"name":"Shop","item":"https:\/\/specialcontainer.dk\/nb\/shop\/"},{"@type":"ListItem","position":3,"name":"20&#8242; med doble d\u00f8rer, ny"}]},{"@type":"WebSite","@id":"https:\/\/specialcontainer.dk\/#website","url":"https:\/\/specialcontainer.dk\/","name":"SpecialContainer.dk","description":"","publisher":{"@id":"https:\/\/specialcontainer.dk\/#organization"},"potentialAction":[{"@type":"SearchAction","target":{"@type":"EntryPoint","urlTemplate":"https:\/\/specialcontainer.dk\/?s={search_term_string}"},"query-input":{"@type":"PropertyValueSpecification","valueRequired":true,"valueName":"search_term_string"}}],"inLanguage":"nb-NO"},{"@type":"Organization","@id":"https:\/\/specialcontainer.dk\/#organization","name":"Specialcontainer","url":"https:\/\/specialcontainer.dk\/","logo":{"@type":"ImageObject","inLanguage":"nb-NO","@id":"https:\/\/specialcontainer.dk\/#\/schema\/logo\/image\/","url":"https:\/\/specialcontainer.dk\/wp-content\/uploads\/2019\/10\/logo-2019-307-x-72-jpg.jpg","contentUrl":"https:\/\/specialcontainer.dk\/wp-content\/uploads\/2019\/10\/logo-2019-307-x-72-jpg.jpg","width":307,"height":72,"caption":"Specialcontainer"},"image":{"@id":"https:\/\/specialcontainer.dk\/#\/schema\/logo\/image\/"}}]}},"_links":{"self":[{"href":"https:\/\/specialcontainer.dk\/nb\/wp-json\/wp\/v2\/product\/90619","targetHints":{"allow":["GET"]}}],"collection":[{"href":"https:\/\/specialcontainer.dk\/nb\/wp-json\/wp\/v2\/product"}],"about":[{"href":"https:\/\/specialcontainer.dk\/nb\/wp-json\/wp\/v2\/types\/product"}],"wp:featuredmedia":[{"embeddable":true,"href":"https:\/\/specialcontainer.dk\/nb\/wp-json\/wp\/v2\/media\/92345"}],"wp:attachment":[{"href":"https:\/\/specialcontainer.dk\/nb\/wp-json\/wp\/v2\/media?parent=90619"}],"wp:term":[{"taxonomy":"product_brand","embeddable":true,"href":"https:\/\/specialcontainer.dk\/nb\/wp-json\/wp\/v2\/product_brand?post=90619"},{"taxonomy":"product_cat","embeddable":true,"href":"https:\/\/specialcontainer.dk\/nb\/wp-json\/wp\/v2\/product_cat?post=90619"},{"taxonomy":"product_tag","embeddable":true,"href":"https:\/\/specialcontainer.dk\/nb\/wp-json\/wp\/v2\/product_tag?post=90619"}],"curies":[{"name":"wp","href":"https:\/\/api.w.org\/{rel}","templated":true}]}}