{"id":90618,"date":"2026-03-25T14:34:56","date_gmt":"2026-03-25T13:34:56","guid":{"rendered":"https:\/\/specialcontainer.dk\/\/produkt\/20-high-cube-nye-2\/"},"modified":"2026-03-25T14:49:44","modified_gmt":"2026-03-25T13:49:44","slug":"20-hc-container-ny","status":"publish","type":"product","link":"https:\/\/specialcontainer.dk\/nb\/produkt\/20-hc-container-ny\/","title":{"rendered":"20\u00b4 HC container, ny"},"content":{"rendered":"<p>20 fot HC (High Cube) container som kan brukes som et verksted eller et lager n&aring;r det er behov for litt ekstra h&oslash;yde. Innvendig h&oslash;yde er 300 mm h&oslash;yere enn p&aring; en standard container. Dette betyr at det kan v&aelig;re opptil ca. 2600 mm i h&oslash;yden. Det kan f.eks. v&aelig;re en fordel hvis containeren skal isoleres og man dermed fjerner noe av h&oslash;yden. Containeren er godkjent til CSC (standard s&oslash;transport). Containeren har seilt en tur hjem med varer fra &Oslash;sten, og der kan derfor v&aelig;re riper inneni og utenp&aring; containeren.<\/p>\n<p>L&aring;se, l&aring;sebeslag, og andet ekstra utstyr er ikke inkludert, men kan tilkj&oslash;pes.<\/p>\n","protected":false},"excerpt":{"rendered":"<ul>\n<li data-end=\"621\" data-start=\"547\">\n<p data-end=\"621\" data-start=\"549\">20&#8242; HC container med ekstra h&oslash;yde, 300 mm h&oslash;yere enn standard containere<\/p>\n<\/li>\n<li data-end=\"687\" data-start=\"622\">\n<p data-end=\"687\" data-start=\"624\">Innvendig h&oslash;yde opptil 2600 mm, ideell for isolasjonsprosjekter<\/p>\n<\/li>\n<li data-end=\"787\" data-is-last-node=\"\" data-start=\"688\">\n<p data-end=\"787\" data-is-last-node=\"\" data-start=\"690\">CSC-godkjent for sj&oslash;transport, isolasjon med 50 mm rockwool og OSB-finer, klar p&aring; opptil 14 dager<\/p>\n<\/li>\n<\/ul>\n","protected":false},"featured_media":102000,"template":"","meta":[],"product_brand":[],"product_cat":[3486],"product_tag":[],"class_list":{"0":"post-90618","1":"product","2":"type-product","3":"status-publish","4":"has-post-thumbnail","6":"product_cat-wind-energy-containere-nb","7":"pa_access1-kvik-adgang","8":"pa_access1-kvik-adgang-nb","9":"pa_banner_nostock-paa-vei","10":"pa_bruttovaegt-30480-kg","11":"pa_bruttovaegt-30480-kg-nb","12":"pa_doeraabning_maal-b-2340-mm-x-h-2500-mm","13":"pa_egenvaegt-3250-kg","14":"pa_egenvaegt-3250-kg-nb","15":"pa_farve-blaa-ral-5010-nb","16":"pa_farve-blaa-ral-5010","17":"pa_farve-blaa-ral-5013-nb","18":"pa_farve-blaa-ral-5013","19":"pa_farve-graa-ral-7016-nb","20":"pa_farve-graa-ral-7016","21":"pa_farve-graa-ral-7035-nb","22":"pa_farve-graa-ral-7035","23":"pa_farve-hvit-ral-9010","24":"pa_indre_kapacitet-37-m3","25":"pa_indre_kapacitet-37-m3-nb","26":"pa_indvendige_maal-l-5898-mm-x-w-2287-mm-x-h-2607-mm","27":"pa_indvendige_maal-l-5898-mm-x-w-2287-mm-x-h-2607-mm-nb","28":"pa_lock_box-laaseboks","29":"pa_lock_box-laaseboks-nb","30":"pa_maks__last-27230-kg","31":"pa_maks__last-27230-kg-nb","32":"pa_placeringsnavn-esbjerg","33":"pa_placeringsnavn-esbjerg-nb","34":"pa_shp_slug-20-hc-container-cma-ny","35":"pa_udvendige_maal-l-6058-mm-x-w-2438-mm-x-h-2896-mm","36":"pa_udvendige_maal-l-6058-mm-x-w-2438-mm-x-h-2896-mm-nb","37":"description-off","39":"first","40":"instock","41":"taxable","42":"shipping-taxable","43":"purchasable","44":"product-type-variable"},"yoast_head":"<!-- This site is optimized with the Yoast SEO plugin v26.0 - https:\/\/yoast.com\/wordpress\/plugins\/seo\/ -->\n<title>20\u00b4 HC container, ny - SpecialContainer.dk<\/title>\n<meta name=\"description\" content=\"20-fots HC-container med 300 mm ekstra innvendig h\u00f8yde (ca. 2600 mm). Passer til lager eller verksted. CSC-godkjent for sj\u00f8transport. Brukt med transportmerker. Mulighet for isolasjon med 50 mm rockwool og OSB-finer. Klar p\u00e5 opptil 14 dager. Be om pris.\" \/>\n<meta name=\"robots\" content=\"index, follow, max-snippet:-1, max-image-preview:large, max-video-preview:-1\" \/>\n<link rel=\"canonical\" href=\"https:\/\/specialcontainer.dk\/produkt\/20-hc-container-ny\/\" \/>\n<meta property=\"og:locale\" content=\"nb_NO\" \/>\n<meta property=\"og:type\" content=\"article\" \/>\n<meta property=\"og:title\" content=\"20\u00b4 HC container, ny - SpecialContainer.dk\" \/>\n<meta property=\"og:description\" content=\"20-fots HC-container med 300 mm ekstra innvendig h\u00f8yde (ca. 2600 mm). Passer til lager eller verksted. CSC-godkjent for sj\u00f8transport. Brukt med transportmerker. Mulighet for isolasjon med 50 mm rockwool og OSB-finer. Klar p\u00e5 opptil 14 dager. Be om pris.\" \/>\n<meta property=\"og:url\" content=\"https:\/\/specialcontainer.dk\/produkt\/20-hc-container-ny\/\" \/>\n<meta property=\"og:site_name\" content=\"SpecialContainer.dk\" \/>\n<meta property=\"article:modified_time\" content=\"2026-03-25T13:49:44+00:00\" \/>\n<meta property=\"og:image\" content=\"https:\/\/specialcontainer.dk\/wp-content\/uploads\/2023\/10\/STC200967021LBQAAAR_01_A_20_fods_HC_container_main.jpg\" \/>\n\t<meta property=\"og:image:width\" content=\"1024\" \/>\n\t<meta property=\"og:image:height\" content=\"768\" \/>\n\t<meta property=\"og:image:type\" content=\"image\/jpeg\" \/>\n<meta name=\"twitter:card\" content=\"summary_large_image\" \/>\n<meta name=\"twitter:label1\" content=\"Ansl. lesetid\" \/>\n\t<meta name=\"twitter:data1\" content=\"1 minutt\" \/>\n<script type=\"application\/ld+json\" class=\"yoast-schema-graph\">{\"@context\":\"https:\/\/schema.org\",\"@graph\":[{\"@type\":\"WebPage\",\"@id\":\"https:\/\/specialcontainer.dk\/produkt\/20-hc-container-ny\/\",\"url\":\"https:\/\/specialcontainer.dk\/produkt\/20-hc-container-ny\/\",\"name\":\"20\u00b4 HC container, ny - SpecialContainer.dk\",\"isPartOf\":{\"@id\":\"https:\/\/specialcontainer.dk\/#website\"},\"primaryImageOfPage\":{\"@id\":\"https:\/\/specialcontainer.dk\/produkt\/20-hc-container-ny\/#primaryimage\"},\"image\":{\"@id\":\"https:\/\/specialcontainer.dk\/produkt\/20-hc-container-ny\/#primaryimage\"},\"thumbnailUrl\":\"https:\/\/specialcontainer.dk\/wp-content\/uploads\/2023\/10\/STC200967021LBQAAAR_01_A_20_fods_HC_container_main.jpg\",\"datePublished\":\"2026-03-25T13:34:56+00:00\",\"dateModified\":\"2026-03-25T13:49:44+00:00\",\"description\":\"20-fots HC-container med 300 mm ekstra innvendig h\u00f8yde (ca. 2600 mm). Passer til lager eller verksted. CSC-godkjent for sj\u00f8transport. Brukt med transportmerker. Mulighet for isolasjon med 50 mm rockwool og OSB-finer. Klar p\u00e5 opptil 14 dager. Be om pris.\",\"breadcrumb\":{\"@id\":\"https:\/\/specialcontainer.dk\/produkt\/20-hc-container-ny\/#breadcrumb\"},\"inLanguage\":\"nb-NO\",\"potentialAction\":[{\"@type\":\"ReadAction\",\"target\":[\"https:\/\/specialcontainer.dk\/produkt\/20-hc-container-ny\/\"]}]},{\"@type\":\"ImageObject\",\"inLanguage\":\"nb-NO\",\"@id\":\"https:\/\/specialcontainer.dk\/produkt\/20-hc-container-ny\/#primaryimage\",\"url\":\"https:\/\/specialcontainer.dk\/wp-content\/uploads\/2023\/10\/STC200967021LBQAAAR_01_A_20_fods_HC_container_main.jpg\",\"contentUrl\":\"https:\/\/specialcontainer.dk\/wp-content\/uploads\/2023\/10\/STC200967021LBQAAAR_01_A_20_fods_HC_container_main.jpg\",\"width\":1024,\"height\":768},{\"@type\":\"BreadcrumbList\",\"@id\":\"https:\/\/specialcontainer.dk\/produkt\/20-hc-container-ny\/#breadcrumb\",\"itemListElement\":[{\"@type\":\"ListItem\",\"position\":1,\"name\":\"Hjem\",\"item\":\"https:\/\/specialcontainer.dk\/nb\/\"},{\"@type\":\"ListItem\",\"position\":2,\"name\":\"Shop\",\"item\":\"https:\/\/specialcontainer.dk\/nb\/shop\/\"},{\"@type\":\"ListItem\",\"position\":3,\"name\":\"20\u00b4 HC container, ny\"}]},{\"@type\":\"WebSite\",\"@id\":\"https:\/\/specialcontainer.dk\/#website\",\"url\":\"https:\/\/specialcontainer.dk\/\",\"name\":\"SpecialContainer.dk\",\"description\":\"\",\"publisher\":{\"@id\":\"https:\/\/specialcontainer.dk\/#organization\"},\"potentialAction\":[{\"@type\":\"SearchAction\",\"target\":{\"@type\":\"EntryPoint\",\"urlTemplate\":\"https:\/\/specialcontainer.dk\/?s={search_term_string}\"},\"query-input\":{\"@type\":\"PropertyValueSpecification\",\"valueRequired\":true,\"valueName\":\"search_term_string\"}}],\"inLanguage\":\"nb-NO\"},{\"@type\":\"Organization\",\"@id\":\"https:\/\/specialcontainer.dk\/#organization\",\"name\":\"Specialcontainer\",\"url\":\"https:\/\/specialcontainer.dk\/\",\"logo\":{\"@type\":\"ImageObject\",\"inLanguage\":\"nb-NO\",\"@id\":\"https:\/\/specialcontainer.dk\/#\/schema\/logo\/image\/\",\"url\":\"https:\/\/specialcontainer.dk\/wp-content\/uploads\/2019\/10\/logo-2019-307-x-72-jpg.jpg\",\"contentUrl\":\"https:\/\/specialcontainer.dk\/wp-content\/uploads\/2019\/10\/logo-2019-307-x-72-jpg.jpg\",\"width\":307,\"height\":72,\"caption\":\"Specialcontainer\"},\"image\":{\"@id\":\"https:\/\/specialcontainer.dk\/#\/schema\/logo\/image\/\"}}]}<\/script>\n<!-- \/ Yoast SEO plugin. -->","yoast_head_json":{"title":"20\u00b4 HC container, ny - SpecialContainer.dk","description":"20-fots HC-container med 300 mm ekstra innvendig h\u00f8yde (ca. 2600 mm). Passer til lager eller verksted. CSC-godkjent for sj\u00f8transport. Brukt med transportmerker. Mulighet for isolasjon med 50 mm rockwool og OSB-finer. Klar p\u00e5 opptil 14 dager. Be om pris.","robots":{"index":"index","follow":"follow","max-snippet":"max-snippet:-1","max-image-preview":"max-image-preview:large","max-video-preview":"max-video-preview:-1"},"canonical":"https:\/\/specialcontainer.dk\/produkt\/20-hc-container-ny\/","og_locale":"nb_NO","og_type":"article","og_title":"20\u00b4 HC container, ny - SpecialContainer.dk","og_description":"20-fots HC-container med 300 mm ekstra innvendig h\u00f8yde (ca. 2600 mm). Passer til lager eller verksted. CSC-godkjent for sj\u00f8transport. Brukt med transportmerker. Mulighet for isolasjon med 50 mm rockwool og OSB-finer. Klar p\u00e5 opptil 14 dager. Be om pris.","og_url":"https:\/\/specialcontainer.dk\/produkt\/20-hc-container-ny\/","og_site_name":"SpecialContainer.dk","article_modified_time":"2026-03-25T13:49:44+00:00","og_image":[{"width":1024,"height":768,"url":"https:\/\/specialcontainer.dk\/wp-content\/uploads\/2023\/10\/STC200967021LBQAAAR_01_A_20_fods_HC_container_main.jpg","type":"image\/jpeg"}],"twitter_card":"summary_large_image","twitter_misc":{"Ansl. lesetid":"1 minutt"},"schema":{"@context":"https:\/\/schema.org","@graph":[{"@type":"WebPage","@id":"https:\/\/specialcontainer.dk\/produkt\/20-hc-container-ny\/","url":"https:\/\/specialcontainer.dk\/produkt\/20-hc-container-ny\/","name":"20\u00b4 HC container, ny - SpecialContainer.dk","isPartOf":{"@id":"https:\/\/specialcontainer.dk\/#website"},"primaryImageOfPage":{"@id":"https:\/\/specialcontainer.dk\/produkt\/20-hc-container-ny\/#primaryimage"},"image":{"@id":"https:\/\/specialcontainer.dk\/produkt\/20-hc-container-ny\/#primaryimage"},"thumbnailUrl":"https:\/\/specialcontainer.dk\/wp-content\/uploads\/2023\/10\/STC200967021LBQAAAR_01_A_20_fods_HC_container_main.jpg","datePublished":"2026-03-25T13:34:56+00:00","dateModified":"2026-03-25T13:49:44+00:00","description":"20-fots HC-container med 300 mm ekstra innvendig h\u00f8yde (ca. 2600 mm). Passer til lager eller verksted. CSC-godkjent for sj\u00f8transport. Brukt med transportmerker. Mulighet for isolasjon med 50 mm rockwool og OSB-finer. Klar p\u00e5 opptil 14 dager. Be om pris.","breadcrumb":{"@id":"https:\/\/specialcontainer.dk\/produkt\/20-hc-container-ny\/#breadcrumb"},"inLanguage":"nb-NO","potentialAction":[{"@type":"ReadAction","target":["https:\/\/specialcontainer.dk\/produkt\/20-hc-container-ny\/"]}]},{"@type":"ImageObject","inLanguage":"nb-NO","@id":"https:\/\/specialcontainer.dk\/produkt\/20-hc-container-ny\/#primaryimage","url":"https:\/\/specialcontainer.dk\/wp-content\/uploads\/2023\/10\/STC200967021LBQAAAR_01_A_20_fods_HC_container_main.jpg","contentUrl":"https:\/\/specialcontainer.dk\/wp-content\/uploads\/2023\/10\/STC200967021LBQAAAR_01_A_20_fods_HC_container_main.jpg","width":1024,"height":768},{"@type":"BreadcrumbList","@id":"https:\/\/specialcontainer.dk\/produkt\/20-hc-container-ny\/#breadcrumb","itemListElement":[{"@type":"ListItem","position":1,"name":"Hjem","item":"https:\/\/specialcontainer.dk\/nb\/"},{"@type":"ListItem","position":2,"name":"Shop","item":"https:\/\/specialcontainer.dk\/nb\/shop\/"},{"@type":"ListItem","position":3,"name":"20\u00b4 HC container, ny"}]},{"@type":"WebSite","@id":"https:\/\/specialcontainer.dk\/#website","url":"https:\/\/specialcontainer.dk\/","name":"SpecialContainer.dk","description":"","publisher":{"@id":"https:\/\/specialcontainer.dk\/#organization"},"potentialAction":[{"@type":"SearchAction","target":{"@type":"EntryPoint","urlTemplate":"https:\/\/specialcontainer.dk\/?s={search_term_string}"},"query-input":{"@type":"PropertyValueSpecification","valueRequired":true,"valueName":"search_term_string"}}],"inLanguage":"nb-NO"},{"@type":"Organization","@id":"https:\/\/specialcontainer.dk\/#organization","name":"Specialcontainer","url":"https:\/\/specialcontainer.dk\/","logo":{"@type":"ImageObject","inLanguage":"nb-NO","@id":"https:\/\/specialcontainer.dk\/#\/schema\/logo\/image\/","url":"https:\/\/specialcontainer.dk\/wp-content\/uploads\/2019\/10\/logo-2019-307-x-72-jpg.jpg","contentUrl":"https:\/\/specialcontainer.dk\/wp-content\/uploads\/2019\/10\/logo-2019-307-x-72-jpg.jpg","width":307,"height":72,"caption":"Specialcontainer"},"image":{"@id":"https:\/\/specialcontainer.dk\/#\/schema\/logo\/image\/"}}]}},"_links":{"self":[{"href":"https:\/\/specialcontainer.dk\/nb\/wp-json\/wp\/v2\/product\/90618","targetHints":{"allow":["GET"]}}],"collection":[{"href":"https:\/\/specialcontainer.dk\/nb\/wp-json\/wp\/v2\/product"}],"about":[{"href":"https:\/\/specialcontainer.dk\/nb\/wp-json\/wp\/v2\/types\/product"}],"wp:featuredmedia":[{"embeddable":true,"href":"https:\/\/specialcontainer.dk\/nb\/wp-json\/wp\/v2\/media\/102000"}],"wp:attachment":[{"href":"https:\/\/specialcontainer.dk\/nb\/wp-json\/wp\/v2\/media?parent=90618"}],"wp:term":[{"taxonomy":"product_brand","embeddable":true,"href":"https:\/\/specialcontainer.dk\/nb\/wp-json\/wp\/v2\/product_brand?post=90618"},{"taxonomy":"product_cat","embeddable":true,"href":"https:\/\/specialcontainer.dk\/nb\/wp-json\/wp\/v2\/product_cat?post=90618"},{"taxonomy":"product_tag","embeddable":true,"href":"https:\/\/specialcontainer.dk\/nb\/wp-json\/wp\/v2\/product_tag?post=90618"}],"curies":[{"name":"wp","href":"https:\/\/api.w.org\/{rel}","templated":true}]}}