{"id":90614,"date":"2026-04-10T11:10:29","date_gmt":"2026-04-10T09:10:29","guid":{"rendered":"https:\/\/specialcontainer.dk\/\/produkt\/20%e2%80%b2-for-kjemikalier-ny\/"},"modified":"2026-04-10T11:51:28","modified_gmt":"2026-04-10T09:51:28","slug":"20-container-med-sidedoere-og-med-spildbakke-ny","status":"publish","type":"product","link":"https:\/\/specialcontainer.dk\/nb\/produkt\/20-container-med-sidedoere-og-med-spildbakke-ny\/","title":{"rendered":"20&#8242; container med sided\u00f8rer og med spillbakke, ny"},"content":{"rendered":"<p data-end=\"240\" data-start=\"0\">Containerne er for &oslash;yeblikket ikke p&aring; lager. Forventet tilbake p&aring; lager i juni. Prisen justeres i juni avhengig av kostnadene for &aring; hente containerne til Danmark. Den n&aring;v&aelig;rende prisen er kun veiledende basert p&aring; hva de tidligere har kostet.<\/p>\n<p data-end=\"510\" data-is-last-node=\"\" data-is-only-node=\"\" data-start=\"242\">Beholderen er delt inn i 3. &laquo;Skilleveggene&raquo; er laget p&aring; grunn av gaffellommene i bunnen. Hvis v&aelig;sken stiger veldig h&oslash;yt, kan den imidlertid renne over gaffellommen (skilleveggen) og inn i neste kammer. Alle de 3 separate kamrene har sin egen kran p&aring; siden for t&oslash;mming.<\/p>\n","protected":false},"excerpt":{"rendered":"<ul>\n<li data-end=\"520\" data-start=\"452\">\n<p data-end=\"520\" data-start=\"454\">Container for kjemikalier og v&aelig;sker med tre oppsamlingsseksjoner<\/p>\n<\/li>\n<li data-end=\"556\" data-start=\"521\">\n<p data-end=\"556\" data-start=\"523\">Hver seksjon har egen tappekran<\/p>\n<\/li>\n<li data-end=\"614\" data-is-last-node=\"\" data-start=\"557\">\n<p data-end=\"614\" data-is-last-node=\"\" data-start=\"559\">Helt ny med sm&aring; transportskader, l&aring;ser kj&oslash;pes separat<\/p>\n<\/li>\n<\/ul>\n","protected":false},"featured_media":108731,"template":"","meta":[],"product_brand":[],"product_cat":[3486],"product_tag":[],"class_list":{"0":"post-90614","1":"product","2":"type-product","3":"status-publish","4":"has-post-thumbnail","6":"product_cat-wind-energy-containere-nb","7":"pa_access1-normal-adgang","8":"pa_bruttovaegt-30480-kg","9":"pa_bruttovaegt-30480-kg-nb","10":"pa_doeraabning_maal-b-2340-mm-h-2280-mm","11":"pa_doeraabning_maal-b-2340-mm-h-2280-mm-nb","12":"pa_egenvaegt-2220-kg","13":"pa_egenvaegt-2220-kg-nb","14":"pa_farve-blaa-ral-5010","15":"pa_farve-blaa-ral-5010-nb","16":"pa_farve-graa-ral-7016-nb","17":"pa_farve-graa-ral-7016","18":"pa_farve-graa-ral-7021-nb","19":"pa_farve-graa-ral-7021","20":"pa_indre_kapacitet-33-m3","21":"pa_indre_kapacitet-33-m3-nb","22":"pa_indvendige_maal-l-5900-mm-b-2350-mm-h-2390-mm","23":"pa_indvendige_maal-l-5900-mm-b-2350-mm-h-2390-mm-nb","24":"pa_lock_box-uten-laaseboks","25":"pa_maks__last-28325-kg","26":"pa_maks__last-28325-kg-nb","27":"pa_placeringsnavn-aarhus","28":"pa_placeringsnavn-aarhus-nb","29":"pa_placeringsnavn-esbjerg","30":"pa_placeringsnavn-esbjerg-nb","31":"pa_shp_slug-20-container-med-sidedoere-og-med-spildbakke-cma-ny","32":"pa_udvendige_maal-l-6058-mm-x-w-2438-mm-x-h-2591-mm","33":"pa_udvendige_maal-l-6058-mm-x-w-2438-mm-x-h-2591-mm-nb","34":"description-off","36":"first","37":"instock","38":"taxable","39":"shipping-taxable","40":"purchasable","41":"product-type-variable"},"yoast_head":"<!-- This site is optimized with the Yoast SEO plugin v26.0 - https:\/\/yoast.com\/wordpress\/plugins\/seo\/ -->\n<title>20&#039; container med sided\u00f8rer og med spillbakke, ny - SpecialContainer.dk<\/title>\n<meta name=\"description\" content=\"Container med 3 kamre og egne kraner for t\u00f8mming. Ikke p\u00e5 lager n\u00e5 \u2013 forventes juni. Pris justeres etter importkostnader til Danmark.\" \/>\n<meta name=\"robots\" content=\"index, follow, max-snippet:-1, max-image-preview:large, max-video-preview:-1\" \/>\n<link rel=\"canonical\" href=\"https:\/\/specialcontainer.dk\/produkt\/20-container-med-sidedoere-og-med-spildbakke-ny\/\" \/>\n<meta property=\"og:locale\" content=\"nb_NO\" \/>\n<meta property=\"og:type\" content=\"article\" \/>\n<meta property=\"og:title\" content=\"20&#039; container med sided\u00f8rer og med spillbakke, ny - SpecialContainer.dk\" \/>\n<meta property=\"og:description\" content=\"Container med 3 kamre og egne kraner for t\u00f8mming. Ikke p\u00e5 lager n\u00e5 \u2013 forventes juni. Pris justeres etter importkostnader til Danmark.\" \/>\n<meta property=\"og:url\" content=\"https:\/\/specialcontainer.dk\/produkt\/20-container-med-sidedoere-og-med-spildbakke-ny\/\" \/>\n<meta property=\"og:site_name\" content=\"SpecialContainer.dk\" \/>\n<meta property=\"article:modified_time\" content=\"2026-04-10T09:51:28+00:00\" \/>\n<meta property=\"og:image\" content=\"https:\/\/specialcontainer.dk\/wp-content\/uploads\/2021\/09\/1107_01_A_STC20801-7021-1-burned.jpg\" \/>\n\t<meta property=\"og:image:width\" content=\"1024\" \/>\n\t<meta property=\"og:image:height\" content=\"768\" \/>\n\t<meta property=\"og:image:type\" content=\"image\/jpeg\" \/>\n<meta name=\"twitter:card\" content=\"summary_large_image\" \/>\n<meta name=\"twitter:label1\" content=\"Ansl. lesetid\" \/>\n\t<meta name=\"twitter:data1\" content=\"1 minutt\" \/>\n<script type=\"application\/ld+json\" class=\"yoast-schema-graph\">{\"@context\":\"https:\/\/schema.org\",\"@graph\":[{\"@type\":\"WebPage\",\"@id\":\"https:\/\/specialcontainer.dk\/produkt\/20-container-med-sidedoere-og-med-spildbakke-ny\/\",\"url\":\"https:\/\/specialcontainer.dk\/produkt\/20-container-med-sidedoere-og-med-spildbakke-ny\/\",\"name\":\"20' container med sided\u00f8rer og med spillbakke, ny - SpecialContainer.dk\",\"isPartOf\":{\"@id\":\"https:\/\/specialcontainer.dk\/#website\"},\"primaryImageOfPage\":{\"@id\":\"https:\/\/specialcontainer.dk\/produkt\/20-container-med-sidedoere-og-med-spildbakke-ny\/#primaryimage\"},\"image\":{\"@id\":\"https:\/\/specialcontainer.dk\/produkt\/20-container-med-sidedoere-og-med-spildbakke-ny\/#primaryimage\"},\"thumbnailUrl\":\"https:\/\/specialcontainer.dk\/wp-content\/uploads\/2026\/04\/1107_01_A_STC20801-7021-1-burned.jpg\",\"datePublished\":\"2026-04-10T09:10:29+00:00\",\"dateModified\":\"2026-04-10T09:51:28+00:00\",\"description\":\"Container med 3 kamre og egne kraner for t\u00f8mming. Ikke p\u00e5 lager n\u00e5 \u2013 forventes juni. Pris justeres etter importkostnader til Danmark.\",\"breadcrumb\":{\"@id\":\"https:\/\/specialcontainer.dk\/produkt\/20-container-med-sidedoere-og-med-spildbakke-ny\/#breadcrumb\"},\"inLanguage\":\"nb-NO\",\"potentialAction\":[{\"@type\":\"ReadAction\",\"target\":[\"https:\/\/specialcontainer.dk\/produkt\/20-container-med-sidedoere-og-med-spildbakke-ny\/\"]}]},{\"@type\":\"ImageObject\",\"inLanguage\":\"nb-NO\",\"@id\":\"https:\/\/specialcontainer.dk\/produkt\/20-container-med-sidedoere-og-med-spildbakke-ny\/#primaryimage\",\"url\":\"https:\/\/specialcontainer.dk\/wp-content\/uploads\/2026\/04\/1107_01_A_STC20801-7021-1-burned.jpg\",\"contentUrl\":\"https:\/\/specialcontainer.dk\/wp-content\/uploads\/2026\/04\/1107_01_A_STC20801-7021-1-burned.jpg\",\"width\":1024,\"height\":768},{\"@type\":\"BreadcrumbList\",\"@id\":\"https:\/\/specialcontainer.dk\/produkt\/20-container-med-sidedoere-og-med-spildbakke-ny\/#breadcrumb\",\"itemListElement\":[{\"@type\":\"ListItem\",\"position\":1,\"name\":\"Hjem\",\"item\":\"https:\/\/specialcontainer.dk\/nb\/\"},{\"@type\":\"ListItem\",\"position\":2,\"name\":\"Shop\",\"item\":\"https:\/\/specialcontainer.dk\/nb\/shop\/\"},{\"@type\":\"ListItem\",\"position\":3,\"name\":\"20&#8242; container med sided\u00f8rer og med spillbakke, ny\"}]},{\"@type\":\"WebSite\",\"@id\":\"https:\/\/specialcontainer.dk\/#website\",\"url\":\"https:\/\/specialcontainer.dk\/\",\"name\":\"SpecialContainer.dk\",\"description\":\"\",\"publisher\":{\"@id\":\"https:\/\/specialcontainer.dk\/#organization\"},\"potentialAction\":[{\"@type\":\"SearchAction\",\"target\":{\"@type\":\"EntryPoint\",\"urlTemplate\":\"https:\/\/specialcontainer.dk\/?s={search_term_string}\"},\"query-input\":{\"@type\":\"PropertyValueSpecification\",\"valueRequired\":true,\"valueName\":\"search_term_string\"}}],\"inLanguage\":\"nb-NO\"},{\"@type\":\"Organization\",\"@id\":\"https:\/\/specialcontainer.dk\/#organization\",\"name\":\"Specialcontainer\",\"url\":\"https:\/\/specialcontainer.dk\/\",\"logo\":{\"@type\":\"ImageObject\",\"inLanguage\":\"nb-NO\",\"@id\":\"https:\/\/specialcontainer.dk\/#\/schema\/logo\/image\/\",\"url\":\"https:\/\/specialcontainer.dk\/wp-content\/uploads\/2019\/10\/logo-2019-307-x-72-jpg.jpg\",\"contentUrl\":\"https:\/\/specialcontainer.dk\/wp-content\/uploads\/2019\/10\/logo-2019-307-x-72-jpg.jpg\",\"width\":307,\"height\":72,\"caption\":\"Specialcontainer\"},\"image\":{\"@id\":\"https:\/\/specialcontainer.dk\/#\/schema\/logo\/image\/\"}}]}<\/script>\n<!-- \/ Yoast SEO plugin. -->","yoast_head_json":{"title":"20' container med sided\u00f8rer og med spillbakke, ny - SpecialContainer.dk","description":"Container med 3 kamre og egne kraner for t\u00f8mming. Ikke p\u00e5 lager n\u00e5 \u2013 forventes juni. Pris justeres etter importkostnader til Danmark.","robots":{"index":"index","follow":"follow","max-snippet":"max-snippet:-1","max-image-preview":"max-image-preview:large","max-video-preview":"max-video-preview:-1"},"canonical":"https:\/\/specialcontainer.dk\/produkt\/20-container-med-sidedoere-og-med-spildbakke-ny\/","og_locale":"nb_NO","og_type":"article","og_title":"20' container med sided\u00f8rer og med spillbakke, ny - SpecialContainer.dk","og_description":"Container med 3 kamre og egne kraner for t\u00f8mming. Ikke p\u00e5 lager n\u00e5 \u2013 forventes juni. Pris justeres etter importkostnader til Danmark.","og_url":"https:\/\/specialcontainer.dk\/produkt\/20-container-med-sidedoere-og-med-spildbakke-ny\/","og_site_name":"SpecialContainer.dk","article_modified_time":"2026-04-10T09:51:28+00:00","og_image":[{"width":1024,"height":768,"url":"https:\/\/specialcontainer.dk\/wp-content\/uploads\/2021\/09\/1107_01_A_STC20801-7021-1-burned.jpg","type":"image\/jpeg"}],"twitter_card":"summary_large_image","twitter_misc":{"Ansl. lesetid":"1 minutt"},"schema":{"@context":"https:\/\/schema.org","@graph":[{"@type":"WebPage","@id":"https:\/\/specialcontainer.dk\/produkt\/20-container-med-sidedoere-og-med-spildbakke-ny\/","url":"https:\/\/specialcontainer.dk\/produkt\/20-container-med-sidedoere-og-med-spildbakke-ny\/","name":"20' container med sided\u00f8rer og med spillbakke, ny - SpecialContainer.dk","isPartOf":{"@id":"https:\/\/specialcontainer.dk\/#website"},"primaryImageOfPage":{"@id":"https:\/\/specialcontainer.dk\/produkt\/20-container-med-sidedoere-og-med-spildbakke-ny\/#primaryimage"},"image":{"@id":"https:\/\/specialcontainer.dk\/produkt\/20-container-med-sidedoere-og-med-spildbakke-ny\/#primaryimage"},"thumbnailUrl":"https:\/\/specialcontainer.dk\/wp-content\/uploads\/2026\/04\/1107_01_A_STC20801-7021-1-burned.jpg","datePublished":"2026-04-10T09:10:29+00:00","dateModified":"2026-04-10T09:51:28+00:00","description":"Container med 3 kamre og egne kraner for t\u00f8mming. Ikke p\u00e5 lager n\u00e5 \u2013 forventes juni. Pris justeres etter importkostnader til Danmark.","breadcrumb":{"@id":"https:\/\/specialcontainer.dk\/produkt\/20-container-med-sidedoere-og-med-spildbakke-ny\/#breadcrumb"},"inLanguage":"nb-NO","potentialAction":[{"@type":"ReadAction","target":["https:\/\/specialcontainer.dk\/produkt\/20-container-med-sidedoere-og-med-spildbakke-ny\/"]}]},{"@type":"ImageObject","inLanguage":"nb-NO","@id":"https:\/\/specialcontainer.dk\/produkt\/20-container-med-sidedoere-og-med-spildbakke-ny\/#primaryimage","url":"https:\/\/specialcontainer.dk\/wp-content\/uploads\/2026\/04\/1107_01_A_STC20801-7021-1-burned.jpg","contentUrl":"https:\/\/specialcontainer.dk\/wp-content\/uploads\/2026\/04\/1107_01_A_STC20801-7021-1-burned.jpg","width":1024,"height":768},{"@type":"BreadcrumbList","@id":"https:\/\/specialcontainer.dk\/produkt\/20-container-med-sidedoere-og-med-spildbakke-ny\/#breadcrumb","itemListElement":[{"@type":"ListItem","position":1,"name":"Hjem","item":"https:\/\/specialcontainer.dk\/nb\/"},{"@type":"ListItem","position":2,"name":"Shop","item":"https:\/\/specialcontainer.dk\/nb\/shop\/"},{"@type":"ListItem","position":3,"name":"20&#8242; container med sided\u00f8rer og med spillbakke, ny"}]},{"@type":"WebSite","@id":"https:\/\/specialcontainer.dk\/#website","url":"https:\/\/specialcontainer.dk\/","name":"SpecialContainer.dk","description":"","publisher":{"@id":"https:\/\/specialcontainer.dk\/#organization"},"potentialAction":[{"@type":"SearchAction","target":{"@type":"EntryPoint","urlTemplate":"https:\/\/specialcontainer.dk\/?s={search_term_string}"},"query-input":{"@type":"PropertyValueSpecification","valueRequired":true,"valueName":"search_term_string"}}],"inLanguage":"nb-NO"},{"@type":"Organization","@id":"https:\/\/specialcontainer.dk\/#organization","name":"Specialcontainer","url":"https:\/\/specialcontainer.dk\/","logo":{"@type":"ImageObject","inLanguage":"nb-NO","@id":"https:\/\/specialcontainer.dk\/#\/schema\/logo\/image\/","url":"https:\/\/specialcontainer.dk\/wp-content\/uploads\/2019\/10\/logo-2019-307-x-72-jpg.jpg","contentUrl":"https:\/\/specialcontainer.dk\/wp-content\/uploads\/2019\/10\/logo-2019-307-x-72-jpg.jpg","width":307,"height":72,"caption":"Specialcontainer"},"image":{"@id":"https:\/\/specialcontainer.dk\/#\/schema\/logo\/image\/"}}]}},"_links":{"self":[{"href":"https:\/\/specialcontainer.dk\/nb\/wp-json\/wp\/v2\/product\/90614","targetHints":{"allow":["GET"]}}],"collection":[{"href":"https:\/\/specialcontainer.dk\/nb\/wp-json\/wp\/v2\/product"}],"about":[{"href":"https:\/\/specialcontainer.dk\/nb\/wp-json\/wp\/v2\/types\/product"}],"wp:featuredmedia":[{"embeddable":true,"href":"https:\/\/specialcontainer.dk\/nb\/wp-json\/wp\/v2\/media\/108731"}],"wp:attachment":[{"href":"https:\/\/specialcontainer.dk\/nb\/wp-json\/wp\/v2\/media?parent=90614"}],"wp:term":[{"taxonomy":"product_brand","embeddable":true,"href":"https:\/\/specialcontainer.dk\/nb\/wp-json\/wp\/v2\/product_brand?post=90614"},{"taxonomy":"product_cat","embeddable":true,"href":"https:\/\/specialcontainer.dk\/nb\/wp-json\/wp\/v2\/product_cat?post=90614"},{"taxonomy":"product_tag","embeddable":true,"href":"https:\/\/specialcontainer.dk\/nb\/wp-json\/wp\/v2\/product_tag?post=90614"}],"curies":[{"name":"wp","href":"https:\/\/api.w.org\/{rel}","templated":true}]}}