{"id":90612,"date":"2026-01-14T08:26:50","date_gmt":"2026-01-14T07:26:50","guid":{"rendered":"https:\/\/specialcontainer.dk\/\/produkt\/20-high-cube-med-sidedoerer-ny\/"},"modified":"2026-01-14T08:30:37","modified_gmt":"2026-01-14T07:30:37","slug":"20-hc-med-sidedoere-nye","status":"publish","type":"product","link":"https:\/\/specialcontainer.dk\/nb\/produkt\/20-hc-med-sidedoere-nye\/","title":{"rendered":"20&#8242; high cube med sided\u00f8rer, ny"},"content":{"rendered":"<p>20&#8242; HC sided&oslash;rs container kan brukes til oppbevaring og som lager. Containeren er CSC-godkjent for standard sj&oslash;transport. Den leveres som standard i bl&aring; (RAL 5013) og sort (RAL 9005). Andre farger er ogs&aring; tilgjengelige &ndash; enten til samme pris eller mot et tillegg. Sp&oslash;r oss, s&aring; sjekker vi for deg.<\/p>\n<p>Containeren har seilt &eacute;n tur hjem med varer fra &Oslash;sten, og det kan derfor v&aelig;re riper b&aring;de innvendig og utvendig.<\/p>\n<p>L&aring;ser, l&aring;sebeslag og annet ekstra utstyr er ikke inkludert, men kan kj&oslash;pes i tillegg.<\/p>\n","protected":false},"excerpt":{"rendered":"<ul>\n<li data-end=\"394\" data-start=\"332\">\n<p data-end=\"394\" data-start=\"334\">20&#8242; HC container med sided&oslash;r CSC godkjent for sj&oslash;transport<\/p>\n<\/li>\n<li data-end=\"467\" data-start=\"395\">\n<p data-end=\"467\" data-start=\"397\">Standard i bl&aring; RAL 5013 og svart RAL 9005, andre farger tilgjengelig<\/p>\n<\/li>\n<li data-end=\"533\" data-start=\"468\">\n<p data-end=\"533\" data-start=\"470\">Kan isoleres med 50 mm steinull og OSB, levering ca. 14 dager<\/p>\n<\/li>\n<\/ul>\n","protected":false},"featured_media":95906,"template":"","meta":[],"product_brand":[],"product_cat":[6538],"product_tag":[],"class_list":{"0":"post-90612","1":"product","2":"type-product","3":"status-publish","4":"has-post-thumbnail","6":"product_cat-containere-nb","7":"pa_access1-kvik-adgang","8":"pa_access1-kvik-adgang-nb","9":"pa_access1-normal-adgang","10":"pa_bruttovaegt-30480-kg","11":"pa_bruttovaegt-30480-kg-nb","12":"pa_doeraabning_maal-w-2226-mm-x-h-2494-mm","13":"pa_doeraabning_maal-w-2226-mm-x-h-2494-mm-nb","14":"pa_egenvaegt-3250-kg","15":"pa_egenvaegt-3250-kg-nb","16":"pa_farve-blaa-ral-5013","17":"pa_farve-blaa-ral-5013-nb","18":"pa_farve-sort-ral-9005-nb","19":"pa_farve-svart-ral-9005","20":"pa_indre_kapacitet-35-cma-20-m3","21":"pa_indre_kapacitet-35-cma-20-m3-nb","22":"pa_indvendige_maal-l-5898-mm-x-w-2287-mm-x-h-2607-mm","23":"pa_indvendige_maal-l-5898-mm-x-w-2287-mm-x-h-2607-mm-nb","24":"pa_lock_box-laaseboks","25":"pa_lock_box-laaseboks-nb","26":"pa_lock_box-uten-laaseboks","27":"pa_maks__last-27230-kg","28":"pa_maks__last-27230-kg-nb","29":"pa_placeringsnavn-aarhus","30":"pa_placeringsnavn-aarhus-nb","31":"pa_placeringsnavn-kbh","32":"pa_placeringsnavn-kbh-nb","33":"pa_shp_slug-20-hc-med-sidedoere-cma-nye-nb","34":"pa_shp_slug-20-hc-med-sidedoere-cma-nye","35":"pa_udvendige_maal-l-6058-mm-x-w-2438-mm-x-h-2896-mm","36":"pa_udvendige_maal-l-6058-mm-x-w-2438-mm-x-h-2896-mm-nb","37":"description-off","39":"first","40":"outofstock","41":"taxable","42":"shipping-taxable","43":"purchasable","44":"product-type-variable"},"yoast_head":"<!-- This site is optimized with the Yoast SEO plugin v26.0 - https:\/\/yoast.com\/wordpress\/plugins\/seo\/ -->\n<title>20&#039; high cube med sided\u00f8rer, ny - SpecialContainer.dk<\/title>\n<meta name=\"description\" content=\"20&#039; HC sided\u00f8rs container, CSC-sertifisert for sj\u00f8transport. Perfekt for lagring og lagerbruk. Tilgjengelig i flere farger og med valgfri 50 mm isolasjon.\" \/>\n<meta name=\"robots\" content=\"index, follow, max-snippet:-1, max-image-preview:large, max-video-preview:-1\" \/>\n<link rel=\"canonical\" href=\"https:\/\/specialcontainer.dk\/produkt\/20-hc-med-sidedoere-nye\/\" \/>\n<meta property=\"og:locale\" content=\"nb_NO\" \/>\n<meta property=\"og:type\" content=\"article\" \/>\n<meta property=\"og:title\" content=\"20&#039; high cube med sided\u00f8rer, ny - SpecialContainer.dk\" \/>\n<meta property=\"og:description\" content=\"20&#039; HC sided\u00f8rs container, CSC-sertifisert for sj\u00f8transport. Perfekt for lagring og lagerbruk. Tilgjengelig i flere farger og med valgfri 50 mm isolasjon.\" \/>\n<meta property=\"og:url\" content=\"https:\/\/specialcontainer.dk\/produkt\/20-hc-med-sidedoere-nye\/\" \/>\n<meta property=\"og:site_name\" content=\"SpecialContainer.dk\" \/>\n<meta property=\"article:modified_time\" content=\"2026-01-14T07:30:37+00:00\" \/>\n<meta property=\"og:image\" content=\"https:\/\/specialcontainer.dk\/wp-content\/uploads\/2021\/09\/20-HC-OS-STC_01_A_20-HC-side-door-end-door-5013-1-burned.jpg\" \/>\n\t<meta property=\"og:image:width\" content=\"1024\" \/>\n\t<meta property=\"og:image:height\" content=\"806\" \/>\n\t<meta property=\"og:image:type\" content=\"image\/jpeg\" \/>\n<meta name=\"twitter:card\" content=\"summary_large_image\" \/>\n<meta name=\"twitter:label1\" content=\"Ansl. lesetid\" \/>\n\t<meta name=\"twitter:data1\" content=\"1 minutt\" \/>\n<script type=\"application\/ld+json\" class=\"yoast-schema-graph\">{\"@context\":\"https:\/\/schema.org\",\"@graph\":[{\"@type\":\"WebPage\",\"@id\":\"https:\/\/specialcontainer.dk\/produkt\/20-hc-med-sidedoere-nye\/\",\"url\":\"https:\/\/specialcontainer.dk\/produkt\/20-hc-med-sidedoere-nye\/\",\"name\":\"20' high cube med sided\u00f8rer, ny - SpecialContainer.dk\",\"isPartOf\":{\"@id\":\"https:\/\/specialcontainer.dk\/#website\"},\"primaryImageOfPage\":{\"@id\":\"https:\/\/specialcontainer.dk\/produkt\/20-hc-med-sidedoere-nye\/#primaryimage\"},\"image\":{\"@id\":\"https:\/\/specialcontainer.dk\/produkt\/20-hc-med-sidedoere-nye\/#primaryimage\"},\"thumbnailUrl\":\"https:\/\/specialcontainer.dk\/wp-content\/uploads\/2021\/09\/20-HC-OS-STC_01_A_20-HC-side-door-end-door-5013-1-burned.jpg\",\"datePublished\":\"2026-01-14T07:26:50+00:00\",\"dateModified\":\"2026-01-14T07:30:37+00:00\",\"description\":\"20' HC sided\u00f8rs container, CSC-sertifisert for sj\u00f8transport. Perfekt for lagring og lagerbruk. Tilgjengelig i flere farger og med valgfri 50 mm isolasjon.\",\"breadcrumb\":{\"@id\":\"https:\/\/specialcontainer.dk\/produkt\/20-hc-med-sidedoere-nye\/#breadcrumb\"},\"inLanguage\":\"nb-NO\",\"potentialAction\":[{\"@type\":\"ReadAction\",\"target\":[\"https:\/\/specialcontainer.dk\/produkt\/20-hc-med-sidedoere-nye\/\"]}]},{\"@type\":\"ImageObject\",\"inLanguage\":\"nb-NO\",\"@id\":\"https:\/\/specialcontainer.dk\/produkt\/20-hc-med-sidedoere-nye\/#primaryimage\",\"url\":\"https:\/\/specialcontainer.dk\/wp-content\/uploads\/2021\/09\/20-HC-OS-STC_01_A_20-HC-side-door-end-door-5013-1-burned.jpg\",\"contentUrl\":\"https:\/\/specialcontainer.dk\/wp-content\/uploads\/2021\/09\/20-HC-OS-STC_01_A_20-HC-side-door-end-door-5013-1-burned.jpg\",\"width\":1024,\"height\":806},{\"@type\":\"BreadcrumbList\",\"@id\":\"https:\/\/specialcontainer.dk\/produkt\/20-hc-med-sidedoere-nye\/#breadcrumb\",\"itemListElement\":[{\"@type\":\"ListItem\",\"position\":1,\"name\":\"Hjem\",\"item\":\"https:\/\/specialcontainer.dk\/nb\/\"},{\"@type\":\"ListItem\",\"position\":2,\"name\":\"Shop\",\"item\":\"https:\/\/specialcontainer.dk\/nb\/shop\/\"},{\"@type\":\"ListItem\",\"position\":3,\"name\":\"20&#8242; high cube med sided\u00f8rer, ny\"}]},{\"@type\":\"WebSite\",\"@id\":\"https:\/\/specialcontainer.dk\/#website\",\"url\":\"https:\/\/specialcontainer.dk\/\",\"name\":\"SpecialContainer.dk\",\"description\":\"\",\"publisher\":{\"@id\":\"https:\/\/specialcontainer.dk\/#organization\"},\"potentialAction\":[{\"@type\":\"SearchAction\",\"target\":{\"@type\":\"EntryPoint\",\"urlTemplate\":\"https:\/\/specialcontainer.dk\/?s={search_term_string}\"},\"query-input\":{\"@type\":\"PropertyValueSpecification\",\"valueRequired\":true,\"valueName\":\"search_term_string\"}}],\"inLanguage\":\"nb-NO\"},{\"@type\":\"Organization\",\"@id\":\"https:\/\/specialcontainer.dk\/#organization\",\"name\":\"Specialcontainer\",\"url\":\"https:\/\/specialcontainer.dk\/\",\"logo\":{\"@type\":\"ImageObject\",\"inLanguage\":\"nb-NO\",\"@id\":\"https:\/\/specialcontainer.dk\/#\/schema\/logo\/image\/\",\"url\":\"https:\/\/specialcontainer.dk\/wp-content\/uploads\/2019\/10\/logo-2019-307-x-72-jpg.jpg\",\"contentUrl\":\"https:\/\/specialcontainer.dk\/wp-content\/uploads\/2019\/10\/logo-2019-307-x-72-jpg.jpg\",\"width\":307,\"height\":72,\"caption\":\"Specialcontainer\"},\"image\":{\"@id\":\"https:\/\/specialcontainer.dk\/#\/schema\/logo\/image\/\"}}]}<\/script>\n<!-- \/ Yoast SEO plugin. -->","yoast_head_json":{"title":"20' high cube med sided\u00f8rer, ny - SpecialContainer.dk","description":"20' HC sided\u00f8rs container, CSC-sertifisert for sj\u00f8transport. Perfekt for lagring og lagerbruk. Tilgjengelig i flere farger og med valgfri 50 mm isolasjon.","robots":{"index":"index","follow":"follow","max-snippet":"max-snippet:-1","max-image-preview":"max-image-preview:large","max-video-preview":"max-video-preview:-1"},"canonical":"https:\/\/specialcontainer.dk\/produkt\/20-hc-med-sidedoere-nye\/","og_locale":"nb_NO","og_type":"article","og_title":"20' high cube med sided\u00f8rer, ny - SpecialContainer.dk","og_description":"20' HC sided\u00f8rs container, CSC-sertifisert for sj\u00f8transport. Perfekt for lagring og lagerbruk. Tilgjengelig i flere farger og med valgfri 50 mm isolasjon.","og_url":"https:\/\/specialcontainer.dk\/produkt\/20-hc-med-sidedoere-nye\/","og_site_name":"SpecialContainer.dk","article_modified_time":"2026-01-14T07:30:37+00:00","og_image":[{"width":1024,"height":806,"url":"https:\/\/specialcontainer.dk\/wp-content\/uploads\/2021\/09\/20-HC-OS-STC_01_A_20-HC-side-door-end-door-5013-1-burned.jpg","type":"image\/jpeg"}],"twitter_card":"summary_large_image","twitter_misc":{"Ansl. lesetid":"1 minutt"},"schema":{"@context":"https:\/\/schema.org","@graph":[{"@type":"WebPage","@id":"https:\/\/specialcontainer.dk\/produkt\/20-hc-med-sidedoere-nye\/","url":"https:\/\/specialcontainer.dk\/produkt\/20-hc-med-sidedoere-nye\/","name":"20' high cube med sided\u00f8rer, ny - SpecialContainer.dk","isPartOf":{"@id":"https:\/\/specialcontainer.dk\/#website"},"primaryImageOfPage":{"@id":"https:\/\/specialcontainer.dk\/produkt\/20-hc-med-sidedoere-nye\/#primaryimage"},"image":{"@id":"https:\/\/specialcontainer.dk\/produkt\/20-hc-med-sidedoere-nye\/#primaryimage"},"thumbnailUrl":"https:\/\/specialcontainer.dk\/wp-content\/uploads\/2021\/09\/20-HC-OS-STC_01_A_20-HC-side-door-end-door-5013-1-burned.jpg","datePublished":"2026-01-14T07:26:50+00:00","dateModified":"2026-01-14T07:30:37+00:00","description":"20' HC sided\u00f8rs container, CSC-sertifisert for sj\u00f8transport. Perfekt for lagring og lagerbruk. Tilgjengelig i flere farger og med valgfri 50 mm isolasjon.","breadcrumb":{"@id":"https:\/\/specialcontainer.dk\/produkt\/20-hc-med-sidedoere-nye\/#breadcrumb"},"inLanguage":"nb-NO","potentialAction":[{"@type":"ReadAction","target":["https:\/\/specialcontainer.dk\/produkt\/20-hc-med-sidedoere-nye\/"]}]},{"@type":"ImageObject","inLanguage":"nb-NO","@id":"https:\/\/specialcontainer.dk\/produkt\/20-hc-med-sidedoere-nye\/#primaryimage","url":"https:\/\/specialcontainer.dk\/wp-content\/uploads\/2021\/09\/20-HC-OS-STC_01_A_20-HC-side-door-end-door-5013-1-burned.jpg","contentUrl":"https:\/\/specialcontainer.dk\/wp-content\/uploads\/2021\/09\/20-HC-OS-STC_01_A_20-HC-side-door-end-door-5013-1-burned.jpg","width":1024,"height":806},{"@type":"BreadcrumbList","@id":"https:\/\/specialcontainer.dk\/produkt\/20-hc-med-sidedoere-nye\/#breadcrumb","itemListElement":[{"@type":"ListItem","position":1,"name":"Hjem","item":"https:\/\/specialcontainer.dk\/nb\/"},{"@type":"ListItem","position":2,"name":"Shop","item":"https:\/\/specialcontainer.dk\/nb\/shop\/"},{"@type":"ListItem","position":3,"name":"20&#8242; high cube med sided\u00f8rer, ny"}]},{"@type":"WebSite","@id":"https:\/\/specialcontainer.dk\/#website","url":"https:\/\/specialcontainer.dk\/","name":"SpecialContainer.dk","description":"","publisher":{"@id":"https:\/\/specialcontainer.dk\/#organization"},"potentialAction":[{"@type":"SearchAction","target":{"@type":"EntryPoint","urlTemplate":"https:\/\/specialcontainer.dk\/?s={search_term_string}"},"query-input":{"@type":"PropertyValueSpecification","valueRequired":true,"valueName":"search_term_string"}}],"inLanguage":"nb-NO"},{"@type":"Organization","@id":"https:\/\/specialcontainer.dk\/#organization","name":"Specialcontainer","url":"https:\/\/specialcontainer.dk\/","logo":{"@type":"ImageObject","inLanguage":"nb-NO","@id":"https:\/\/specialcontainer.dk\/#\/schema\/logo\/image\/","url":"https:\/\/specialcontainer.dk\/wp-content\/uploads\/2019\/10\/logo-2019-307-x-72-jpg.jpg","contentUrl":"https:\/\/specialcontainer.dk\/wp-content\/uploads\/2019\/10\/logo-2019-307-x-72-jpg.jpg","width":307,"height":72,"caption":"Specialcontainer"},"image":{"@id":"https:\/\/specialcontainer.dk\/#\/schema\/logo\/image\/"}}]}},"_links":{"self":[{"href":"https:\/\/specialcontainer.dk\/nb\/wp-json\/wp\/v2\/product\/90612","targetHints":{"allow":["GET"]}}],"collection":[{"href":"https:\/\/specialcontainer.dk\/nb\/wp-json\/wp\/v2\/product"}],"about":[{"href":"https:\/\/specialcontainer.dk\/nb\/wp-json\/wp\/v2\/types\/product"}],"wp:featuredmedia":[{"embeddable":true,"href":"https:\/\/specialcontainer.dk\/nb\/wp-json\/wp\/v2\/media\/95906"}],"wp:attachment":[{"href":"https:\/\/specialcontainer.dk\/nb\/wp-json\/wp\/v2\/media?parent=90612"}],"wp:term":[{"taxonomy":"product_brand","embeddable":true,"href":"https:\/\/specialcontainer.dk\/nb\/wp-json\/wp\/v2\/product_brand?post=90612"},{"taxonomy":"product_cat","embeddable":true,"href":"https:\/\/specialcontainer.dk\/nb\/wp-json\/wp\/v2\/product_cat?post=90612"},{"taxonomy":"product_tag","embeddable":true,"href":"https:\/\/specialcontainer.dk\/nb\/wp-json\/wp\/v2\/product_tag?post=90612"}],"curies":[{"name":"wp","href":"https:\/\/api.w.org\/{rel}","templated":true}]}}