{"id":105588,"date":"2026-04-17T12:01:30","date_gmt":"2026-04-17T10:01:30","guid":{"rendered":"https:\/\/specialcontainer.dk\/produkt\/40-hc-graa-container-med-almindelig-sidedoer-2\/"},"modified":"2026-04-17T12:01:30","modified_gmt":"2026-04-17T10:01:30","slug":"40-hc-graa-container-med-almindelig-sidedoer","status":"publish","type":"product","link":"https:\/\/specialcontainer.dk\/nb\/produkt\/40-hc-graa-container-med-almindelig-sidedoer\/","title":{"rendered":"40\u00b4 HC gr\u00e5 container med vanlig sided\u00f8r"},"content":{"rendered":"<p>Brukt 40 fots High Cube isolert container med 3 separate rom<\/p>\n<p>Denne brukte 40 fots High Cube-containeren er delt inn i tre separate rom, hver med egen adkomst fra siden. Containeren er isolert, noe som gj&oslash;r den egnet for mange ulike form&aring;l.<\/p>\n<p>Den fleksible l&oslash;sningen gir mulighet for bruk til lagring, arbeidsomr&aring;der eller tekniske installasjoner &ndash; avhengig av behov.<\/p>\n<p><strong>Spesifikasjoner:<\/strong><\/p>\n<p>&#8211; 3 separate rom<br \/>&#8211; Separate inngangsd&oslash;rer fra siden<br \/>&#8211; Isolert container<\/p>\n","protected":false},"excerpt":{"rendered":"<p>&bull; Brukt 40 fots HC isolert container delt inn i 3 separate rom<br data-end=\"1782\" data-start=\"1779\" \/>&bull; Egen sided&oslash;rer gir fleksibel bruk<br data-end=\"1820\" data-start=\"1817\" \/>&bull; Egnet til flere form&aring;l<\/p>\n","protected":false},"featured_media":108177,"template":"","meta":[],"product_brand":[],"product_cat":[6430],"product_tag":[],"class_list":{"0":"post-105588","1":"product","2":"type-product","3":"status-publish","4":"has-post-thumbnail","6":"product_cat-brukte-og-renoverte-containere","7":"pa_additions-ekstra-isoleret","8":"pa_height-high-cube","9":"pa_shp_slug-40-hc-graa-container-med-almindelig-sidedoer","10":"pa_stand-brukt","11":"pa_usr_size-40-fot","12":"description-off","14":"first","15":"instock","16":"taxable","17":"shipping-taxable","18":"purchasable","19":"product-type-simple"},"yoast_head":"<!-- This site is optimized with the Yoast SEO plugin v26.0 - https:\/\/yoast.com\/wordpress\/plugins\/seo\/ -->\n<title>40\u00b4 HC gr\u00e5 container med vanlig sided\u00f8r - SpecialContainer.dk<\/title>\n<meta name=\"description\" content=\"Brukt 40 fots HC isolert container med 3 separate rom, sided\u00f8rer og ventilasjon. Fleksibel l\u00f8sning for lagring, teknisk bruk eller arbeidsomr\u00e5de. Se mer hos Specialcontainer.\" \/>\n<meta name=\"robots\" content=\"index, follow, max-snippet:-1, max-image-preview:large, max-video-preview:-1\" \/>\n<link rel=\"canonical\" href=\"https:\/\/specialcontainer.dk\/produkt\/40-hc-graa-container-med-almindelig-sidedoer\/\" \/>\n<meta property=\"og:locale\" content=\"nb_NO\" \/>\n<meta property=\"og:type\" content=\"article\" \/>\n<meta property=\"og:title\" content=\"40\u00b4 HC gr\u00e5 container med vanlig sided\u00f8r - SpecialContainer.dk\" \/>\n<meta property=\"og:description\" content=\"Brukt 40 fots HC isolert container med 3 separate rom, sided\u00f8rer og ventilasjon. Fleksibel l\u00f8sning for lagring, teknisk bruk eller arbeidsomr\u00e5de. Se mer hos Specialcontainer.\" \/>\n<meta property=\"og:url\" content=\"https:\/\/specialcontainer.dk\/produkt\/40-hc-graa-container-med-almindelig-sidedoer\/\" \/>\n<meta property=\"og:site_name\" content=\"SpecialContainer.dk\" \/>\n<meta property=\"og:image\" content=\"https:\/\/specialcontainer.dk\/wp-content\/uploads\/2026\/02\/SKYU881_01_A-40-fods-container-med-almindelig-sidedoer.jpg\" \/>\n\t<meta property=\"og:image:width\" content=\"1024\" \/>\n\t<meta property=\"og:image:height\" content=\"768\" \/>\n\t<meta property=\"og:image:type\" content=\"image\/jpeg\" \/>\n<meta name=\"twitter:card\" content=\"summary_large_image\" \/>\n<script type=\"application\/ld+json\" class=\"yoast-schema-graph\">{\"@context\":\"https:\/\/schema.org\",\"@graph\":[{\"@type\":\"WebPage\",\"@id\":\"https:\/\/specialcontainer.dk\/produkt\/40-hc-graa-container-med-almindelig-sidedoer\/\",\"url\":\"https:\/\/specialcontainer.dk\/produkt\/40-hc-graa-container-med-almindelig-sidedoer\/\",\"name\":\"40\u00b4 HC gr\u00e5 container med vanlig sided\u00f8r - SpecialContainer.dk\",\"isPartOf\":{\"@id\":\"https:\/\/specialcontainer.dk\/#website\"},\"primaryImageOfPage\":{\"@id\":\"https:\/\/specialcontainer.dk\/produkt\/40-hc-graa-container-med-almindelig-sidedoer\/#primaryimage\"},\"image\":{\"@id\":\"https:\/\/specialcontainer.dk\/produkt\/40-hc-graa-container-med-almindelig-sidedoer\/#primaryimage\"},\"thumbnailUrl\":\"https:\/\/specialcontainer.dk\/wp-content\/uploads\/2026\/02\/SKYU881_01_A-40-fods-container-med-almindelig-sidedoer.jpg\",\"datePublished\":\"2026-04-17T10:01:30+00:00\",\"description\":\"Brukt 40 fots HC isolert container med 3 separate rom, sided\u00f8rer og ventilasjon. Fleksibel l\u00f8sning for lagring, teknisk bruk eller arbeidsomr\u00e5de. Se mer hos Specialcontainer.\",\"breadcrumb\":{\"@id\":\"https:\/\/specialcontainer.dk\/produkt\/40-hc-graa-container-med-almindelig-sidedoer\/#breadcrumb\"},\"inLanguage\":\"nb-NO\",\"potentialAction\":[{\"@type\":\"ReadAction\",\"target\":[\"https:\/\/specialcontainer.dk\/produkt\/40-hc-graa-container-med-almindelig-sidedoer\/\"]}]},{\"@type\":\"ImageObject\",\"inLanguage\":\"nb-NO\",\"@id\":\"https:\/\/specialcontainer.dk\/produkt\/40-hc-graa-container-med-almindelig-sidedoer\/#primaryimage\",\"url\":\"https:\/\/specialcontainer.dk\/wp-content\/uploads\/2026\/02\/SKYU881_01_A-40-fods-container-med-almindelig-sidedoer.jpg\",\"contentUrl\":\"https:\/\/specialcontainer.dk\/wp-content\/uploads\/2026\/02\/SKYU881_01_A-40-fods-container-med-almindelig-sidedoer.jpg\",\"width\":1024,\"height\":768},{\"@type\":\"BreadcrumbList\",\"@id\":\"https:\/\/specialcontainer.dk\/produkt\/40-hc-graa-container-med-almindelig-sidedoer\/#breadcrumb\",\"itemListElement\":[{\"@type\":\"ListItem\",\"position\":1,\"name\":\"Hjem\",\"item\":\"https:\/\/specialcontainer.dk\/nb\/\"},{\"@type\":\"ListItem\",\"position\":2,\"name\":\"Shop\",\"item\":\"https:\/\/specialcontainer.dk\/nb\/shop\/\"},{\"@type\":\"ListItem\",\"position\":3,\"name\":\"40\u00b4 HC gr\u00e5 container med vanlig sided\u00f8r\"}]},{\"@type\":\"WebSite\",\"@id\":\"https:\/\/specialcontainer.dk\/#website\",\"url\":\"https:\/\/specialcontainer.dk\/\",\"name\":\"SpecialContainer.dk\",\"description\":\"\",\"publisher\":{\"@id\":\"https:\/\/specialcontainer.dk\/#organization\"},\"potentialAction\":[{\"@type\":\"SearchAction\",\"target\":{\"@type\":\"EntryPoint\",\"urlTemplate\":\"https:\/\/specialcontainer.dk\/?s={search_term_string}\"},\"query-input\":{\"@type\":\"PropertyValueSpecification\",\"valueRequired\":true,\"valueName\":\"search_term_string\"}}],\"inLanguage\":\"nb-NO\"},{\"@type\":\"Organization\",\"@id\":\"https:\/\/specialcontainer.dk\/#organization\",\"name\":\"Specialcontainer\",\"url\":\"https:\/\/specialcontainer.dk\/\",\"logo\":{\"@type\":\"ImageObject\",\"inLanguage\":\"nb-NO\",\"@id\":\"https:\/\/specialcontainer.dk\/#\/schema\/logo\/image\/\",\"url\":\"https:\/\/specialcontainer.dk\/wp-content\/uploads\/2019\/10\/logo-2019-307-x-72-jpg.jpg\",\"contentUrl\":\"https:\/\/specialcontainer.dk\/wp-content\/uploads\/2019\/10\/logo-2019-307-x-72-jpg.jpg\",\"width\":307,\"height\":72,\"caption\":\"Specialcontainer\"},\"image\":{\"@id\":\"https:\/\/specialcontainer.dk\/#\/schema\/logo\/image\/\"}}]}<\/script>\n<!-- \/ Yoast SEO plugin. -->","yoast_head_json":{"title":"40\u00b4 HC gr\u00e5 container med vanlig sided\u00f8r - SpecialContainer.dk","description":"Brukt 40 fots HC isolert container med 3 separate rom, sided\u00f8rer og ventilasjon. Fleksibel l\u00f8sning for lagring, teknisk bruk eller arbeidsomr\u00e5de. Se mer hos Specialcontainer.","robots":{"index":"index","follow":"follow","max-snippet":"max-snippet:-1","max-image-preview":"max-image-preview:large","max-video-preview":"max-video-preview:-1"},"canonical":"https:\/\/specialcontainer.dk\/produkt\/40-hc-graa-container-med-almindelig-sidedoer\/","og_locale":"nb_NO","og_type":"article","og_title":"40\u00b4 HC gr\u00e5 container med vanlig sided\u00f8r - SpecialContainer.dk","og_description":"Brukt 40 fots HC isolert container med 3 separate rom, sided\u00f8rer og ventilasjon. Fleksibel l\u00f8sning for lagring, teknisk bruk eller arbeidsomr\u00e5de. Se mer hos Specialcontainer.","og_url":"https:\/\/specialcontainer.dk\/produkt\/40-hc-graa-container-med-almindelig-sidedoer\/","og_site_name":"SpecialContainer.dk","og_image":[{"width":1024,"height":768,"url":"https:\/\/specialcontainer.dk\/wp-content\/uploads\/2026\/02\/SKYU881_01_A-40-fods-container-med-almindelig-sidedoer.jpg","type":"image\/jpeg"}],"twitter_card":"summary_large_image","schema":{"@context":"https:\/\/schema.org","@graph":[{"@type":"WebPage","@id":"https:\/\/specialcontainer.dk\/produkt\/40-hc-graa-container-med-almindelig-sidedoer\/","url":"https:\/\/specialcontainer.dk\/produkt\/40-hc-graa-container-med-almindelig-sidedoer\/","name":"40\u00b4 HC gr\u00e5 container med vanlig sided\u00f8r - SpecialContainer.dk","isPartOf":{"@id":"https:\/\/specialcontainer.dk\/#website"},"primaryImageOfPage":{"@id":"https:\/\/specialcontainer.dk\/produkt\/40-hc-graa-container-med-almindelig-sidedoer\/#primaryimage"},"image":{"@id":"https:\/\/specialcontainer.dk\/produkt\/40-hc-graa-container-med-almindelig-sidedoer\/#primaryimage"},"thumbnailUrl":"https:\/\/specialcontainer.dk\/wp-content\/uploads\/2026\/02\/SKYU881_01_A-40-fods-container-med-almindelig-sidedoer.jpg","datePublished":"2026-04-17T10:01:30+00:00","description":"Brukt 40 fots HC isolert container med 3 separate rom, sided\u00f8rer og ventilasjon. Fleksibel l\u00f8sning for lagring, teknisk bruk eller arbeidsomr\u00e5de. Se mer hos Specialcontainer.","breadcrumb":{"@id":"https:\/\/specialcontainer.dk\/produkt\/40-hc-graa-container-med-almindelig-sidedoer\/#breadcrumb"},"inLanguage":"nb-NO","potentialAction":[{"@type":"ReadAction","target":["https:\/\/specialcontainer.dk\/produkt\/40-hc-graa-container-med-almindelig-sidedoer\/"]}]},{"@type":"ImageObject","inLanguage":"nb-NO","@id":"https:\/\/specialcontainer.dk\/produkt\/40-hc-graa-container-med-almindelig-sidedoer\/#primaryimage","url":"https:\/\/specialcontainer.dk\/wp-content\/uploads\/2026\/02\/SKYU881_01_A-40-fods-container-med-almindelig-sidedoer.jpg","contentUrl":"https:\/\/specialcontainer.dk\/wp-content\/uploads\/2026\/02\/SKYU881_01_A-40-fods-container-med-almindelig-sidedoer.jpg","width":1024,"height":768},{"@type":"BreadcrumbList","@id":"https:\/\/specialcontainer.dk\/produkt\/40-hc-graa-container-med-almindelig-sidedoer\/#breadcrumb","itemListElement":[{"@type":"ListItem","position":1,"name":"Hjem","item":"https:\/\/specialcontainer.dk\/nb\/"},{"@type":"ListItem","position":2,"name":"Shop","item":"https:\/\/specialcontainer.dk\/nb\/shop\/"},{"@type":"ListItem","position":3,"name":"40\u00b4 HC gr\u00e5 container med vanlig sided\u00f8r"}]},{"@type":"WebSite","@id":"https:\/\/specialcontainer.dk\/#website","url":"https:\/\/specialcontainer.dk\/","name":"SpecialContainer.dk","description":"","publisher":{"@id":"https:\/\/specialcontainer.dk\/#organization"},"potentialAction":[{"@type":"SearchAction","target":{"@type":"EntryPoint","urlTemplate":"https:\/\/specialcontainer.dk\/?s={search_term_string}"},"query-input":{"@type":"PropertyValueSpecification","valueRequired":true,"valueName":"search_term_string"}}],"inLanguage":"nb-NO"},{"@type":"Organization","@id":"https:\/\/specialcontainer.dk\/#organization","name":"Specialcontainer","url":"https:\/\/specialcontainer.dk\/","logo":{"@type":"ImageObject","inLanguage":"nb-NO","@id":"https:\/\/specialcontainer.dk\/#\/schema\/logo\/image\/","url":"https:\/\/specialcontainer.dk\/wp-content\/uploads\/2019\/10\/logo-2019-307-x-72-jpg.jpg","contentUrl":"https:\/\/specialcontainer.dk\/wp-content\/uploads\/2019\/10\/logo-2019-307-x-72-jpg.jpg","width":307,"height":72,"caption":"Specialcontainer"},"image":{"@id":"https:\/\/specialcontainer.dk\/#\/schema\/logo\/image\/"}}]}},"_links":{"self":[{"href":"https:\/\/specialcontainer.dk\/nb\/wp-json\/wp\/v2\/product\/105588","targetHints":{"allow":["GET"]}}],"collection":[{"href":"https:\/\/specialcontainer.dk\/nb\/wp-json\/wp\/v2\/product"}],"about":[{"href":"https:\/\/specialcontainer.dk\/nb\/wp-json\/wp\/v2\/types\/product"}],"wp:featuredmedia":[{"embeddable":true,"href":"https:\/\/specialcontainer.dk\/nb\/wp-json\/wp\/v2\/media\/108177"}],"wp:attachment":[{"href":"https:\/\/specialcontainer.dk\/nb\/wp-json\/wp\/v2\/media?parent=105588"}],"wp:term":[{"taxonomy":"product_brand","embeddable":true,"href":"https:\/\/specialcontainer.dk\/nb\/wp-json\/wp\/v2\/product_brand?post=105588"},{"taxonomy":"product_cat","embeddable":true,"href":"https:\/\/specialcontainer.dk\/nb\/wp-json\/wp\/v2\/product_cat?post=105588"},{"taxonomy":"product_tag","embeddable":true,"href":"https:\/\/specialcontainer.dk\/nb\/wp-json\/wp\/v2\/product_tag?post=105588"}],"curies":[{"name":"wp","href":"https:\/\/api.w.org\/{rel}","templated":true}]}}