{"id":105551,"date":"2026-03-16T14:19:08","date_gmt":"2026-03-16T13:19:08","guid":{"rendered":"https:\/\/specialcontainer.dk\/produkt\/unbrakonoegle-8-mm-2\/"},"modified":"2026-03-16T14:19:09","modified_gmt":"2026-03-16T13:19:09","slug":"unbrakonoegle-8-mm","status":"publish","type":"product","link":"https:\/\/specialcontainer.dk\/nb\/produkt\/unbrakonoegle-8-mm\/","title":{"rendered":"Unbrakon\u00f8kkel 8 mm"},"content":{"rendered":"<p><strong>8 mm kuleformet unbrakon&oslash;kkel<\/strong><\/p>\n<p>Denne 8 mm kuleformede unbrakon&oslash;kkelen, ogs&aring; kalt Allen-n&oslash;kkel, er et slitesterkt og allsidig verkt&oslash;y for sekskantskruer. Det kuleformede hodet gj&oslash;r det enkelt &aring; komme til skruer i vinkel og gir st&oslash;rre fleksibilitet under bruk.<\/p>\n<p>Laget av krom-vanadiumst&aring;l (CrV) som sikrer robusthet, stivhet og lang levetid. Det ergonomiske grepet gir &oslash;kt komfort og kontroll, og gj&oslash;r den perfekt for b&aring;de profesjonelle og gj&oslash;r-det-selv-oppgaver.<\/p>\n<p><strong>Spesifikasjoner:<\/strong><br \/>&ndash; Materiale: Krom-vanadiumst&aring;l (CrV)<br \/>&ndash; Dimensjoner: 110 mm x 40 mm<br \/>&ndash; Kuleformet ende for tilgang i vinkel<\/p>\n","protected":false},"excerpt":{"rendered":"<ul>\n<li>8 mm kuleformet unbrakon&oslash;kkel for skruer i vinkel<\/li>\n<li>Laget av slitesterkt krom-vanadiumst&aring;l (CrV)<\/li>\n<li>Ergonomisk grep for komfort og kontroll<\/li>\n<\/ul>\n","protected":false},"featured_media":104215,"template":"","meta":[],"product_brand":[],"product_cat":[6063],"product_tag":[],"class_list":{"0":"post-105551","1":"product","2":"type-product","3":"status-publish","4":"has-post-thumbnail","6":"product_cat-domino-clamp-nb","7":"pa_egenvaegt-0-cma-1-kg","8":"pa_materiale-chrom-vanadium-staal","9":"pa_shp_slug-unbrakonoegle-8-mm","10":"pa_udvendige_maal-l-110-mm-b-40-mm","11":"pa_varenr__-ngl08001","12":"description-off","14":"first","15":"instock","16":"taxable","17":"shipping-taxable","18":"product-type-simple"},"yoast_head":"<!-- This site is optimized with the Yoast SEO plugin v26.0 - https:\/\/yoast.com\/wordpress\/plugins\/seo\/ -->\n<title>Unbrakon\u00f8kkel 8 mm - SpecialContainer.dk<\/title>\n<meta name=\"description\" content=\"Opplev 8 mm kuleformet unbrakon\u00f8kkel, laget av krom-vanadiumst\u00e5l for holdbarhet og styrke. Det kuleformede designet og det ergonomiske grepet gir fleksibilitet og komfort \u2013 perfekt for b\u00e5de profesjonell bruk og gj\u00f8r-det-selv-prosjekter.\" \/>\n<meta name=\"robots\" content=\"index, follow, max-snippet:-1, max-image-preview:large, max-video-preview:-1\" \/>\n<link rel=\"canonical\" href=\"https:\/\/specialcontainer.dk\/nb\/produkt\/unbrakonoegle-8-mm\/\" \/>\n<meta property=\"og:locale\" content=\"nb_NO\" \/>\n<meta property=\"og:type\" content=\"article\" \/>\n<meta property=\"og:title\" content=\"Unbrakon\u00f8kkel 8 mm - SpecialContainer.dk\" \/>\n<meta property=\"og:description\" content=\"Opplev 8 mm kuleformet unbrakon\u00f8kkel, laget av krom-vanadiumst\u00e5l for holdbarhet og styrke. Det kuleformede designet og det ergonomiske grepet gir fleksibilitet og komfort \u2013 perfekt for b\u00e5de profesjonell bruk og gj\u00f8r-det-selv-prosjekter.\" \/>\n<meta property=\"og:url\" content=\"https:\/\/specialcontainer.dk\/nb\/produkt\/unbrakonoegle-8-mm\/\" \/>\n<meta property=\"og:site_name\" content=\"SpecialContainer.dk\" \/>\n<meta property=\"article:modified_time\" content=\"2026-03-16T13:19:09+00:00\" \/>\n<meta property=\"og:image\" content=\"https:\/\/specialcontainer.dk\/wp-content\/uploads\/2025\/01\/NGL08001_01_A-Unbrakonoegle-8-mm.jpg\" \/>\n\t<meta property=\"og:image:width\" content=\"1024\" \/>\n\t<meta property=\"og:image:height\" content=\"768\" \/>\n\t<meta property=\"og:image:type\" content=\"image\/jpeg\" \/>\n<meta name=\"twitter:card\" content=\"summary_large_image\" \/>\n<meta name=\"twitter:label1\" content=\"Ansl. lesetid\" \/>\n\t<meta name=\"twitter:data1\" content=\"1 minutt\" \/>\n<script type=\"application\/ld+json\" class=\"yoast-schema-graph\">{\"@context\":\"https:\/\/schema.org\",\"@graph\":[{\"@type\":\"WebPage\",\"@id\":\"https:\/\/specialcontainer.dk\/nb\/produkt\/unbrakonoegle-8-mm\/\",\"url\":\"https:\/\/specialcontainer.dk\/nb\/produkt\/unbrakonoegle-8-mm\/\",\"name\":\"Unbrakon\u00f8kkel 8 mm - SpecialContainer.dk\",\"isPartOf\":{\"@id\":\"https:\/\/specialcontainer.dk\/#website\"},\"primaryImageOfPage\":{\"@id\":\"https:\/\/specialcontainer.dk\/nb\/produkt\/unbrakonoegle-8-mm\/#primaryimage\"},\"image\":{\"@id\":\"https:\/\/specialcontainer.dk\/nb\/produkt\/unbrakonoegle-8-mm\/#primaryimage\"},\"thumbnailUrl\":\"https:\/\/specialcontainer.dk\/wp-content\/uploads\/2025\/01\/NGL08001_01_A-Unbrakonoegle-8-mm.jpg\",\"datePublished\":\"2026-03-16T13:19:08+00:00\",\"dateModified\":\"2026-03-16T13:19:09+00:00\",\"description\":\"Opplev 8 mm kuleformet unbrakon\u00f8kkel, laget av krom-vanadiumst\u00e5l for holdbarhet og styrke. Det kuleformede designet og det ergonomiske grepet gir fleksibilitet og komfort \u2013 perfekt for b\u00e5de profesjonell bruk og gj\u00f8r-det-selv-prosjekter.\",\"breadcrumb\":{\"@id\":\"https:\/\/specialcontainer.dk\/nb\/produkt\/unbrakonoegle-8-mm\/#breadcrumb\"},\"inLanguage\":\"nb-NO\",\"potentialAction\":[{\"@type\":\"ReadAction\",\"target\":[\"https:\/\/specialcontainer.dk\/nb\/produkt\/unbrakonoegle-8-mm\/\"]}]},{\"@type\":\"ImageObject\",\"inLanguage\":\"nb-NO\",\"@id\":\"https:\/\/specialcontainer.dk\/nb\/produkt\/unbrakonoegle-8-mm\/#primaryimage\",\"url\":\"https:\/\/specialcontainer.dk\/wp-content\/uploads\/2025\/01\/NGL08001_01_A-Unbrakonoegle-8-mm.jpg\",\"contentUrl\":\"https:\/\/specialcontainer.dk\/wp-content\/uploads\/2025\/01\/NGL08001_01_A-Unbrakonoegle-8-mm.jpg\",\"width\":1024,\"height\":768},{\"@type\":\"BreadcrumbList\",\"@id\":\"https:\/\/specialcontainer.dk\/nb\/produkt\/unbrakonoegle-8-mm\/#breadcrumb\",\"itemListElement\":[{\"@type\":\"ListItem\",\"position\":1,\"name\":\"Hjem\",\"item\":\"https:\/\/specialcontainer.dk\/nb\/\"},{\"@type\":\"ListItem\",\"position\":2,\"name\":\"Shop\",\"item\":\"https:\/\/specialcontainer.dk\/nb\/shop\/\"},{\"@type\":\"ListItem\",\"position\":3,\"name\":\"Unbrakon\u00f8kkel 8 mm\"}]},{\"@type\":\"WebSite\",\"@id\":\"https:\/\/specialcontainer.dk\/#website\",\"url\":\"https:\/\/specialcontainer.dk\/\",\"name\":\"SpecialContainer.dk\",\"description\":\"\",\"publisher\":{\"@id\":\"https:\/\/specialcontainer.dk\/#organization\"},\"potentialAction\":[{\"@type\":\"SearchAction\",\"target\":{\"@type\":\"EntryPoint\",\"urlTemplate\":\"https:\/\/specialcontainer.dk\/?s={search_term_string}\"},\"query-input\":{\"@type\":\"PropertyValueSpecification\",\"valueRequired\":true,\"valueName\":\"search_term_string\"}}],\"inLanguage\":\"nb-NO\"},{\"@type\":\"Organization\",\"@id\":\"https:\/\/specialcontainer.dk\/#organization\",\"name\":\"Specialcontainer\",\"url\":\"https:\/\/specialcontainer.dk\/\",\"logo\":{\"@type\":\"ImageObject\",\"inLanguage\":\"nb-NO\",\"@id\":\"https:\/\/specialcontainer.dk\/#\/schema\/logo\/image\/\",\"url\":\"https:\/\/specialcontainer.dk\/wp-content\/uploads\/2019\/10\/logo-2019-307-x-72-jpg.jpg\",\"contentUrl\":\"https:\/\/specialcontainer.dk\/wp-content\/uploads\/2019\/10\/logo-2019-307-x-72-jpg.jpg\",\"width\":307,\"height\":72,\"caption\":\"Specialcontainer\"},\"image\":{\"@id\":\"https:\/\/specialcontainer.dk\/#\/schema\/logo\/image\/\"}}]}<\/script>\n<!-- \/ Yoast SEO plugin. -->","yoast_head_json":{"title":"Unbrakon\u00f8kkel 8 mm - SpecialContainer.dk","description":"Opplev 8 mm kuleformet unbrakon\u00f8kkel, laget av krom-vanadiumst\u00e5l for holdbarhet og styrke. Det kuleformede designet og det ergonomiske grepet gir fleksibilitet og komfort \u2013 perfekt for b\u00e5de profesjonell bruk og gj\u00f8r-det-selv-prosjekter.","robots":{"index":"index","follow":"follow","max-snippet":"max-snippet:-1","max-image-preview":"max-image-preview:large","max-video-preview":"max-video-preview:-1"},"canonical":"https:\/\/specialcontainer.dk\/nb\/produkt\/unbrakonoegle-8-mm\/","og_locale":"nb_NO","og_type":"article","og_title":"Unbrakon\u00f8kkel 8 mm - SpecialContainer.dk","og_description":"Opplev 8 mm kuleformet unbrakon\u00f8kkel, laget av krom-vanadiumst\u00e5l for holdbarhet og styrke. Det kuleformede designet og det ergonomiske grepet gir fleksibilitet og komfort \u2013 perfekt for b\u00e5de profesjonell bruk og gj\u00f8r-det-selv-prosjekter.","og_url":"https:\/\/specialcontainer.dk\/nb\/produkt\/unbrakonoegle-8-mm\/","og_site_name":"SpecialContainer.dk","article_modified_time":"2026-03-16T13:19:09+00:00","og_image":[{"width":1024,"height":768,"url":"https:\/\/specialcontainer.dk\/wp-content\/uploads\/2025\/01\/NGL08001_01_A-Unbrakonoegle-8-mm.jpg","type":"image\/jpeg"}],"twitter_card":"summary_large_image","twitter_misc":{"Ansl. lesetid":"1 minutt"},"schema":{"@context":"https:\/\/schema.org","@graph":[{"@type":"WebPage","@id":"https:\/\/specialcontainer.dk\/nb\/produkt\/unbrakonoegle-8-mm\/","url":"https:\/\/specialcontainer.dk\/nb\/produkt\/unbrakonoegle-8-mm\/","name":"Unbrakon\u00f8kkel 8 mm - SpecialContainer.dk","isPartOf":{"@id":"https:\/\/specialcontainer.dk\/#website"},"primaryImageOfPage":{"@id":"https:\/\/specialcontainer.dk\/nb\/produkt\/unbrakonoegle-8-mm\/#primaryimage"},"image":{"@id":"https:\/\/specialcontainer.dk\/nb\/produkt\/unbrakonoegle-8-mm\/#primaryimage"},"thumbnailUrl":"https:\/\/specialcontainer.dk\/wp-content\/uploads\/2025\/01\/NGL08001_01_A-Unbrakonoegle-8-mm.jpg","datePublished":"2026-03-16T13:19:08+00:00","dateModified":"2026-03-16T13:19:09+00:00","description":"Opplev 8 mm kuleformet unbrakon\u00f8kkel, laget av krom-vanadiumst\u00e5l for holdbarhet og styrke. Det kuleformede designet og det ergonomiske grepet gir fleksibilitet og komfort \u2013 perfekt for b\u00e5de profesjonell bruk og gj\u00f8r-det-selv-prosjekter.","breadcrumb":{"@id":"https:\/\/specialcontainer.dk\/nb\/produkt\/unbrakonoegle-8-mm\/#breadcrumb"},"inLanguage":"nb-NO","potentialAction":[{"@type":"ReadAction","target":["https:\/\/specialcontainer.dk\/nb\/produkt\/unbrakonoegle-8-mm\/"]}]},{"@type":"ImageObject","inLanguage":"nb-NO","@id":"https:\/\/specialcontainer.dk\/nb\/produkt\/unbrakonoegle-8-mm\/#primaryimage","url":"https:\/\/specialcontainer.dk\/wp-content\/uploads\/2025\/01\/NGL08001_01_A-Unbrakonoegle-8-mm.jpg","contentUrl":"https:\/\/specialcontainer.dk\/wp-content\/uploads\/2025\/01\/NGL08001_01_A-Unbrakonoegle-8-mm.jpg","width":1024,"height":768},{"@type":"BreadcrumbList","@id":"https:\/\/specialcontainer.dk\/nb\/produkt\/unbrakonoegle-8-mm\/#breadcrumb","itemListElement":[{"@type":"ListItem","position":1,"name":"Hjem","item":"https:\/\/specialcontainer.dk\/nb\/"},{"@type":"ListItem","position":2,"name":"Shop","item":"https:\/\/specialcontainer.dk\/nb\/shop\/"},{"@type":"ListItem","position":3,"name":"Unbrakon\u00f8kkel 8 mm"}]},{"@type":"WebSite","@id":"https:\/\/specialcontainer.dk\/#website","url":"https:\/\/specialcontainer.dk\/","name":"SpecialContainer.dk","description":"","publisher":{"@id":"https:\/\/specialcontainer.dk\/#organization"},"potentialAction":[{"@type":"SearchAction","target":{"@type":"EntryPoint","urlTemplate":"https:\/\/specialcontainer.dk\/?s={search_term_string}"},"query-input":{"@type":"PropertyValueSpecification","valueRequired":true,"valueName":"search_term_string"}}],"inLanguage":"nb-NO"},{"@type":"Organization","@id":"https:\/\/specialcontainer.dk\/#organization","name":"Specialcontainer","url":"https:\/\/specialcontainer.dk\/","logo":{"@type":"ImageObject","inLanguage":"nb-NO","@id":"https:\/\/specialcontainer.dk\/#\/schema\/logo\/image\/","url":"https:\/\/specialcontainer.dk\/wp-content\/uploads\/2019\/10\/logo-2019-307-x-72-jpg.jpg","contentUrl":"https:\/\/specialcontainer.dk\/wp-content\/uploads\/2019\/10\/logo-2019-307-x-72-jpg.jpg","width":307,"height":72,"caption":"Specialcontainer"},"image":{"@id":"https:\/\/specialcontainer.dk\/#\/schema\/logo\/image\/"}}]}},"_links":{"self":[{"href":"https:\/\/specialcontainer.dk\/nb\/wp-json\/wp\/v2\/product\/105551","targetHints":{"allow":["GET"]}}],"collection":[{"href":"https:\/\/specialcontainer.dk\/nb\/wp-json\/wp\/v2\/product"}],"about":[{"href":"https:\/\/specialcontainer.dk\/nb\/wp-json\/wp\/v2\/types\/product"}],"wp:featuredmedia":[{"embeddable":true,"href":"https:\/\/specialcontainer.dk\/nb\/wp-json\/wp\/v2\/media\/104215"}],"wp:attachment":[{"href":"https:\/\/specialcontainer.dk\/nb\/wp-json\/wp\/v2\/media?parent=105551"}],"wp:term":[{"taxonomy":"product_brand","embeddable":true,"href":"https:\/\/specialcontainer.dk\/nb\/wp-json\/wp\/v2\/product_brand?post=105551"},{"taxonomy":"product_cat","embeddable":true,"href":"https:\/\/specialcontainer.dk\/nb\/wp-json\/wp\/v2\/product_cat?post=105551"},{"taxonomy":"product_tag","embeddable":true,"href":"https:\/\/specialcontainer.dk\/nb\/wp-json\/wp\/v2\/product_tag?post=105551"}],"curies":[{"name":"wp","href":"https:\/\/api.w.org\/{rel}","templated":true}]}}