{"id":105550,"date":"2026-03-16T14:19:07","date_gmt":"2026-03-16T13:19:07","guid":{"rendered":"https:\/\/specialcontainer.dk\/produkt\/vinkelret-roer-beslag-til-48-mm-roer-til-domino-clamp-2\/"},"modified":"2026-03-16T14:19:08","modified_gmt":"2026-03-16T13:19:08","slug":"vinkelret-roer-beslag-til-48-mm-roer-til-domino-clamp","status":"publish","type":"product","link":"https:\/\/specialcontainer.dk\/nb\/produkt\/vinkelret-roer-beslag-til-48-mm-roer-til-domino-clamp\/","title":{"rendered":"Horisontal perpendikul\u00e6r r\u00f8rklemme"},"content":{"rendered":"<p><strong>Horisontal perpendikul&aelig;r r&oslash;rklemme &ndash; robust og alsidig fastg&oslash;relse til containere<\/strong><\/p>\n<p>Den horisontale perpendikul&aelig;re r&oslash;rklemme, ogs&aring; kaldet base flange tube clamp, er designet til sikkert at fastg&oslash;re korte r&oslash;r vandret og vinkelret p&aring; en skibscontainer. Den skaber et st&aelig;rkt og fleksibelt monteringspunkt til mange anvendelser, herunder skilte p&aring; toppen af vores Utility Pole.<\/p>\n<p><strong>Medf&oslash;lgende dele:<\/strong><\/p>\n<ul>\n<li>\n<p>To M12 x 30 mm sekskantede s&aelig;tbolte<\/p>\n<\/li>\n<li>\n<p>To M12 skiver<\/p>\n<\/li>\n<\/ul>\n<p>For sikker fastg&oslash;relse p&aring; containeren kr&aelig;ves desuden 1 stk. Domino Clamp.<\/p>\n<h3>N&oslash;glefunktioner:<\/h3>\n<ul>\n<li>\n<p>Fastg&oslash;r korte r&oslash;r vandret og vinkelret p&aring; skibscontainere<\/p>\n<\/li>\n<li>\n<p>Ideel til montering af skilte p&aring; Utility Pole&rsquo;s top<\/p>\n<\/li>\n<li>\n<p>Kompatibel med st&aring;lstilladser, galvaniserede\/aluminiumsr&oslash;r og ERW-svejsede r&oslash;r<\/p>\n<\/li>\n<li>\n<p>Mekanisk st&oslash;tte uden behov for boring eller svejsning<\/p>\n<\/li>\n<\/ul>\n<p>En solid og praktisk l&oslash;sning til effektiv og sk&aring;nsom montering p&aring; containerens overflade.<\/p>\n","protected":false},"excerpt":{"rendered":"<ul>\n<li>Horisontal perpendikul&aelig;r r&oslash;rklemme for sikker montering p&aring; container<\/li>\n<li>Designet for skilting og strukturelle applikasjoner<\/li>\n<li>Krever Domino Clamp for stabil installasjon<\/li>\n<\/ul>\n","protected":false},"featured_media":104203,"template":"","meta":[],"product_brand":[],"product_cat":[6063],"product_tag":[],"class_list":{"0":"post-105550","1":"product","2":"type-product","3":"status-publish","4":"has-post-thumbnail","6":"product_cat-domino-clamp-nb","7":"pa_designet_til-domino-clamp","8":"pa_egenvaegt-1-cma-1-kg","9":"pa_finish-zinkbelaegning","10":"pa_materiale-staal","11":"pa_shp_slug-vinkelret-roer-beslag-til-48-mm-roer-til-domino-clamp","12":"pa_varenr__-dmc25204","13":"description-off","15":"first","16":"instock","17":"taxable","18":"shipping-taxable","19":"purchasable","20":"product-type-simple"},"yoast_head":"<!-- This site is optimized with the Yoast SEO plugin v26.0 - https:\/\/yoast.com\/wordpress\/plugins\/seo\/ -->\n<title>Horisontal perpendikul\u00e6r r\u00f8rklemme - SpecialContainer.dk<\/title>\n<meta name=\"description\" content=\"Fest r\u00f8r horisontalt og vinkelrett p\u00e5 fraktcontaineren din med v\u00e5r st\u00e5lhorizontale perpendikul\u00e6re r\u00f8rklemme. Ideell for skilt eller strukturell bruk. Kompatibel med Domino Clamp for sikker montering uten sveising.\" \/>\n<meta name=\"robots\" content=\"index, follow, max-snippet:-1, max-image-preview:large, max-video-preview:-1\" \/>\n<link rel=\"canonical\" href=\"https:\/\/specialcontainer.dk\/nb\/produkt\/vinkelret-roer-beslag-til-48-mm-roer-til-domino-clamp\/\" \/>\n<meta property=\"og:locale\" content=\"nb_NO\" \/>\n<meta property=\"og:type\" content=\"article\" \/>\n<meta property=\"og:title\" content=\"Horisontal perpendikul\u00e6r r\u00f8rklemme - SpecialContainer.dk\" \/>\n<meta property=\"og:description\" content=\"Fest r\u00f8r horisontalt og vinkelrett p\u00e5 fraktcontaineren din med v\u00e5r st\u00e5lhorizontale perpendikul\u00e6re r\u00f8rklemme. Ideell for skilt eller strukturell bruk. Kompatibel med Domino Clamp for sikker montering uten sveising.\" \/>\n<meta property=\"og:url\" content=\"https:\/\/specialcontainer.dk\/nb\/produkt\/vinkelret-roer-beslag-til-48-mm-roer-til-domino-clamp\/\" \/>\n<meta property=\"og:site_name\" content=\"SpecialContainer.dk\" \/>\n<meta property=\"article:modified_time\" content=\"2026-03-16T13:19:08+00:00\" \/>\n<meta property=\"og:image\" content=\"https:\/\/specialcontainer.dk\/wp-content\/uploads\/2025\/01\/DMC25204_02_B-Vandret-Roer-beslag-til-48-mm-roer.jpg\" \/>\n\t<meta property=\"og:image:width\" content=\"1024\" \/>\n\t<meta property=\"og:image:height\" content=\"768\" \/>\n\t<meta property=\"og:image:type\" content=\"image\/jpeg\" \/>\n<meta name=\"twitter:card\" content=\"summary_large_image\" \/>\n<meta name=\"twitter:label1\" content=\"Ansl. lesetid\" \/>\n\t<meta name=\"twitter:data1\" content=\"1 minutt\" \/>\n<script type=\"application\/ld+json\" class=\"yoast-schema-graph\">{\"@context\":\"https:\/\/schema.org\",\"@graph\":[{\"@type\":\"WebPage\",\"@id\":\"https:\/\/specialcontainer.dk\/nb\/produkt\/vinkelret-roer-beslag-til-48-mm-roer-til-domino-clamp\/\",\"url\":\"https:\/\/specialcontainer.dk\/nb\/produkt\/vinkelret-roer-beslag-til-48-mm-roer-til-domino-clamp\/\",\"name\":\"Horisontal perpendikul\u00e6r r\u00f8rklemme - SpecialContainer.dk\",\"isPartOf\":{\"@id\":\"https:\/\/specialcontainer.dk\/#website\"},\"primaryImageOfPage\":{\"@id\":\"https:\/\/specialcontainer.dk\/nb\/produkt\/vinkelret-roer-beslag-til-48-mm-roer-til-domino-clamp\/#primaryimage\"},\"image\":{\"@id\":\"https:\/\/specialcontainer.dk\/nb\/produkt\/vinkelret-roer-beslag-til-48-mm-roer-til-domino-clamp\/#primaryimage\"},\"thumbnailUrl\":\"https:\/\/specialcontainer.dk\/wp-content\/uploads\/2025\/01\/DMC25204_02_B-Vandret-Roer-beslag-til-48-mm-roer.jpg\",\"datePublished\":\"2026-03-16T13:19:07+00:00\",\"dateModified\":\"2026-03-16T13:19:08+00:00\",\"description\":\"Fest r\u00f8r horisontalt og vinkelrett p\u00e5 fraktcontaineren din med v\u00e5r st\u00e5lhorizontale perpendikul\u00e6re r\u00f8rklemme. Ideell for skilt eller strukturell bruk. Kompatibel med Domino Clamp for sikker montering uten sveising.\",\"breadcrumb\":{\"@id\":\"https:\/\/specialcontainer.dk\/nb\/produkt\/vinkelret-roer-beslag-til-48-mm-roer-til-domino-clamp\/#breadcrumb\"},\"inLanguage\":\"nb-NO\",\"potentialAction\":[{\"@type\":\"ReadAction\",\"target\":[\"https:\/\/specialcontainer.dk\/nb\/produkt\/vinkelret-roer-beslag-til-48-mm-roer-til-domino-clamp\/\"]}]},{\"@type\":\"ImageObject\",\"inLanguage\":\"nb-NO\",\"@id\":\"https:\/\/specialcontainer.dk\/nb\/produkt\/vinkelret-roer-beslag-til-48-mm-roer-til-domino-clamp\/#primaryimage\",\"url\":\"https:\/\/specialcontainer.dk\/wp-content\/uploads\/2025\/01\/DMC25204_02_B-Vandret-Roer-beslag-til-48-mm-roer.jpg\",\"contentUrl\":\"https:\/\/specialcontainer.dk\/wp-content\/uploads\/2025\/01\/DMC25204_02_B-Vandret-Roer-beslag-til-48-mm-roer.jpg\",\"width\":1024,\"height\":768},{\"@type\":\"BreadcrumbList\",\"@id\":\"https:\/\/specialcontainer.dk\/nb\/produkt\/vinkelret-roer-beslag-til-48-mm-roer-til-domino-clamp\/#breadcrumb\",\"itemListElement\":[{\"@type\":\"ListItem\",\"position\":1,\"name\":\"Hjem\",\"item\":\"https:\/\/specialcontainer.dk\/nb\/\"},{\"@type\":\"ListItem\",\"position\":2,\"name\":\"Shop\",\"item\":\"https:\/\/specialcontainer.dk\/nb\/shop\/\"},{\"@type\":\"ListItem\",\"position\":3,\"name\":\"Horisontal perpendikul\u00e6r r\u00f8rklemme\"}]},{\"@type\":\"WebSite\",\"@id\":\"https:\/\/specialcontainer.dk\/#website\",\"url\":\"https:\/\/specialcontainer.dk\/\",\"name\":\"SpecialContainer.dk\",\"description\":\"\",\"publisher\":{\"@id\":\"https:\/\/specialcontainer.dk\/#organization\"},\"potentialAction\":[{\"@type\":\"SearchAction\",\"target\":{\"@type\":\"EntryPoint\",\"urlTemplate\":\"https:\/\/specialcontainer.dk\/?s={search_term_string}\"},\"query-input\":{\"@type\":\"PropertyValueSpecification\",\"valueRequired\":true,\"valueName\":\"search_term_string\"}}],\"inLanguage\":\"nb-NO\"},{\"@type\":\"Organization\",\"@id\":\"https:\/\/specialcontainer.dk\/#organization\",\"name\":\"Specialcontainer\",\"url\":\"https:\/\/specialcontainer.dk\/\",\"logo\":{\"@type\":\"ImageObject\",\"inLanguage\":\"nb-NO\",\"@id\":\"https:\/\/specialcontainer.dk\/#\/schema\/logo\/image\/\",\"url\":\"https:\/\/specialcontainer.dk\/wp-content\/uploads\/2019\/10\/logo-2019-307-x-72-jpg.jpg\",\"contentUrl\":\"https:\/\/specialcontainer.dk\/wp-content\/uploads\/2019\/10\/logo-2019-307-x-72-jpg.jpg\",\"width\":307,\"height\":72,\"caption\":\"Specialcontainer\"},\"image\":{\"@id\":\"https:\/\/specialcontainer.dk\/#\/schema\/logo\/image\/\"}}]}<\/script>\n<!-- \/ Yoast SEO plugin. -->","yoast_head_json":{"title":"Horisontal perpendikul\u00e6r r\u00f8rklemme - SpecialContainer.dk","description":"Fest r\u00f8r horisontalt og vinkelrett p\u00e5 fraktcontaineren din med v\u00e5r st\u00e5lhorizontale perpendikul\u00e6re r\u00f8rklemme. Ideell for skilt eller strukturell bruk. Kompatibel med Domino Clamp for sikker montering uten sveising.","robots":{"index":"index","follow":"follow","max-snippet":"max-snippet:-1","max-image-preview":"max-image-preview:large","max-video-preview":"max-video-preview:-1"},"canonical":"https:\/\/specialcontainer.dk\/nb\/produkt\/vinkelret-roer-beslag-til-48-mm-roer-til-domino-clamp\/","og_locale":"nb_NO","og_type":"article","og_title":"Horisontal perpendikul\u00e6r r\u00f8rklemme - SpecialContainer.dk","og_description":"Fest r\u00f8r horisontalt og vinkelrett p\u00e5 fraktcontaineren din med v\u00e5r st\u00e5lhorizontale perpendikul\u00e6re r\u00f8rklemme. Ideell for skilt eller strukturell bruk. Kompatibel med Domino Clamp for sikker montering uten sveising.","og_url":"https:\/\/specialcontainer.dk\/nb\/produkt\/vinkelret-roer-beslag-til-48-mm-roer-til-domino-clamp\/","og_site_name":"SpecialContainer.dk","article_modified_time":"2026-03-16T13:19:08+00:00","og_image":[{"width":1024,"height":768,"url":"https:\/\/specialcontainer.dk\/wp-content\/uploads\/2025\/01\/DMC25204_02_B-Vandret-Roer-beslag-til-48-mm-roer.jpg","type":"image\/jpeg"}],"twitter_card":"summary_large_image","twitter_misc":{"Ansl. lesetid":"1 minutt"},"schema":{"@context":"https:\/\/schema.org","@graph":[{"@type":"WebPage","@id":"https:\/\/specialcontainer.dk\/nb\/produkt\/vinkelret-roer-beslag-til-48-mm-roer-til-domino-clamp\/","url":"https:\/\/specialcontainer.dk\/nb\/produkt\/vinkelret-roer-beslag-til-48-mm-roer-til-domino-clamp\/","name":"Horisontal perpendikul\u00e6r r\u00f8rklemme - SpecialContainer.dk","isPartOf":{"@id":"https:\/\/specialcontainer.dk\/#website"},"primaryImageOfPage":{"@id":"https:\/\/specialcontainer.dk\/nb\/produkt\/vinkelret-roer-beslag-til-48-mm-roer-til-domino-clamp\/#primaryimage"},"image":{"@id":"https:\/\/specialcontainer.dk\/nb\/produkt\/vinkelret-roer-beslag-til-48-mm-roer-til-domino-clamp\/#primaryimage"},"thumbnailUrl":"https:\/\/specialcontainer.dk\/wp-content\/uploads\/2025\/01\/DMC25204_02_B-Vandret-Roer-beslag-til-48-mm-roer.jpg","datePublished":"2026-03-16T13:19:07+00:00","dateModified":"2026-03-16T13:19:08+00:00","description":"Fest r\u00f8r horisontalt og vinkelrett p\u00e5 fraktcontaineren din med v\u00e5r st\u00e5lhorizontale perpendikul\u00e6re r\u00f8rklemme. Ideell for skilt eller strukturell bruk. Kompatibel med Domino Clamp for sikker montering uten sveising.","breadcrumb":{"@id":"https:\/\/specialcontainer.dk\/nb\/produkt\/vinkelret-roer-beslag-til-48-mm-roer-til-domino-clamp\/#breadcrumb"},"inLanguage":"nb-NO","potentialAction":[{"@type":"ReadAction","target":["https:\/\/specialcontainer.dk\/nb\/produkt\/vinkelret-roer-beslag-til-48-mm-roer-til-domino-clamp\/"]}]},{"@type":"ImageObject","inLanguage":"nb-NO","@id":"https:\/\/specialcontainer.dk\/nb\/produkt\/vinkelret-roer-beslag-til-48-mm-roer-til-domino-clamp\/#primaryimage","url":"https:\/\/specialcontainer.dk\/wp-content\/uploads\/2025\/01\/DMC25204_02_B-Vandret-Roer-beslag-til-48-mm-roer.jpg","contentUrl":"https:\/\/specialcontainer.dk\/wp-content\/uploads\/2025\/01\/DMC25204_02_B-Vandret-Roer-beslag-til-48-mm-roer.jpg","width":1024,"height":768},{"@type":"BreadcrumbList","@id":"https:\/\/specialcontainer.dk\/nb\/produkt\/vinkelret-roer-beslag-til-48-mm-roer-til-domino-clamp\/#breadcrumb","itemListElement":[{"@type":"ListItem","position":1,"name":"Hjem","item":"https:\/\/specialcontainer.dk\/nb\/"},{"@type":"ListItem","position":2,"name":"Shop","item":"https:\/\/specialcontainer.dk\/nb\/shop\/"},{"@type":"ListItem","position":3,"name":"Horisontal perpendikul\u00e6r r\u00f8rklemme"}]},{"@type":"WebSite","@id":"https:\/\/specialcontainer.dk\/#website","url":"https:\/\/specialcontainer.dk\/","name":"SpecialContainer.dk","description":"","publisher":{"@id":"https:\/\/specialcontainer.dk\/#organization"},"potentialAction":[{"@type":"SearchAction","target":{"@type":"EntryPoint","urlTemplate":"https:\/\/specialcontainer.dk\/?s={search_term_string}"},"query-input":{"@type":"PropertyValueSpecification","valueRequired":true,"valueName":"search_term_string"}}],"inLanguage":"nb-NO"},{"@type":"Organization","@id":"https:\/\/specialcontainer.dk\/#organization","name":"Specialcontainer","url":"https:\/\/specialcontainer.dk\/","logo":{"@type":"ImageObject","inLanguage":"nb-NO","@id":"https:\/\/specialcontainer.dk\/#\/schema\/logo\/image\/","url":"https:\/\/specialcontainer.dk\/wp-content\/uploads\/2019\/10\/logo-2019-307-x-72-jpg.jpg","contentUrl":"https:\/\/specialcontainer.dk\/wp-content\/uploads\/2019\/10\/logo-2019-307-x-72-jpg.jpg","width":307,"height":72,"caption":"Specialcontainer"},"image":{"@id":"https:\/\/specialcontainer.dk\/#\/schema\/logo\/image\/"}}]}},"_links":{"self":[{"href":"https:\/\/specialcontainer.dk\/nb\/wp-json\/wp\/v2\/product\/105550","targetHints":{"allow":["GET"]}}],"collection":[{"href":"https:\/\/specialcontainer.dk\/nb\/wp-json\/wp\/v2\/product"}],"about":[{"href":"https:\/\/specialcontainer.dk\/nb\/wp-json\/wp\/v2\/types\/product"}],"wp:featuredmedia":[{"embeddable":true,"href":"https:\/\/specialcontainer.dk\/nb\/wp-json\/wp\/v2\/media\/104203"}],"wp:attachment":[{"href":"https:\/\/specialcontainer.dk\/nb\/wp-json\/wp\/v2\/media?parent=105550"}],"wp:term":[{"taxonomy":"product_brand","embeddable":true,"href":"https:\/\/specialcontainer.dk\/nb\/wp-json\/wp\/v2\/product_brand?post=105550"},{"taxonomy":"product_cat","embeddable":true,"href":"https:\/\/specialcontainer.dk\/nb\/wp-json\/wp\/v2\/product_cat?post=105550"},{"taxonomy":"product_tag","embeddable":true,"href":"https:\/\/specialcontainer.dk\/nb\/wp-json\/wp\/v2\/product_tag?post=105550"}],"curies":[{"name":"wp","href":"https:\/\/api.w.org\/{rel}","templated":true}]}}