{"id":105549,"date":"2026-03-16T14:19:05","date_gmt":"2026-03-16T13:19:05","guid":{"rendered":"https:\/\/specialcontainer.dk\/produkt\/parallelt-roer-beslag-til-48-mm-roer-til-domino-clamp-2\/"},"modified":"2026-03-16T14:19:07","modified_gmt":"2026-03-16T13:19:07","slug":"parallelt-roer-beslag-til-48-mm-roer-til-domino-clamp","status":"publish","type":"product","link":"https:\/\/specialcontainer.dk\/nb\/produkt\/parallelt-roer-beslag-til-48-mm-roer-til-domino-clamp\/","title":{"rendered":"Parallelt r\u00f8r beslag til 48 mm r\u00f8r(til Domino Clamp)"},"content":{"rendered":"<p><strong>Horisontal r&oslash;rklemme &ndash; robust l&oslash;sning til vandret fastg&oslash;relse p&aring; skibscontainere<\/strong><\/p>\n<p>Den horisontale r&oslash;rklemme er designet til sikkert at fastg&oslash;re r&oslash;r parallelt med containerens sider. Den er ideel til mange form&aring;l, s&aring;som oph&aelig;ngning af dekorative eller reklamebannere samt som fundament for avancerede r&oslash;r- og klemmekonstruktioner.<\/p>\n<p><strong>Medf&oslash;lgende dele:<\/strong><\/p>\n<ul>\n<li>\n<p>To M12 x 30 mm sekskantede s&aelig;tbolte<\/p>\n<\/li>\n<li>\n<p>To M12 skiver<\/p>\n<\/li>\n<\/ul>\n<p>For komplet montering og sikker fastg&oslash;relse p&aring; containeren kr&aelig;ves desuden 1 stk. Domino Clamp.<\/p>\n<h3>N&oslash;glefunktioner:<\/h3>\n<ul>\n<li>\n<p>Egnet til kortere vandrette r&oslash;r p&aring; skibscontainere<\/p>\n<\/li>\n<li>\n<p>Kompatibel med n&aelig;sten alle typer r&oslash;r: st&aring;lstilladser, galvaniserede, aluminiums- og ERW-svejsede r&oslash;r<\/p>\n<\/li>\n<li>\n<p>Velegnet til b&aring;de dekorative, reklame- og strukturelle form&aring;l<\/p>\n<\/li>\n<li>\n<p>Mekanisk st&oslash;tte uden behov for svejsning eller boring<\/p>\n<\/li>\n<\/ul>\n<p>En praktisk og holdbar l&oslash;sning til fleksibel montering p&aring; containerens yderside.<\/p>\n","protected":false},"excerpt":{"rendered":"<ul>\n<li>Horisontal r&oslash;rklemme for fastgj&oslash;ring av r&oslash;r parallelt p&aring; en container<\/li>\n<li>Ideell for bannere, rammer og strukturelle form&aring;l<\/li>\n<li>Krever Domino Clamp for sikker montering p&aring; containeren<\/li>\n<\/ul>\n","protected":false},"featured_media":104188,"template":"","meta":[],"product_brand":[],"product_cat":[6063],"product_tag":[],"class_list":{"0":"post-105549","1":"product","2":"type-product","3":"status-publish","4":"has-post-thumbnail","6":"product_cat-domino-clamp-nb","7":"pa_designet_til-domino-clamp","8":"pa_egenvaegt-1-cma-4-kg","9":"pa_finish-zinkbelaegning","10":"pa_materiale-staal","11":"pa_shp_slug-parallelt-roer-beslag-til-48-mm-roer-til-domino-clamp","12":"pa_varenr__-dmc25203","13":"description-off","15":"first","16":"instock","17":"taxable","18":"shipping-taxable","19":"purchasable","20":"product-type-simple"},"yoast_head":"<!-- This site is optimized with the Yoast SEO plugin v26.0 - https:\/\/yoast.com\/wordpress\/plugins\/seo\/ -->\n<title>Parallelt r\u00f8r beslag til 48 mm r\u00f8r(til Domino Clamp) - SpecialContainer.dk<\/title>\n<meta name=\"description\" content=\"Fest r\u00f8r horisontalt p\u00e5 fraktcontaineren din med v\u00e5r st\u00e5lhorizontal r\u00f8rklemme. Perfekt til bannere, dekorative form\u00e5l og strukturelle rammer. Kompatibel med ulike materialer og krever ingen sveising eller boring n\u00e5r den brukes sammen med Domino Clamp.\" \/>\n<meta name=\"robots\" content=\"index, follow, max-snippet:-1, max-image-preview:large, max-video-preview:-1\" \/>\n<link rel=\"canonical\" href=\"https:\/\/specialcontainer.dk\/nb\/produkt\/parallelt-roer-beslag-til-48-mm-roer-til-domino-clamp\/\" \/>\n<meta property=\"og:locale\" content=\"nb_NO\" \/>\n<meta property=\"og:type\" content=\"article\" \/>\n<meta property=\"og:title\" content=\"Parallelt r\u00f8r beslag til 48 mm r\u00f8r(til Domino Clamp) - SpecialContainer.dk\" \/>\n<meta property=\"og:description\" content=\"Fest r\u00f8r horisontalt p\u00e5 fraktcontaineren din med v\u00e5r st\u00e5lhorizontal r\u00f8rklemme. Perfekt til bannere, dekorative form\u00e5l og strukturelle rammer. Kompatibel med ulike materialer og krever ingen sveising eller boring n\u00e5r den brukes sammen med Domino Clamp.\" \/>\n<meta property=\"og:url\" content=\"https:\/\/specialcontainer.dk\/nb\/produkt\/parallelt-roer-beslag-til-48-mm-roer-til-domino-clamp\/\" \/>\n<meta property=\"og:site_name\" content=\"SpecialContainer.dk\" \/>\n<meta property=\"article:modified_time\" content=\"2026-03-16T13:19:07+00:00\" \/>\n<meta property=\"og:image\" content=\"https:\/\/specialcontainer.dk\/wp-content\/uploads\/2025\/01\/DMC25203_01_A-Roer-beslag-48-mm-vandret-til-Domino-Clamp.jpg\" \/>\n\t<meta property=\"og:image:width\" content=\"1024\" \/>\n\t<meta property=\"og:image:height\" content=\"768\" \/>\n\t<meta property=\"og:image:type\" content=\"image\/jpeg\" \/>\n<meta name=\"twitter:card\" content=\"summary_large_image\" \/>\n<meta name=\"twitter:label1\" content=\"Ansl. lesetid\" \/>\n\t<meta name=\"twitter:data1\" content=\"1 minutt\" \/>\n<script type=\"application\/ld+json\" class=\"yoast-schema-graph\">{\"@context\":\"https:\/\/schema.org\",\"@graph\":[{\"@type\":\"WebPage\",\"@id\":\"https:\/\/specialcontainer.dk\/nb\/produkt\/parallelt-roer-beslag-til-48-mm-roer-til-domino-clamp\/\",\"url\":\"https:\/\/specialcontainer.dk\/nb\/produkt\/parallelt-roer-beslag-til-48-mm-roer-til-domino-clamp\/\",\"name\":\"Parallelt r\u00f8r beslag til 48 mm r\u00f8r(til Domino Clamp) - SpecialContainer.dk\",\"isPartOf\":{\"@id\":\"https:\/\/specialcontainer.dk\/#website\"},\"primaryImageOfPage\":{\"@id\":\"https:\/\/specialcontainer.dk\/nb\/produkt\/parallelt-roer-beslag-til-48-mm-roer-til-domino-clamp\/#primaryimage\"},\"image\":{\"@id\":\"https:\/\/specialcontainer.dk\/nb\/produkt\/parallelt-roer-beslag-til-48-mm-roer-til-domino-clamp\/#primaryimage\"},\"thumbnailUrl\":\"https:\/\/specialcontainer.dk\/wp-content\/uploads\/2025\/01\/DMC25203_01_A-Roer-beslag-48-mm-vandret-til-Domino-Clamp.jpg\",\"datePublished\":\"2026-03-16T13:19:05+00:00\",\"dateModified\":\"2026-03-16T13:19:07+00:00\",\"description\":\"Fest r\u00f8r horisontalt p\u00e5 fraktcontaineren din med v\u00e5r st\u00e5lhorizontal r\u00f8rklemme. Perfekt til bannere, dekorative form\u00e5l og strukturelle rammer. Kompatibel med ulike materialer og krever ingen sveising eller boring n\u00e5r den brukes sammen med Domino Clamp.\",\"breadcrumb\":{\"@id\":\"https:\/\/specialcontainer.dk\/nb\/produkt\/parallelt-roer-beslag-til-48-mm-roer-til-domino-clamp\/#breadcrumb\"},\"inLanguage\":\"nb-NO\",\"potentialAction\":[{\"@type\":\"ReadAction\",\"target\":[\"https:\/\/specialcontainer.dk\/nb\/produkt\/parallelt-roer-beslag-til-48-mm-roer-til-domino-clamp\/\"]}]},{\"@type\":\"ImageObject\",\"inLanguage\":\"nb-NO\",\"@id\":\"https:\/\/specialcontainer.dk\/nb\/produkt\/parallelt-roer-beslag-til-48-mm-roer-til-domino-clamp\/#primaryimage\",\"url\":\"https:\/\/specialcontainer.dk\/wp-content\/uploads\/2025\/01\/DMC25203_01_A-Roer-beslag-48-mm-vandret-til-Domino-Clamp.jpg\",\"contentUrl\":\"https:\/\/specialcontainer.dk\/wp-content\/uploads\/2025\/01\/DMC25203_01_A-Roer-beslag-48-mm-vandret-til-Domino-Clamp.jpg\",\"width\":1024,\"height\":768},{\"@type\":\"BreadcrumbList\",\"@id\":\"https:\/\/specialcontainer.dk\/nb\/produkt\/parallelt-roer-beslag-til-48-mm-roer-til-domino-clamp\/#breadcrumb\",\"itemListElement\":[{\"@type\":\"ListItem\",\"position\":1,\"name\":\"Hjem\",\"item\":\"https:\/\/specialcontainer.dk\/nb\/\"},{\"@type\":\"ListItem\",\"position\":2,\"name\":\"Shop\",\"item\":\"https:\/\/specialcontainer.dk\/nb\/shop\/\"},{\"@type\":\"ListItem\",\"position\":3,\"name\":\"Parallelt r\u00f8r beslag til 48 mm r\u00f8r(til Domino Clamp)\"}]},{\"@type\":\"WebSite\",\"@id\":\"https:\/\/specialcontainer.dk\/#website\",\"url\":\"https:\/\/specialcontainer.dk\/\",\"name\":\"SpecialContainer.dk\",\"description\":\"\",\"publisher\":{\"@id\":\"https:\/\/specialcontainer.dk\/#organization\"},\"potentialAction\":[{\"@type\":\"SearchAction\",\"target\":{\"@type\":\"EntryPoint\",\"urlTemplate\":\"https:\/\/specialcontainer.dk\/?s={search_term_string}\"},\"query-input\":{\"@type\":\"PropertyValueSpecification\",\"valueRequired\":true,\"valueName\":\"search_term_string\"}}],\"inLanguage\":\"nb-NO\"},{\"@type\":\"Organization\",\"@id\":\"https:\/\/specialcontainer.dk\/#organization\",\"name\":\"Specialcontainer\",\"url\":\"https:\/\/specialcontainer.dk\/\",\"logo\":{\"@type\":\"ImageObject\",\"inLanguage\":\"nb-NO\",\"@id\":\"https:\/\/specialcontainer.dk\/#\/schema\/logo\/image\/\",\"url\":\"https:\/\/specialcontainer.dk\/wp-content\/uploads\/2019\/10\/logo-2019-307-x-72-jpg.jpg\",\"contentUrl\":\"https:\/\/specialcontainer.dk\/wp-content\/uploads\/2019\/10\/logo-2019-307-x-72-jpg.jpg\",\"width\":307,\"height\":72,\"caption\":\"Specialcontainer\"},\"image\":{\"@id\":\"https:\/\/specialcontainer.dk\/#\/schema\/logo\/image\/\"}}]}<\/script>\n<!-- \/ Yoast SEO plugin. -->","yoast_head_json":{"title":"Parallelt r\u00f8r beslag til 48 mm r\u00f8r(til Domino Clamp) - SpecialContainer.dk","description":"Fest r\u00f8r horisontalt p\u00e5 fraktcontaineren din med v\u00e5r st\u00e5lhorizontal r\u00f8rklemme. Perfekt til bannere, dekorative form\u00e5l og strukturelle rammer. Kompatibel med ulike materialer og krever ingen sveising eller boring n\u00e5r den brukes sammen med Domino Clamp.","robots":{"index":"index","follow":"follow","max-snippet":"max-snippet:-1","max-image-preview":"max-image-preview:large","max-video-preview":"max-video-preview:-1"},"canonical":"https:\/\/specialcontainer.dk\/nb\/produkt\/parallelt-roer-beslag-til-48-mm-roer-til-domino-clamp\/","og_locale":"nb_NO","og_type":"article","og_title":"Parallelt r\u00f8r beslag til 48 mm r\u00f8r(til Domino Clamp) - SpecialContainer.dk","og_description":"Fest r\u00f8r horisontalt p\u00e5 fraktcontaineren din med v\u00e5r st\u00e5lhorizontal r\u00f8rklemme. Perfekt til bannere, dekorative form\u00e5l og strukturelle rammer. Kompatibel med ulike materialer og krever ingen sveising eller boring n\u00e5r den brukes sammen med Domino Clamp.","og_url":"https:\/\/specialcontainer.dk\/nb\/produkt\/parallelt-roer-beslag-til-48-mm-roer-til-domino-clamp\/","og_site_name":"SpecialContainer.dk","article_modified_time":"2026-03-16T13:19:07+00:00","og_image":[{"width":1024,"height":768,"url":"https:\/\/specialcontainer.dk\/wp-content\/uploads\/2025\/01\/DMC25203_01_A-Roer-beslag-48-mm-vandret-til-Domino-Clamp.jpg","type":"image\/jpeg"}],"twitter_card":"summary_large_image","twitter_misc":{"Ansl. lesetid":"1 minutt"},"schema":{"@context":"https:\/\/schema.org","@graph":[{"@type":"WebPage","@id":"https:\/\/specialcontainer.dk\/nb\/produkt\/parallelt-roer-beslag-til-48-mm-roer-til-domino-clamp\/","url":"https:\/\/specialcontainer.dk\/nb\/produkt\/parallelt-roer-beslag-til-48-mm-roer-til-domino-clamp\/","name":"Parallelt r\u00f8r beslag til 48 mm r\u00f8r(til Domino Clamp) - SpecialContainer.dk","isPartOf":{"@id":"https:\/\/specialcontainer.dk\/#website"},"primaryImageOfPage":{"@id":"https:\/\/specialcontainer.dk\/nb\/produkt\/parallelt-roer-beslag-til-48-mm-roer-til-domino-clamp\/#primaryimage"},"image":{"@id":"https:\/\/specialcontainer.dk\/nb\/produkt\/parallelt-roer-beslag-til-48-mm-roer-til-domino-clamp\/#primaryimage"},"thumbnailUrl":"https:\/\/specialcontainer.dk\/wp-content\/uploads\/2025\/01\/DMC25203_01_A-Roer-beslag-48-mm-vandret-til-Domino-Clamp.jpg","datePublished":"2026-03-16T13:19:05+00:00","dateModified":"2026-03-16T13:19:07+00:00","description":"Fest r\u00f8r horisontalt p\u00e5 fraktcontaineren din med v\u00e5r st\u00e5lhorizontal r\u00f8rklemme. Perfekt til bannere, dekorative form\u00e5l og strukturelle rammer. Kompatibel med ulike materialer og krever ingen sveising eller boring n\u00e5r den brukes sammen med Domino Clamp.","breadcrumb":{"@id":"https:\/\/specialcontainer.dk\/nb\/produkt\/parallelt-roer-beslag-til-48-mm-roer-til-domino-clamp\/#breadcrumb"},"inLanguage":"nb-NO","potentialAction":[{"@type":"ReadAction","target":["https:\/\/specialcontainer.dk\/nb\/produkt\/parallelt-roer-beslag-til-48-mm-roer-til-domino-clamp\/"]}]},{"@type":"ImageObject","inLanguage":"nb-NO","@id":"https:\/\/specialcontainer.dk\/nb\/produkt\/parallelt-roer-beslag-til-48-mm-roer-til-domino-clamp\/#primaryimage","url":"https:\/\/specialcontainer.dk\/wp-content\/uploads\/2025\/01\/DMC25203_01_A-Roer-beslag-48-mm-vandret-til-Domino-Clamp.jpg","contentUrl":"https:\/\/specialcontainer.dk\/wp-content\/uploads\/2025\/01\/DMC25203_01_A-Roer-beslag-48-mm-vandret-til-Domino-Clamp.jpg","width":1024,"height":768},{"@type":"BreadcrumbList","@id":"https:\/\/specialcontainer.dk\/nb\/produkt\/parallelt-roer-beslag-til-48-mm-roer-til-domino-clamp\/#breadcrumb","itemListElement":[{"@type":"ListItem","position":1,"name":"Hjem","item":"https:\/\/specialcontainer.dk\/nb\/"},{"@type":"ListItem","position":2,"name":"Shop","item":"https:\/\/specialcontainer.dk\/nb\/shop\/"},{"@type":"ListItem","position":3,"name":"Parallelt r\u00f8r beslag til 48 mm r\u00f8r(til Domino Clamp)"}]},{"@type":"WebSite","@id":"https:\/\/specialcontainer.dk\/#website","url":"https:\/\/specialcontainer.dk\/","name":"SpecialContainer.dk","description":"","publisher":{"@id":"https:\/\/specialcontainer.dk\/#organization"},"potentialAction":[{"@type":"SearchAction","target":{"@type":"EntryPoint","urlTemplate":"https:\/\/specialcontainer.dk\/?s={search_term_string}"},"query-input":{"@type":"PropertyValueSpecification","valueRequired":true,"valueName":"search_term_string"}}],"inLanguage":"nb-NO"},{"@type":"Organization","@id":"https:\/\/specialcontainer.dk\/#organization","name":"Specialcontainer","url":"https:\/\/specialcontainer.dk\/","logo":{"@type":"ImageObject","inLanguage":"nb-NO","@id":"https:\/\/specialcontainer.dk\/#\/schema\/logo\/image\/","url":"https:\/\/specialcontainer.dk\/wp-content\/uploads\/2019\/10\/logo-2019-307-x-72-jpg.jpg","contentUrl":"https:\/\/specialcontainer.dk\/wp-content\/uploads\/2019\/10\/logo-2019-307-x-72-jpg.jpg","width":307,"height":72,"caption":"Specialcontainer"},"image":{"@id":"https:\/\/specialcontainer.dk\/#\/schema\/logo\/image\/"}}]}},"_links":{"self":[{"href":"https:\/\/specialcontainer.dk\/nb\/wp-json\/wp\/v2\/product\/105549","targetHints":{"allow":["GET"]}}],"collection":[{"href":"https:\/\/specialcontainer.dk\/nb\/wp-json\/wp\/v2\/product"}],"about":[{"href":"https:\/\/specialcontainer.dk\/nb\/wp-json\/wp\/v2\/types\/product"}],"wp:featuredmedia":[{"embeddable":true,"href":"https:\/\/specialcontainer.dk\/nb\/wp-json\/wp\/v2\/media\/104188"}],"wp:attachment":[{"href":"https:\/\/specialcontainer.dk\/nb\/wp-json\/wp\/v2\/media?parent=105549"}],"wp:term":[{"taxonomy":"product_brand","embeddable":true,"href":"https:\/\/specialcontainer.dk\/nb\/wp-json\/wp\/v2\/product_brand?post=105549"},{"taxonomy":"product_cat","embeddable":true,"href":"https:\/\/specialcontainer.dk\/nb\/wp-json\/wp\/v2\/product_cat?post=105549"},{"taxonomy":"product_tag","embeddable":true,"href":"https:\/\/specialcontainer.dk\/nb\/wp-json\/wp\/v2\/product_tag?post=105549"}],"curies":[{"name":"wp","href":"https:\/\/api.w.org\/{rel}","templated":true}]}}