{"id":105542,"date":"2026-03-26T10:34:21","date_gmt":"2026-03-26T09:34:21","guid":{"rendered":"https:\/\/specialcontainer.dk\/produkt\/beslag-til-overvaagnings-kamera-til-domino-clamp-2\/"},"modified":"2026-03-26T10:34:21","modified_gmt":"2026-03-26T09:34:21","slug":"beslag-til-overvaagnings-kamera-til-domino-clamp","status":"publish","type":"product","link":"https:\/\/specialcontainer.dk\/nb\/produkt\/beslag-til-overvaagnings-kamera-til-domino-clamp\/","title":{"rendered":"Beslag for overv\u00e5kningskamera"},"content":{"rendered":"<p><strong>Beslag for overv&aring;kningskamera (for Domino Clamp)<\/strong><br \/>Sikkert beslag som kan montere to kameraer p&aring; opptil 7,5 kg hver. Passer perfekt for &aring; legge til ekstra CCTV-kameraer til fullh&oslash;yde lyskastersett, halvh&oslash;ye lyskastersett, skiltesett eller lette CCTV-sett.<\/p>\n","protected":false},"excerpt":{"rendered":"<ul>\n<li>Universell montering &ndash; kompatibel med ulike mastsett, inkludert full- og halvh&oslash;ye lyskastersett, skiltesett og CCTV-sett<\/li>\n<li>Robust konstruksjon &ndash; st&oslash;tter to kameraer p&aring; opptil 7,5 kg hver<\/li>\n<li>Enkel installasjon &ndash; lett &aring; legge til ekstra kameraer i eksisterende infrastruktur<\/li>\n<\/ul>\n","protected":false},"featured_media":105021,"template":"","meta":[],"product_brand":[],"product_cat":[6063],"product_tag":[],"class_list":{"0":"post-105542","1":"product","2":"type-product","3":"status-publish","4":"has-post-thumbnail","6":"product_cat-domino-clamp-nb","7":"pa_egenvaegt-2-cma-43-kg","8":"pa_finish-galvaniseret","9":"pa_materiale-staal","10":"pa_shp_slug-beslag-til-overvaagnings-kamera-til-domino-clamp","11":"pa_udvendige_maal-l-210-mm-h-210-mm","12":"pa_varenr__-dmc25301","13":"description-off","15":"first","16":"instock","17":"taxable","18":"shipping-taxable","19":"purchasable","20":"product-type-simple"},"yoast_head":"<!-- This site is optimized with the Yoast SEO plugin v26.0 - https:\/\/yoast.com\/wordpress\/plugins\/seo\/ -->\n<title>Beslag for overv\u00e5kningskamera - SpecialContainer.dk<\/title>\n<meta name=\"description\" content=\"Beslag for overv\u00e5kningskamera \u2013 sikker montering med Domino Clamp | Specialcontainer.dkMonter opptil to CCTV-kameraer (7,5 kg hver) trygt og stabilt med dette beslaget. Kompatibelt med lyskastersett, skiltesett og CCTV-oppsett. Brukes sammen med Domino Clamp for enkel og p\u00e5litelig feste p\u00e5 vertikale flater. Perfekt for sikkerhet og overv\u00e5king.\" \/>\n<meta name=\"robots\" content=\"index, follow, max-snippet:-1, max-image-preview:large, max-video-preview:-1\" \/>\n<link rel=\"canonical\" href=\"https:\/\/specialcontainer.dk\/nb\/produkt\/beslag-til-overvaagnings-kamera-til-domino-clamp\/\" \/>\n<meta property=\"og:locale\" content=\"nb_NO\" \/>\n<meta property=\"og:type\" content=\"article\" \/>\n<meta property=\"og:title\" content=\"Beslag for overv\u00e5kningskamera - SpecialContainer.dk\" \/>\n<meta property=\"og:description\" content=\"Beslag for overv\u00e5kningskamera \u2013 sikker montering med Domino Clamp | Specialcontainer.dkMonter opptil to CCTV-kameraer (7,5 kg hver) trygt og stabilt med dette beslaget. Kompatibelt med lyskastersett, skiltesett og CCTV-oppsett. Brukes sammen med Domino Clamp for enkel og p\u00e5litelig feste p\u00e5 vertikale flater. Perfekt for sikkerhet og overv\u00e5king.\" \/>\n<meta property=\"og:url\" content=\"https:\/\/specialcontainer.dk\/nb\/produkt\/beslag-til-overvaagnings-kamera-til-domino-clamp\/\" \/>\n<meta property=\"og:site_name\" content=\"SpecialContainer.dk\" \/>\n<meta property=\"og:image\" content=\"https:\/\/specialcontainer.dk\/wp-content\/uploads\/2025\/05\/DMC25301_01_A-Universal-CCTV-Bracket-.jpg\" \/>\n\t<meta property=\"og:image:width\" content=\"1024\" \/>\n\t<meta property=\"og:image:height\" content=\"768\" \/>\n\t<meta property=\"og:image:type\" content=\"image\/jpeg\" \/>\n<meta name=\"twitter:card\" content=\"summary_large_image\" \/>\n<script type=\"application\/ld+json\" class=\"yoast-schema-graph\">{\"@context\":\"https:\/\/schema.org\",\"@graph\":[{\"@type\":\"WebPage\",\"@id\":\"https:\/\/specialcontainer.dk\/nb\/produkt\/beslag-til-overvaagnings-kamera-til-domino-clamp\/\",\"url\":\"https:\/\/specialcontainer.dk\/nb\/produkt\/beslag-til-overvaagnings-kamera-til-domino-clamp\/\",\"name\":\"Beslag for overv\u00e5kningskamera - SpecialContainer.dk\",\"isPartOf\":{\"@id\":\"https:\/\/specialcontainer.dk\/#website\"},\"primaryImageOfPage\":{\"@id\":\"https:\/\/specialcontainer.dk\/nb\/produkt\/beslag-til-overvaagnings-kamera-til-domino-clamp\/#primaryimage\"},\"image\":{\"@id\":\"https:\/\/specialcontainer.dk\/nb\/produkt\/beslag-til-overvaagnings-kamera-til-domino-clamp\/#primaryimage\"},\"thumbnailUrl\":\"https:\/\/specialcontainer.dk\/wp-content\/uploads\/2025\/05\/DMC25301_01_A-Universal-CCTV-Bracket-.jpg\",\"datePublished\":\"2026-03-26T09:34:21+00:00\",\"description\":\"Beslag for overv\u00e5kningskamera \u2013 sikker montering med Domino Clamp | Specialcontainer.dkMonter opptil to CCTV-kameraer (7,5 kg hver) trygt og stabilt med dette beslaget. Kompatibelt med lyskastersett, skiltesett og CCTV-oppsett. Brukes sammen med Domino Clamp for enkel og p\u00e5litelig feste p\u00e5 vertikale flater. Perfekt for sikkerhet og overv\u00e5king.\",\"breadcrumb\":{\"@id\":\"https:\/\/specialcontainer.dk\/nb\/produkt\/beslag-til-overvaagnings-kamera-til-domino-clamp\/#breadcrumb\"},\"inLanguage\":\"nb-NO\",\"potentialAction\":[{\"@type\":\"ReadAction\",\"target\":[\"https:\/\/specialcontainer.dk\/nb\/produkt\/beslag-til-overvaagnings-kamera-til-domino-clamp\/\"]}]},{\"@type\":\"ImageObject\",\"inLanguage\":\"nb-NO\",\"@id\":\"https:\/\/specialcontainer.dk\/nb\/produkt\/beslag-til-overvaagnings-kamera-til-domino-clamp\/#primaryimage\",\"url\":\"https:\/\/specialcontainer.dk\/wp-content\/uploads\/2025\/05\/DMC25301_01_A-Universal-CCTV-Bracket-.jpg\",\"contentUrl\":\"https:\/\/specialcontainer.dk\/wp-content\/uploads\/2025\/05\/DMC25301_01_A-Universal-CCTV-Bracket-.jpg\",\"width\":1024,\"height\":768},{\"@type\":\"BreadcrumbList\",\"@id\":\"https:\/\/specialcontainer.dk\/nb\/produkt\/beslag-til-overvaagnings-kamera-til-domino-clamp\/#breadcrumb\",\"itemListElement\":[{\"@type\":\"ListItem\",\"position\":1,\"name\":\"Hjem\",\"item\":\"https:\/\/specialcontainer.dk\/nb\/\"},{\"@type\":\"ListItem\",\"position\":2,\"name\":\"Shop\",\"item\":\"https:\/\/specialcontainer.dk\/nb\/shop\/\"},{\"@type\":\"ListItem\",\"position\":3,\"name\":\"Beslag for overv\u00e5kningskamera\"}]},{\"@type\":\"WebSite\",\"@id\":\"https:\/\/specialcontainer.dk\/#website\",\"url\":\"https:\/\/specialcontainer.dk\/\",\"name\":\"SpecialContainer.dk\",\"description\":\"\",\"publisher\":{\"@id\":\"https:\/\/specialcontainer.dk\/#organization\"},\"potentialAction\":[{\"@type\":\"SearchAction\",\"target\":{\"@type\":\"EntryPoint\",\"urlTemplate\":\"https:\/\/specialcontainer.dk\/?s={search_term_string}\"},\"query-input\":{\"@type\":\"PropertyValueSpecification\",\"valueRequired\":true,\"valueName\":\"search_term_string\"}}],\"inLanguage\":\"nb-NO\"},{\"@type\":\"Organization\",\"@id\":\"https:\/\/specialcontainer.dk\/#organization\",\"name\":\"Specialcontainer\",\"url\":\"https:\/\/specialcontainer.dk\/\",\"logo\":{\"@type\":\"ImageObject\",\"inLanguage\":\"nb-NO\",\"@id\":\"https:\/\/specialcontainer.dk\/#\/schema\/logo\/image\/\",\"url\":\"https:\/\/specialcontainer.dk\/wp-content\/uploads\/2019\/10\/logo-2019-307-x-72-jpg.jpg\",\"contentUrl\":\"https:\/\/specialcontainer.dk\/wp-content\/uploads\/2019\/10\/logo-2019-307-x-72-jpg.jpg\",\"width\":307,\"height\":72,\"caption\":\"Specialcontainer\"},\"image\":{\"@id\":\"https:\/\/specialcontainer.dk\/#\/schema\/logo\/image\/\"}}]}<\/script>\n<!-- \/ Yoast SEO plugin. -->","yoast_head_json":{"title":"Beslag for overv\u00e5kningskamera - SpecialContainer.dk","description":"Beslag for overv\u00e5kningskamera \u2013 sikker montering med Domino Clamp | Specialcontainer.dkMonter opptil to CCTV-kameraer (7,5 kg hver) trygt og stabilt med dette beslaget. Kompatibelt med lyskastersett, skiltesett og CCTV-oppsett. Brukes sammen med Domino Clamp for enkel og p\u00e5litelig feste p\u00e5 vertikale flater. Perfekt for sikkerhet og overv\u00e5king.","robots":{"index":"index","follow":"follow","max-snippet":"max-snippet:-1","max-image-preview":"max-image-preview:large","max-video-preview":"max-video-preview:-1"},"canonical":"https:\/\/specialcontainer.dk\/nb\/produkt\/beslag-til-overvaagnings-kamera-til-domino-clamp\/","og_locale":"nb_NO","og_type":"article","og_title":"Beslag for overv\u00e5kningskamera - SpecialContainer.dk","og_description":"Beslag for overv\u00e5kningskamera \u2013 sikker montering med Domino Clamp | Specialcontainer.dkMonter opptil to CCTV-kameraer (7,5 kg hver) trygt og stabilt med dette beslaget. Kompatibelt med lyskastersett, skiltesett og CCTV-oppsett. Brukes sammen med Domino Clamp for enkel og p\u00e5litelig feste p\u00e5 vertikale flater. Perfekt for sikkerhet og overv\u00e5king.","og_url":"https:\/\/specialcontainer.dk\/nb\/produkt\/beslag-til-overvaagnings-kamera-til-domino-clamp\/","og_site_name":"SpecialContainer.dk","og_image":[{"width":1024,"height":768,"url":"https:\/\/specialcontainer.dk\/wp-content\/uploads\/2025\/05\/DMC25301_01_A-Universal-CCTV-Bracket-.jpg","type":"image\/jpeg"}],"twitter_card":"summary_large_image","schema":{"@context":"https:\/\/schema.org","@graph":[{"@type":"WebPage","@id":"https:\/\/specialcontainer.dk\/nb\/produkt\/beslag-til-overvaagnings-kamera-til-domino-clamp\/","url":"https:\/\/specialcontainer.dk\/nb\/produkt\/beslag-til-overvaagnings-kamera-til-domino-clamp\/","name":"Beslag for overv\u00e5kningskamera - SpecialContainer.dk","isPartOf":{"@id":"https:\/\/specialcontainer.dk\/#website"},"primaryImageOfPage":{"@id":"https:\/\/specialcontainer.dk\/nb\/produkt\/beslag-til-overvaagnings-kamera-til-domino-clamp\/#primaryimage"},"image":{"@id":"https:\/\/specialcontainer.dk\/nb\/produkt\/beslag-til-overvaagnings-kamera-til-domino-clamp\/#primaryimage"},"thumbnailUrl":"https:\/\/specialcontainer.dk\/wp-content\/uploads\/2025\/05\/DMC25301_01_A-Universal-CCTV-Bracket-.jpg","datePublished":"2026-03-26T09:34:21+00:00","description":"Beslag for overv\u00e5kningskamera \u2013 sikker montering med Domino Clamp | Specialcontainer.dkMonter opptil to CCTV-kameraer (7,5 kg hver) trygt og stabilt med dette beslaget. Kompatibelt med lyskastersett, skiltesett og CCTV-oppsett. Brukes sammen med Domino Clamp for enkel og p\u00e5litelig feste p\u00e5 vertikale flater. Perfekt for sikkerhet og overv\u00e5king.","breadcrumb":{"@id":"https:\/\/specialcontainer.dk\/nb\/produkt\/beslag-til-overvaagnings-kamera-til-domino-clamp\/#breadcrumb"},"inLanguage":"nb-NO","potentialAction":[{"@type":"ReadAction","target":["https:\/\/specialcontainer.dk\/nb\/produkt\/beslag-til-overvaagnings-kamera-til-domino-clamp\/"]}]},{"@type":"ImageObject","inLanguage":"nb-NO","@id":"https:\/\/specialcontainer.dk\/nb\/produkt\/beslag-til-overvaagnings-kamera-til-domino-clamp\/#primaryimage","url":"https:\/\/specialcontainer.dk\/wp-content\/uploads\/2025\/05\/DMC25301_01_A-Universal-CCTV-Bracket-.jpg","contentUrl":"https:\/\/specialcontainer.dk\/wp-content\/uploads\/2025\/05\/DMC25301_01_A-Universal-CCTV-Bracket-.jpg","width":1024,"height":768},{"@type":"BreadcrumbList","@id":"https:\/\/specialcontainer.dk\/nb\/produkt\/beslag-til-overvaagnings-kamera-til-domino-clamp\/#breadcrumb","itemListElement":[{"@type":"ListItem","position":1,"name":"Hjem","item":"https:\/\/specialcontainer.dk\/nb\/"},{"@type":"ListItem","position":2,"name":"Shop","item":"https:\/\/specialcontainer.dk\/nb\/shop\/"},{"@type":"ListItem","position":3,"name":"Beslag for overv\u00e5kningskamera"}]},{"@type":"WebSite","@id":"https:\/\/specialcontainer.dk\/#website","url":"https:\/\/specialcontainer.dk\/","name":"SpecialContainer.dk","description":"","publisher":{"@id":"https:\/\/specialcontainer.dk\/#organization"},"potentialAction":[{"@type":"SearchAction","target":{"@type":"EntryPoint","urlTemplate":"https:\/\/specialcontainer.dk\/?s={search_term_string}"},"query-input":{"@type":"PropertyValueSpecification","valueRequired":true,"valueName":"search_term_string"}}],"inLanguage":"nb-NO"},{"@type":"Organization","@id":"https:\/\/specialcontainer.dk\/#organization","name":"Specialcontainer","url":"https:\/\/specialcontainer.dk\/","logo":{"@type":"ImageObject","inLanguage":"nb-NO","@id":"https:\/\/specialcontainer.dk\/#\/schema\/logo\/image\/","url":"https:\/\/specialcontainer.dk\/wp-content\/uploads\/2019\/10\/logo-2019-307-x-72-jpg.jpg","contentUrl":"https:\/\/specialcontainer.dk\/wp-content\/uploads\/2019\/10\/logo-2019-307-x-72-jpg.jpg","width":307,"height":72,"caption":"Specialcontainer"},"image":{"@id":"https:\/\/specialcontainer.dk\/#\/schema\/logo\/image\/"}}]}},"_links":{"self":[{"href":"https:\/\/specialcontainer.dk\/nb\/wp-json\/wp\/v2\/product\/105542","targetHints":{"allow":["GET"]}}],"collection":[{"href":"https:\/\/specialcontainer.dk\/nb\/wp-json\/wp\/v2\/product"}],"about":[{"href":"https:\/\/specialcontainer.dk\/nb\/wp-json\/wp\/v2\/types\/product"}],"wp:featuredmedia":[{"embeddable":true,"href":"https:\/\/specialcontainer.dk\/nb\/wp-json\/wp\/v2\/media\/105021"}],"wp:attachment":[{"href":"https:\/\/specialcontainer.dk\/nb\/wp-json\/wp\/v2\/media?parent=105542"}],"wp:term":[{"taxonomy":"product_brand","embeddable":true,"href":"https:\/\/specialcontainer.dk\/nb\/wp-json\/wp\/v2\/product_brand?post=105542"},{"taxonomy":"product_cat","embeddable":true,"href":"https:\/\/specialcontainer.dk\/nb\/wp-json\/wp\/v2\/product_cat?post=105542"},{"taxonomy":"product_tag","embeddable":true,"href":"https:\/\/specialcontainer.dk\/nb\/wp-json\/wp\/v2\/product_tag?post=105542"}],"curies":[{"name":"wp","href":"https:\/\/api.w.org\/{rel}","templated":true}]}}