{"id":105540,"date":"2026-03-16T14:17:42","date_gmt":"2026-03-16T13:17:42","guid":{"rendered":"https:\/\/specialcontainer.dk\/produkt\/roer-beslag-uden-bund-til-domino-clamp-2\/"},"modified":"2026-03-16T14:17:43","modified_gmt":"2026-03-16T13:17:43","slug":"roer-beslag-uden-bund-til-domino-clamp","status":"publish","type":"product","link":"https:\/\/specialcontainer.dk\/nb\/produkt\/roer-beslag-uden-bund-til-domino-clamp\/","title":{"rendered":"Vertikal r\u00f8rklemme"},"content":{"rendered":"<p><strong>Vertikal r&oslash;rklemme &ndash; fleksibel og sikker fastg&oslash;relse til lodrette installationer p&aring; containere<\/strong><\/p>\n<p>Den vertikale r&oslash;rklemme er en alsidig komponent, designet til at fastg&oslash;re r&oslash;r lodret p&aring; forskellige strukturer, herunder skibscontainere. Beslaget har &aring;bent bundstykke, s&aring; r&oslash;ret kan f&oslash;res igennem, hvilket giver ekstra st&oslash;tte og stabilitet til lange r&oslash;r, der monteres nedefra.<\/p>\n<p><strong>Anvendelsesmuligheder:<\/strong><br \/>Perfekt til montering af lette tilbeh&oslash;r som projekt&oslash;rer, CCTV-kameraer, tr&aring;dl&oslash;se kommunikationsenheder, skilte, flag og LED-belysning. Ved at placere udstyret h&oslash;jt opn&aring;s bedre synlighed og funktionalitet.<\/p>\n<h3>N&oslash;glefunktioner:<\/h3>\n<ul>\n<li>\n<p><strong>Dimensioner:<\/strong><\/p>\n<ul>\n<li>\n<p>Ydre diameter: 48,3 mm<\/p>\n<\/li>\n<li>\n<p>R&oslash;rst&oslash;rrelse: DN 38,1 mm (1,5&#8243; NPS)<\/p>\n<\/li>\n<\/ul>\n<\/li>\n<li>\n<p><strong>Medf&oslash;lger:<\/strong><\/p>\n<ul>\n<li>\n<p>2 stk. M12 x 30 mm sekskantede l&aring;sebolte<\/p>\n<\/li>\n<li>\n<p>2 stk. M12 skiver<\/p>\n<\/li>\n<\/ul>\n<\/li>\n<li>\n<p><strong>Krav:<\/strong><\/p>\n<ul>\n<li>\n<p>1 stk. Domino Clamp for komplet montering og sikker fastg&oslash;relse p&aring; containeren<\/p>\n<\/li>\n<\/ul>\n<\/li>\n<\/ul>\n<p>Den vertikale r&oslash;rklemme er ideel til sikker og effektiv ops&aelig;tning af udstyr p&aring; lodrette flader, hvilket sikrer holdbarhed og stabilitet under kr&aelig;vende forhold.<\/p>\n","protected":false},"excerpt":{"rendered":"<ul>\n<li>Vertikal r&oslash;rklemme uten bunn for gjennomg&aring;ende installasjoner<\/li>\n<li>Perfekt for sikring av lange r&oslash;r p&aring; fraktcontainere<\/li>\n<li>Kompatibel med Domino Clamp for ekstra stabilitet<\/li>\n<\/ul>\n","protected":false},"featured_media":104146,"template":"","meta":[],"product_brand":[],"product_cat":[6063],"product_tag":[],"class_list":{"0":"post-105540","1":"product","2":"type-product","3":"status-publish","4":"has-post-thumbnail","6":"product_cat-domino-clamp-nb","7":"pa_designet_til-domino-clamp","8":"pa_egenvaegt-1-cma-4-kg","9":"pa_finish-zinkbelaegning","10":"pa_materiale-staal","11":"pa_shp_slug-roer-beslag-uden-bund-til-domino-clamp","12":"pa_udvendige_maal-l-150-mm-b-62mm-h-90-mm","13":"pa_varenr__-dmc25201","14":"description-off","16":"first","17":"instock","18":"taxable","19":"shipping-taxable","20":"purchasable","21":"product-type-simple"},"yoast_head":"<!-- This site is optimized with the Yoast SEO plugin v26.0 - https:\/\/yoast.com\/wordpress\/plugins\/seo\/ -->\n<title>Vertikal r\u00f8rklemme - SpecialContainer.dk<\/title>\n<meta name=\"description\" content=\"Fest r\u00f8r vertikalt med v\u00e5r vertikale r\u00f8rklemme uten bunn. Det gjennomg\u00e5ende designet gj\u00f8r den ideell for lange r\u00f8r og et bredt spekter av lette tilbeh\u00f8r som projekt\u00f8rer, CCTV-kameraer og skilt. Kompatibel med Domino Clamp for enkel og stabil montering p\u00e5 fraktcontainere.\" \/>\n<meta name=\"robots\" content=\"index, follow, max-snippet:-1, max-image-preview:large, max-video-preview:-1\" \/>\n<link rel=\"canonical\" href=\"https:\/\/specialcontainer.dk\/nb\/produkt\/roer-beslag-uden-bund-til-domino-clamp\/\" \/>\n<meta property=\"og:locale\" content=\"nb_NO\" \/>\n<meta property=\"og:type\" content=\"article\" \/>\n<meta property=\"og:title\" content=\"Vertikal r\u00f8rklemme - SpecialContainer.dk\" \/>\n<meta property=\"og:description\" content=\"Fest r\u00f8r vertikalt med v\u00e5r vertikale r\u00f8rklemme uten bunn. Det gjennomg\u00e5ende designet gj\u00f8r den ideell for lange r\u00f8r og et bredt spekter av lette tilbeh\u00f8r som projekt\u00f8rer, CCTV-kameraer og skilt. Kompatibel med Domino Clamp for enkel og stabil montering p\u00e5 fraktcontainere.\" \/>\n<meta property=\"og:url\" content=\"https:\/\/specialcontainer.dk\/nb\/produkt\/roer-beslag-uden-bund-til-domino-clamp\/\" \/>\n<meta property=\"og:site_name\" content=\"SpecialContainer.dk\" \/>\n<meta property=\"article:modified_time\" content=\"2026-03-16T13:17:43+00:00\" \/>\n<meta property=\"og:image\" content=\"https:\/\/specialcontainer.dk\/wp-content\/uploads\/2025\/01\/DMC25201_01_A-Roer-beslag-uden-bund-til-Domino-Clamp.jpg\" \/>\n\t<meta property=\"og:image:width\" content=\"1024\" \/>\n\t<meta property=\"og:image:height\" content=\"768\" \/>\n\t<meta property=\"og:image:type\" content=\"image\/jpeg\" \/>\n<meta name=\"twitter:card\" content=\"summary_large_image\" \/>\n<meta name=\"twitter:label1\" content=\"Ansl. lesetid\" \/>\n\t<meta name=\"twitter:data1\" content=\"1 minutt\" \/>\n<script type=\"application\/ld+json\" class=\"yoast-schema-graph\">{\"@context\":\"https:\/\/schema.org\",\"@graph\":[{\"@type\":\"WebPage\",\"@id\":\"https:\/\/specialcontainer.dk\/nb\/produkt\/roer-beslag-uden-bund-til-domino-clamp\/\",\"url\":\"https:\/\/specialcontainer.dk\/nb\/produkt\/roer-beslag-uden-bund-til-domino-clamp\/\",\"name\":\"Vertikal r\u00f8rklemme - SpecialContainer.dk\",\"isPartOf\":{\"@id\":\"https:\/\/specialcontainer.dk\/#website\"},\"primaryImageOfPage\":{\"@id\":\"https:\/\/specialcontainer.dk\/nb\/produkt\/roer-beslag-uden-bund-til-domino-clamp\/#primaryimage\"},\"image\":{\"@id\":\"https:\/\/specialcontainer.dk\/nb\/produkt\/roer-beslag-uden-bund-til-domino-clamp\/#primaryimage\"},\"thumbnailUrl\":\"https:\/\/specialcontainer.dk\/wp-content\/uploads\/2025\/01\/DMC25201_01_A-Roer-beslag-uden-bund-til-Domino-Clamp.jpg\",\"datePublished\":\"2026-03-16T13:17:42+00:00\",\"dateModified\":\"2026-03-16T13:17:43+00:00\",\"description\":\"Fest r\u00f8r vertikalt med v\u00e5r vertikale r\u00f8rklemme uten bunn. Det gjennomg\u00e5ende designet gj\u00f8r den ideell for lange r\u00f8r og et bredt spekter av lette tilbeh\u00f8r som projekt\u00f8rer, CCTV-kameraer og skilt. Kompatibel med Domino Clamp for enkel og stabil montering p\u00e5 fraktcontainere.\",\"breadcrumb\":{\"@id\":\"https:\/\/specialcontainer.dk\/nb\/produkt\/roer-beslag-uden-bund-til-domino-clamp\/#breadcrumb\"},\"inLanguage\":\"nb-NO\",\"potentialAction\":[{\"@type\":\"ReadAction\",\"target\":[\"https:\/\/specialcontainer.dk\/nb\/produkt\/roer-beslag-uden-bund-til-domino-clamp\/\"]}]},{\"@type\":\"ImageObject\",\"inLanguage\":\"nb-NO\",\"@id\":\"https:\/\/specialcontainer.dk\/nb\/produkt\/roer-beslag-uden-bund-til-domino-clamp\/#primaryimage\",\"url\":\"https:\/\/specialcontainer.dk\/wp-content\/uploads\/2025\/01\/DMC25201_01_A-Roer-beslag-uden-bund-til-Domino-Clamp.jpg\",\"contentUrl\":\"https:\/\/specialcontainer.dk\/wp-content\/uploads\/2025\/01\/DMC25201_01_A-Roer-beslag-uden-bund-til-Domino-Clamp.jpg\",\"width\":1024,\"height\":768},{\"@type\":\"BreadcrumbList\",\"@id\":\"https:\/\/specialcontainer.dk\/nb\/produkt\/roer-beslag-uden-bund-til-domino-clamp\/#breadcrumb\",\"itemListElement\":[{\"@type\":\"ListItem\",\"position\":1,\"name\":\"Hjem\",\"item\":\"https:\/\/specialcontainer.dk\/nb\/\"},{\"@type\":\"ListItem\",\"position\":2,\"name\":\"Shop\",\"item\":\"https:\/\/specialcontainer.dk\/nb\/shop\/\"},{\"@type\":\"ListItem\",\"position\":3,\"name\":\"Vertikal r\u00f8rklemme\"}]},{\"@type\":\"WebSite\",\"@id\":\"https:\/\/specialcontainer.dk\/#website\",\"url\":\"https:\/\/specialcontainer.dk\/\",\"name\":\"SpecialContainer.dk\",\"description\":\"\",\"publisher\":{\"@id\":\"https:\/\/specialcontainer.dk\/#organization\"},\"potentialAction\":[{\"@type\":\"SearchAction\",\"target\":{\"@type\":\"EntryPoint\",\"urlTemplate\":\"https:\/\/specialcontainer.dk\/?s={search_term_string}\"},\"query-input\":{\"@type\":\"PropertyValueSpecification\",\"valueRequired\":true,\"valueName\":\"search_term_string\"}}],\"inLanguage\":\"nb-NO\"},{\"@type\":\"Organization\",\"@id\":\"https:\/\/specialcontainer.dk\/#organization\",\"name\":\"Specialcontainer\",\"url\":\"https:\/\/specialcontainer.dk\/\",\"logo\":{\"@type\":\"ImageObject\",\"inLanguage\":\"nb-NO\",\"@id\":\"https:\/\/specialcontainer.dk\/#\/schema\/logo\/image\/\",\"url\":\"https:\/\/specialcontainer.dk\/wp-content\/uploads\/2019\/10\/logo-2019-307-x-72-jpg.jpg\",\"contentUrl\":\"https:\/\/specialcontainer.dk\/wp-content\/uploads\/2019\/10\/logo-2019-307-x-72-jpg.jpg\",\"width\":307,\"height\":72,\"caption\":\"Specialcontainer\"},\"image\":{\"@id\":\"https:\/\/specialcontainer.dk\/#\/schema\/logo\/image\/\"}}]}<\/script>\n<!-- \/ Yoast SEO plugin. -->","yoast_head_json":{"title":"Vertikal r\u00f8rklemme - SpecialContainer.dk","description":"Fest r\u00f8r vertikalt med v\u00e5r vertikale r\u00f8rklemme uten bunn. Det gjennomg\u00e5ende designet gj\u00f8r den ideell for lange r\u00f8r og et bredt spekter av lette tilbeh\u00f8r som projekt\u00f8rer, CCTV-kameraer og skilt. Kompatibel med Domino Clamp for enkel og stabil montering p\u00e5 fraktcontainere.","robots":{"index":"index","follow":"follow","max-snippet":"max-snippet:-1","max-image-preview":"max-image-preview:large","max-video-preview":"max-video-preview:-1"},"canonical":"https:\/\/specialcontainer.dk\/nb\/produkt\/roer-beslag-uden-bund-til-domino-clamp\/","og_locale":"nb_NO","og_type":"article","og_title":"Vertikal r\u00f8rklemme - SpecialContainer.dk","og_description":"Fest r\u00f8r vertikalt med v\u00e5r vertikale r\u00f8rklemme uten bunn. Det gjennomg\u00e5ende designet gj\u00f8r den ideell for lange r\u00f8r og et bredt spekter av lette tilbeh\u00f8r som projekt\u00f8rer, CCTV-kameraer og skilt. Kompatibel med Domino Clamp for enkel og stabil montering p\u00e5 fraktcontainere.","og_url":"https:\/\/specialcontainer.dk\/nb\/produkt\/roer-beslag-uden-bund-til-domino-clamp\/","og_site_name":"SpecialContainer.dk","article_modified_time":"2026-03-16T13:17:43+00:00","og_image":[{"width":1024,"height":768,"url":"https:\/\/specialcontainer.dk\/wp-content\/uploads\/2025\/01\/DMC25201_01_A-Roer-beslag-uden-bund-til-Domino-Clamp.jpg","type":"image\/jpeg"}],"twitter_card":"summary_large_image","twitter_misc":{"Ansl. lesetid":"1 minutt"},"schema":{"@context":"https:\/\/schema.org","@graph":[{"@type":"WebPage","@id":"https:\/\/specialcontainer.dk\/nb\/produkt\/roer-beslag-uden-bund-til-domino-clamp\/","url":"https:\/\/specialcontainer.dk\/nb\/produkt\/roer-beslag-uden-bund-til-domino-clamp\/","name":"Vertikal r\u00f8rklemme - SpecialContainer.dk","isPartOf":{"@id":"https:\/\/specialcontainer.dk\/#website"},"primaryImageOfPage":{"@id":"https:\/\/specialcontainer.dk\/nb\/produkt\/roer-beslag-uden-bund-til-domino-clamp\/#primaryimage"},"image":{"@id":"https:\/\/specialcontainer.dk\/nb\/produkt\/roer-beslag-uden-bund-til-domino-clamp\/#primaryimage"},"thumbnailUrl":"https:\/\/specialcontainer.dk\/wp-content\/uploads\/2025\/01\/DMC25201_01_A-Roer-beslag-uden-bund-til-Domino-Clamp.jpg","datePublished":"2026-03-16T13:17:42+00:00","dateModified":"2026-03-16T13:17:43+00:00","description":"Fest r\u00f8r vertikalt med v\u00e5r vertikale r\u00f8rklemme uten bunn. Det gjennomg\u00e5ende designet gj\u00f8r den ideell for lange r\u00f8r og et bredt spekter av lette tilbeh\u00f8r som projekt\u00f8rer, CCTV-kameraer og skilt. Kompatibel med Domino Clamp for enkel og stabil montering p\u00e5 fraktcontainere.","breadcrumb":{"@id":"https:\/\/specialcontainer.dk\/nb\/produkt\/roer-beslag-uden-bund-til-domino-clamp\/#breadcrumb"},"inLanguage":"nb-NO","potentialAction":[{"@type":"ReadAction","target":["https:\/\/specialcontainer.dk\/nb\/produkt\/roer-beslag-uden-bund-til-domino-clamp\/"]}]},{"@type":"ImageObject","inLanguage":"nb-NO","@id":"https:\/\/specialcontainer.dk\/nb\/produkt\/roer-beslag-uden-bund-til-domino-clamp\/#primaryimage","url":"https:\/\/specialcontainer.dk\/wp-content\/uploads\/2025\/01\/DMC25201_01_A-Roer-beslag-uden-bund-til-Domino-Clamp.jpg","contentUrl":"https:\/\/specialcontainer.dk\/wp-content\/uploads\/2025\/01\/DMC25201_01_A-Roer-beslag-uden-bund-til-Domino-Clamp.jpg","width":1024,"height":768},{"@type":"BreadcrumbList","@id":"https:\/\/specialcontainer.dk\/nb\/produkt\/roer-beslag-uden-bund-til-domino-clamp\/#breadcrumb","itemListElement":[{"@type":"ListItem","position":1,"name":"Hjem","item":"https:\/\/specialcontainer.dk\/nb\/"},{"@type":"ListItem","position":2,"name":"Shop","item":"https:\/\/specialcontainer.dk\/nb\/shop\/"},{"@type":"ListItem","position":3,"name":"Vertikal r\u00f8rklemme"}]},{"@type":"WebSite","@id":"https:\/\/specialcontainer.dk\/#website","url":"https:\/\/specialcontainer.dk\/","name":"SpecialContainer.dk","description":"","publisher":{"@id":"https:\/\/specialcontainer.dk\/#organization"},"potentialAction":[{"@type":"SearchAction","target":{"@type":"EntryPoint","urlTemplate":"https:\/\/specialcontainer.dk\/?s={search_term_string}"},"query-input":{"@type":"PropertyValueSpecification","valueRequired":true,"valueName":"search_term_string"}}],"inLanguage":"nb-NO"},{"@type":"Organization","@id":"https:\/\/specialcontainer.dk\/#organization","name":"Specialcontainer","url":"https:\/\/specialcontainer.dk\/","logo":{"@type":"ImageObject","inLanguage":"nb-NO","@id":"https:\/\/specialcontainer.dk\/#\/schema\/logo\/image\/","url":"https:\/\/specialcontainer.dk\/wp-content\/uploads\/2019\/10\/logo-2019-307-x-72-jpg.jpg","contentUrl":"https:\/\/specialcontainer.dk\/wp-content\/uploads\/2019\/10\/logo-2019-307-x-72-jpg.jpg","width":307,"height":72,"caption":"Specialcontainer"},"image":{"@id":"https:\/\/specialcontainer.dk\/#\/schema\/logo\/image\/"}}]}},"_links":{"self":[{"href":"https:\/\/specialcontainer.dk\/nb\/wp-json\/wp\/v2\/product\/105540","targetHints":{"allow":["GET"]}}],"collection":[{"href":"https:\/\/specialcontainer.dk\/nb\/wp-json\/wp\/v2\/product"}],"about":[{"href":"https:\/\/specialcontainer.dk\/nb\/wp-json\/wp\/v2\/types\/product"}],"wp:featuredmedia":[{"embeddable":true,"href":"https:\/\/specialcontainer.dk\/nb\/wp-json\/wp\/v2\/media\/104146"}],"wp:attachment":[{"href":"https:\/\/specialcontainer.dk\/nb\/wp-json\/wp\/v2\/media?parent=105540"}],"wp:term":[{"taxonomy":"product_brand","embeddable":true,"href":"https:\/\/specialcontainer.dk\/nb\/wp-json\/wp\/v2\/product_brand?post=105540"},{"taxonomy":"product_cat","embeddable":true,"href":"https:\/\/specialcontainer.dk\/nb\/wp-json\/wp\/v2\/product_cat?post=105540"},{"taxonomy":"product_tag","embeddable":true,"href":"https:\/\/specialcontainer.dk\/nb\/wp-json\/wp\/v2\/product_tag?post=105540"}],"curies":[{"name":"wp","href":"https:\/\/api.w.org\/{rel}","templated":true}]}}