{"id":82542,"date":"2020-05-15T14:17:20","date_gmt":"2020-05-15T12:17:20","guid":{"rendered":"https:\/\/specialcontainer.dk\/\/om-oss\/"},"modified":"2025-10-09T10:23:22","modified_gmt":"2025-10-09T08:23:22","slug":"om-oss","status":"publish","type":"page","link":"https:\/\/specialcontainer.dk\/nb\/om-oss\/","title":{"rendered":"Om oss"},"content":{"rendered":"<div class=\"wpb-content-wrapper\"><p>[vc_row][vc_column][vc_separator color=&raquo;white&raquo; css=&raquo;&raquo;][vc_column_text css=&raquo;&raquo;]<\/p>\n<h3><i class=\"fa fa-users\" aria-hidden=\"true\"><\/i>\u00a0OM OSS<\/h3>\n<p>[\/vc_column_text][\/vc_column][\/vc_row][vc_row][vc_column width=&raquo;1\/4&#8243;][vc_single_image image=&raquo;106453&#8243; css=&raquo;&raquo;][\/vc_column][vc_column width=&raquo;3\/4&#8243;][vc_column_text css=&raquo;&raquo;]<strong>Alt innen containere og relatert utstyr<\/strong><\/p>\n<p>Specialcontainer.dk er ditt online kontaktpunkt for alt innen containere og relatert utstyr for offshore, for det maritime, for bygg- og anlegg, s\u00e5 vel som for mange andre bransjer.<\/p>\n<p>Hos Specialcontainer finner du et bredt utvalg av b\u00e5de nytt og bruktt til ulike form\u00e5l og ulike st\u00f8rrelser.<\/p>\n<p>Vi samarbeider tett med flere leverand\u00f8rer i bransjen og kan derfor hjelpe deg med \u00e5 finne n\u00f8yaktig den containeren eller kontakten som oppfyller dine spesifikke krav og behov.[\/vc_column_text][\/vc_column][\/vc_row][vc_row][vc_column width=&raquo;1\/4&#8243;][vc_single_image image=&raquo;106571&#8243; css=&raquo;&raquo;][\/vc_column][vc_column width=&raquo;3\/4&#8243;][vc_column_text css=&raquo;&raquo;]<strong>Historie og lokasjoner<\/strong><\/p>\n<p>Specialcontainer ble grunnlagt i 2010 av Martin M\u00f8ller Skov.<\/p>\n<p>Vi har kontorer i Esbjerg og lager i Esbjerg, Aarhus, Taulov, Taastrup og K\u00f8benhavn, og kan dermed enkelt levere til hele Danmark og vi kan sende ut internationalt.<\/p>\n<p>V\u00e5re standard containere sendes fra lager i Esbjerg, Aarhus, Taulov, Taastrup og K\u00f8benhavn.<\/p>\n<p>V\u00e5re containere for offshore industrien er p\u00e5 lager i Esbjerg.<\/p>\n<p>V\u00e5re reservedele, twistlocks, l\u00e5se, indretning er p\u00e5 v\u00e5rt lager i Esbjerg.[\/vc_column_text][\/vc_column][\/vc_row][vc_row][vc_column width=&raquo;1\/4&#8243;][vc_single_image image=&raquo;106955&#8243; css=&raquo;&raquo;][\/vc_column][vc_column width=&raquo;3\/4&#8243;][vc_column_text css=&raquo;&raquo;]<b>Hos Specialcontainer garanterer vi deg\u2026<\/b><\/p>\n<ul>\n<li><strong>Tidsbesparelse<\/strong>\u00a0\u2013 Du kan enkelt finne online hva du trenger, og du kan spare opptil 80% av tiden som du ville ha brukt andre steder.<\/li>\n<li><strong>Tilgjengelighet<\/strong>\u00a0\u2013 Vi gir deg online innsikt i lager, produkter og kunnskap som vi har, og samtidig sender vi containere og dele ut p\u00e5 ganske kort tid.<\/li>\n<li><strong>Tillit<\/strong>\u00a0\u2013 Vi har 10+ \u00e5rs erfaring i branchen og kunnskap om relevante standarder og krav, og vi har et godt rykte for \u00e5 levere til rett tid, i riktig mengde og i riktig kvalitet.<\/li>\n<li><strong>Trygghet<\/strong>\u00a0\u2013 Du kan stole p\u00e5 att sertifikater og dokumenter for din containere, og at data generelt, er lett tilgjengelig.<\/li>\n<\/ul>\n<p>[\/vc_column_text][\/vc_column][\/vc_row][vc_row][vc_column width=&raquo;1\/4&#8243;][vc_single_image image=&raquo;106583&#8243; css=&raquo;&raquo;][\/vc_column][vc_column width=&raquo;3\/4&#8243;][vc_column_text css=&raquo;&raquo;]<strong>Fremtidig udvikling<\/strong><\/p>\n<p><span style=\"font-weight: 400;\">Da vi hos Specialcontainer altid s\u00f8ger at udvikle os digitalt samt bygge videre p\u00e5 den h\u00f8je tillid som vores eksisterende kunder har til os, har vi for at s\u00f8ge inspiration og r\u00e5d gennemg\u00e5et Next Step Challenge v\u00e6kst-forl\u00f8bet. Her har vi haft et hovedfokus p\u00e5 vores kunder., og hvordan vi kunne optimere den online kunderejse samt im\u00f8dekomme og tilpasse os yderligere til forventninger i offshore-industrien. Forl\u00f8bet har givet os et nyt fokus og f\u00e5et valideret ny skarp strategi for de n\u00e6ste \u00e5rs udvikling.<\/span>[\/vc_column_text][\/vc_column][\/vc_row]<\/p>\n<\/div>","protected":false},"excerpt":{"rendered":"<p>[vc_row][vc_column][vc_separator color=&raquo;white&raquo; css=&raquo;&raquo;][vc_column_text css=&raquo;&raquo;] \u00a0OM OSS [\/vc_column_text][\/vc_column][\/vc_row][vc_row][vc_column width=&raquo;1\/4&#8243;][vc_single_image image=&raquo;106453&#8243; css=&raquo;&raquo;][\/vc_column][vc_column width=&raquo;3\/4&#8243;][vc_column_text css=&raquo;&raquo;]Alt innen containere og relatert utstyr Specialcontainer.dk er ditt online kontaktpunkt for alt innen containere og relatert utstyr for offshore, for det maritime, for bygg- og anlegg, s\u00e5 vel som for mange andre bransjer. Hos Specialcontainer finner du et bredt utvalg av b\u00e5de nytt&hellip;<\/p>\n","protected":false},"author":2,"featured_media":0,"parent":0,"menu_order":0,"comment_status":"closed","ping_status":"closed","template":"","meta":{"footnotes":""},"class_list":["post-82542","page","type-page","status-publish","hentry","description-off"],"yoast_head":"<!-- This site is optimized with the Yoast SEO plugin v26.0 - https:\/\/yoast.com\/wordpress\/plugins\/seo\/ -->\n<title>Om oss - SpecialContainer.dk<\/title>\n<meta name=\"description\" content=\"Specialcontainer er din p\u00e5litelige partner for containere, modifikasjoner og komponenter. Vi kombinerer ekspertise, fleksibilitet og rask levering \u2013 tilpasset dine behov.\" \/>\n<meta name=\"robots\" content=\"noindex, nofollow\" \/>\n<meta property=\"og:locale\" content=\"nb_NO\" \/>\n<meta property=\"og:type\" content=\"article\" \/>\n<meta property=\"og:title\" content=\"Om oss - SpecialContainer.dk\" \/>\n<meta property=\"og:description\" content=\"Specialcontainer er din p\u00e5litelige partner for containere, modifikasjoner og komponenter. Vi kombinerer ekspertise, fleksibilitet og rask levering \u2013 tilpasset dine behov.\" \/>\n<meta property=\"og:url\" content=\"https:\/\/specialcontainer.dk\/nb\/om-oss\/\" \/>\n<meta property=\"og:site_name\" content=\"SpecialContainer.dk\" \/>\n<meta property=\"article:modified_time\" content=\"2025-10-09T08:23:22+00:00\" \/>\n<meta property=\"og:image\" content=\"https:\/\/specialcontainer.dk\/wp-content\/uploads\/2018\/06\/Specialcontainer.dk_.jpg\" \/>\n\t<meta property=\"og:image:width\" content=\"260\" \/>\n\t<meta property=\"og:image:height\" content=\"260\" \/>\n\t<meta property=\"og:image:type\" content=\"image\/jpeg\" \/>\n<meta name=\"twitter:card\" content=\"summary_large_image\" \/>\n<meta name=\"twitter:label1\" content=\"Ansl. lesetid\" \/>\n\t<meta name=\"twitter:data1\" content=\"3 minutter\" \/>\n<script type=\"application\/ld+json\" class=\"yoast-schema-graph\">{\"@context\":\"https:\/\/schema.org\",\"@graph\":[{\"@type\":\"WebPage\",\"@id\":\"https:\/\/specialcontainer.dk\/nb\/om-oss\/\",\"url\":\"https:\/\/specialcontainer.dk\/nb\/om-oss\/\",\"name\":\"Om oss - SpecialContainer.dk\",\"isPartOf\":{\"@id\":\"https:\/\/specialcontainer.dk\/#website\"},\"datePublished\":\"2020-05-15T12:17:20+00:00\",\"dateModified\":\"2025-10-09T08:23:22+00:00\",\"description\":\"Specialcontainer er din p\u00e5litelige partner for containere, modifikasjoner og komponenter. Vi kombinerer ekspertise, fleksibilitet og rask levering \u2013 tilpasset dine behov.\",\"breadcrumb\":{\"@id\":\"https:\/\/specialcontainer.dk\/nb\/om-oss\/#breadcrumb\"},\"inLanguage\":\"nb-NO\",\"potentialAction\":[{\"@type\":\"ReadAction\",\"target\":[\"https:\/\/specialcontainer.dk\/nb\/om-oss\/\"]}]},{\"@type\":\"BreadcrumbList\",\"@id\":\"https:\/\/specialcontainer.dk\/nb\/om-oss\/#breadcrumb\",\"itemListElement\":[{\"@type\":\"ListItem\",\"position\":1,\"name\":\"Hjem\",\"item\":\"https:\/\/specialcontainer.dk\/nb\/\"},{\"@type\":\"ListItem\",\"position\":2,\"name\":\"Om oss\"}]},{\"@type\":\"WebSite\",\"@id\":\"https:\/\/specialcontainer.dk\/#website\",\"url\":\"https:\/\/specialcontainer.dk\/\",\"name\":\"SpecialContainer.dk\",\"description\":\"\",\"publisher\":{\"@id\":\"https:\/\/specialcontainer.dk\/#organization\"},\"potentialAction\":[{\"@type\":\"SearchAction\",\"target\":{\"@type\":\"EntryPoint\",\"urlTemplate\":\"https:\/\/specialcontainer.dk\/?s={search_term_string}\"},\"query-input\":{\"@type\":\"PropertyValueSpecification\",\"valueRequired\":true,\"valueName\":\"search_term_string\"}}],\"inLanguage\":\"nb-NO\"},{\"@type\":\"Organization\",\"@id\":\"https:\/\/specialcontainer.dk\/#organization\",\"name\":\"Specialcontainer\",\"url\":\"https:\/\/specialcontainer.dk\/\",\"logo\":{\"@type\":\"ImageObject\",\"inLanguage\":\"nb-NO\",\"@id\":\"https:\/\/specialcontainer.dk\/#\/schema\/logo\/image\/\",\"url\":\"https:\/\/specialcontainer.dk\/wp-content\/uploads\/2019\/10\/logo-2019-307-x-72-jpg.jpg\",\"contentUrl\":\"https:\/\/specialcontainer.dk\/wp-content\/uploads\/2019\/10\/logo-2019-307-x-72-jpg.jpg\",\"width\":307,\"height\":72,\"caption\":\"Specialcontainer\"},\"image\":{\"@id\":\"https:\/\/specialcontainer.dk\/#\/schema\/logo\/image\/\"}}]}<\/script>\n<!-- \/ Yoast SEO plugin. -->","yoast_head_json":{"title":"Om oss - SpecialContainer.dk","description":"Specialcontainer er din p\u00e5litelige partner for containere, modifikasjoner og komponenter. Vi kombinerer ekspertise, fleksibilitet og rask levering \u2013 tilpasset dine behov.","robots":{"index":"noindex","follow":"nofollow"},"og_locale":"nb_NO","og_type":"article","og_title":"Om oss - SpecialContainer.dk","og_description":"Specialcontainer er din p\u00e5litelige partner for containere, modifikasjoner og komponenter. Vi kombinerer ekspertise, fleksibilitet og rask levering \u2013 tilpasset dine behov.","og_url":"https:\/\/specialcontainer.dk\/nb\/om-oss\/","og_site_name":"SpecialContainer.dk","article_modified_time":"2025-10-09T08:23:22+00:00","og_image":[{"width":260,"height":260,"url":"https:\/\/specialcontainer.dk\/wp-content\/uploads\/2018\/06\/Specialcontainer.dk_.jpg","type":"image\/jpeg"}],"twitter_card":"summary_large_image","twitter_misc":{"Ansl. lesetid":"3 minutter"},"schema":{"@context":"https:\/\/schema.org","@graph":[{"@type":"WebPage","@id":"https:\/\/specialcontainer.dk\/nb\/om-oss\/","url":"https:\/\/specialcontainer.dk\/nb\/om-oss\/","name":"Om oss - SpecialContainer.dk","isPartOf":{"@id":"https:\/\/specialcontainer.dk\/#website"},"datePublished":"2020-05-15T12:17:20+00:00","dateModified":"2025-10-09T08:23:22+00:00","description":"Specialcontainer er din p\u00e5litelige partner for containere, modifikasjoner og komponenter. Vi kombinerer ekspertise, fleksibilitet og rask levering \u2013 tilpasset dine behov.","breadcrumb":{"@id":"https:\/\/specialcontainer.dk\/nb\/om-oss\/#breadcrumb"},"inLanguage":"nb-NO","potentialAction":[{"@type":"ReadAction","target":["https:\/\/specialcontainer.dk\/nb\/om-oss\/"]}]},{"@type":"BreadcrumbList","@id":"https:\/\/specialcontainer.dk\/nb\/om-oss\/#breadcrumb","itemListElement":[{"@type":"ListItem","position":1,"name":"Hjem","item":"https:\/\/specialcontainer.dk\/nb\/"},{"@type":"ListItem","position":2,"name":"Om oss"}]},{"@type":"WebSite","@id":"https:\/\/specialcontainer.dk\/#website","url":"https:\/\/specialcontainer.dk\/","name":"SpecialContainer.dk","description":"","publisher":{"@id":"https:\/\/specialcontainer.dk\/#organization"},"potentialAction":[{"@type":"SearchAction","target":{"@type":"EntryPoint","urlTemplate":"https:\/\/specialcontainer.dk\/?s={search_term_string}"},"query-input":{"@type":"PropertyValueSpecification","valueRequired":true,"valueName":"search_term_string"}}],"inLanguage":"nb-NO"},{"@type":"Organization","@id":"https:\/\/specialcontainer.dk\/#organization","name":"Specialcontainer","url":"https:\/\/specialcontainer.dk\/","logo":{"@type":"ImageObject","inLanguage":"nb-NO","@id":"https:\/\/specialcontainer.dk\/#\/schema\/logo\/image\/","url":"https:\/\/specialcontainer.dk\/wp-content\/uploads\/2019\/10\/logo-2019-307-x-72-jpg.jpg","contentUrl":"https:\/\/specialcontainer.dk\/wp-content\/uploads\/2019\/10\/logo-2019-307-x-72-jpg.jpg","width":307,"height":72,"caption":"Specialcontainer"},"image":{"@id":"https:\/\/specialcontainer.dk\/#\/schema\/logo\/image\/"}}]}},"_links":{"self":[{"href":"https:\/\/specialcontainer.dk\/nb\/wp-json\/wp\/v2\/pages\/82542","targetHints":{"allow":["GET"]}}],"collection":[{"href":"https:\/\/specialcontainer.dk\/nb\/wp-json\/wp\/v2\/pages"}],"about":[{"href":"https:\/\/specialcontainer.dk\/nb\/wp-json\/wp\/v2\/types\/page"}],"author":[{"embeddable":true,"href":"https:\/\/specialcontainer.dk\/nb\/wp-json\/wp\/v2\/users\/2"}],"replies":[{"embeddable":true,"href":"https:\/\/specialcontainer.dk\/nb\/wp-json\/wp\/v2\/comments?post=82542"}],"version-history":[{"count":10,"href":"https:\/\/specialcontainer.dk\/nb\/wp-json\/wp\/v2\/pages\/82542\/revisions"}],"predecessor-version":[{"id":107208,"href":"https:\/\/specialcontainer.dk\/nb\/wp-json\/wp\/v2\/pages\/82542\/revisions\/107208"}],"wp:attachment":[{"href":"https:\/\/specialcontainer.dk\/nb\/wp-json\/wp\/v2\/media?parent=82542"}],"curies":[{"name":"wp","href":"https:\/\/api.w.org\/{rel}","templated":true}]}}