{"id":73412,"date":"2017-01-16T01:06:49","date_gmt":"2017-01-16T01:06:49","guid":{"rendered":"http:\/\/ctsandbox.net\/Jan\/specialcontainer\/blog\/"},"modified":"2025-10-09T10:57:55","modified_gmt":"2025-10-09T08:57:55","slug":"blog","status":"publish","type":"page","link":"https:\/\/specialcontainer.dk\/nb\/blog\/","title":{"rendered":"Blog test"},"content":{"rendered":"<div class=\"wpb-content-wrapper\"><p>[vc_row type=&raquo;4&#8243; margin_bottom=&raquo;20px&raquo; padding_top=&raquo;40px&raquo; padding_bottom=&raquo;20px&raquo; enable_parallax=&raquo;false&raquo; parallax_speed=&raquo;1&#8243; bg_image=&raquo;https:\/\/specialcontainer.dk\/\/wp-content\/uploads\/2017\/02\/blog_background_image.jpg&raquo; css=&raquo;.vc_custom_1487072737032{background-image: url(https:\/\/specialcontainer.dk\/\/wp-content\/uploads\/2017\/02\/port-1574237_1920.jpg?id=) !important;}&raquo;][vc_column][vc_column_text css=&raquo;.vc_custom_1487072751858{background-color: rgba(255,255,255,0.29) !important;*background-color: rgb(255,255,255) !important;border-radius: 5px !important;}&raquo;]<\/p>\n<h1>Blog<\/h1>\n<p>[\/vc_column_text][\/vc_column][\/vc_row][vc_row][vc_column][vc_basic_grid post_type=&raquo;post&raquo; max_items=&raquo;15&#8243; style=&raquo;lazy&raquo; items_per_page=&raquo;15&#8243; item=&raquo;basicGrid_TextFirst&raquo; initial_loading_animation=&raquo;none&raquo; grid_id=&raquo;vc_gid:1497944453230-f8589d1d-5a78-6&#8243;][\/vc_column][\/vc_row]<\/p>\n<\/div>","protected":false},"excerpt":{"rendered":"<p>[vc_row type=&raquo;4&#8243; margin_bottom=&raquo;20px&raquo; padding_top=&raquo;40px&raquo; padding_bottom=&raquo;20px&raquo; enable_parallax=&raquo;false&raquo; parallax_speed=&raquo;1&#8243; bg_image=&raquo;https:\/\/specialcontainer.dk\/\/wp-content\/uploads\/2017\/02\/blog_background_image.jpg&raquo; css=&raquo;.vc_custom_1487072737032{background-image: url(https:\/\/specialcontainer.dk\/\/wp-content\/uploads\/2017\/02\/port-1574237_1920.jpg?id=) !important;}&raquo;][vc_column][vc_column_text css=&raquo;.vc_custom_1487072751858{background-color: rgba(255,255,255,0.29) !important;*background-color: rgb(255,255,255) !important;border-radius: 5px !important;}&raquo;] Blog [\/vc_column_text][\/vc_column][\/vc_row][vc_row][vc_column][vc_basic_grid post_type=&raquo;post&raquo; max_items=&raquo;15&#8243; style=&raquo;lazy&raquo; items_per_page=&raquo;15&#8243; item=&raquo;basicGrid_TextFirst&raquo; initial_loading_animation=&raquo;none&raquo; grid_id=&raquo;vc_gid:1497944453230-f8589d1d-5a78-6&#8243;][\/vc_column][\/vc_row]<\/p>\n","protected":false},"author":1,"featured_media":0,"parent":0,"menu_order":0,"comment_status":"closed","ping_status":"closed","template":"","meta":{"footnotes":""},"class_list":["post-73412","page","type-page","status-publish","hentry","description-off"],"yoast_head":"<!-- This site is optimized with the Yoast SEO plugin v26.0 - https:\/\/yoast.com\/wordpress\/plugins\/seo\/ -->\n<title>Blog test - SpecialContainer.dk<\/title>\n<meta name=\"description\" content=\"L\u00e6s vores blog om containere, sikkerhed, tilbeh\u00f8r og smarte l\u00f8sninger til byggepladser og offshore projekter.\" \/>\n<meta name=\"robots\" content=\"index, follow, max-snippet:-1, max-image-preview:large, max-video-preview:-1\" \/>\n<link rel=\"canonical\" href=\"https:\/\/specialcontainer.dk\/nb\/blog\/\" \/>\n<meta property=\"og:locale\" content=\"nb_NO\" \/>\n<meta property=\"og:type\" content=\"article\" \/>\n<meta property=\"og:title\" content=\"Blog test - SpecialContainer.dk\" \/>\n<meta property=\"og:description\" content=\"L\u00e6s vores blog om containere, sikkerhed, tilbeh\u00f8r og smarte l\u00f8sninger til byggepladser og offshore projekter.\" \/>\n<meta property=\"og:url\" content=\"https:\/\/specialcontainer.dk\/nb\/blog\/\" \/>\n<meta property=\"og:site_name\" content=\"SpecialContainer.dk\" \/>\n<meta property=\"article:modified_time\" content=\"2025-10-09T08:57:55+00:00\" \/>\n<meta property=\"og:image\" content=\"https:\/\/specialcontainer.dk\/wp-content\/uploads\/2018\/06\/Specialcontainer.dk_.jpg\" \/>\n\t<meta property=\"og:image:width\" content=\"260\" \/>\n\t<meta property=\"og:image:height\" content=\"260\" \/>\n\t<meta property=\"og:image:type\" content=\"image\/jpeg\" \/>\n<meta name=\"twitter:card\" content=\"summary_large_image\" \/>\n<meta name=\"twitter:label1\" content=\"Ansl. lesetid\" \/>\n\t<meta name=\"twitter:data1\" content=\"1 minutt\" \/>\n<script type=\"application\/ld+json\" class=\"yoast-schema-graph\">{\"@context\":\"https:\/\/schema.org\",\"@graph\":[{\"@type\":\"WebPage\",\"@id\":\"https:\/\/specialcontainer.dk\/nb\/blog\/\",\"url\":\"https:\/\/specialcontainer.dk\/nb\/blog\/\",\"name\":\"Blog test - SpecialContainer.dk\",\"isPartOf\":{\"@id\":\"https:\/\/specialcontainer.dk\/#website\"},\"datePublished\":\"2017-01-16T01:06:49+00:00\",\"dateModified\":\"2025-10-09T08:57:55+00:00\",\"description\":\"L\u00e6s vores blog om containere, sikkerhed, tilbeh\u00f8r og smarte l\u00f8sninger til byggepladser og offshore projekter.\",\"breadcrumb\":{\"@id\":\"https:\/\/specialcontainer.dk\/nb\/blog\/#breadcrumb\"},\"inLanguage\":\"nb-NO\",\"potentialAction\":[{\"@type\":\"ReadAction\",\"target\":[\"https:\/\/specialcontainer.dk\/nb\/blog\/\"]}]},{\"@type\":\"BreadcrumbList\",\"@id\":\"https:\/\/specialcontainer.dk\/nb\/blog\/#breadcrumb\",\"itemListElement\":[{\"@type\":\"ListItem\",\"position\":1,\"name\":\"Hjem\",\"item\":\"https:\/\/specialcontainer.dk\/nb\/\"},{\"@type\":\"ListItem\",\"position\":2,\"name\":\"Blog test\"}]},{\"@type\":\"WebSite\",\"@id\":\"https:\/\/specialcontainer.dk\/#website\",\"url\":\"https:\/\/specialcontainer.dk\/\",\"name\":\"SpecialContainer.dk\",\"description\":\"\",\"publisher\":{\"@id\":\"https:\/\/specialcontainer.dk\/#organization\"},\"potentialAction\":[{\"@type\":\"SearchAction\",\"target\":{\"@type\":\"EntryPoint\",\"urlTemplate\":\"https:\/\/specialcontainer.dk\/?s={search_term_string}\"},\"query-input\":{\"@type\":\"PropertyValueSpecification\",\"valueRequired\":true,\"valueName\":\"search_term_string\"}}],\"inLanguage\":\"nb-NO\"},{\"@type\":\"Organization\",\"@id\":\"https:\/\/specialcontainer.dk\/#organization\",\"name\":\"Specialcontainer\",\"url\":\"https:\/\/specialcontainer.dk\/\",\"logo\":{\"@type\":\"ImageObject\",\"inLanguage\":\"nb-NO\",\"@id\":\"https:\/\/specialcontainer.dk\/#\/schema\/logo\/image\/\",\"url\":\"https:\/\/specialcontainer.dk\/wp-content\/uploads\/2019\/10\/logo-2019-307-x-72-jpg.jpg\",\"contentUrl\":\"https:\/\/specialcontainer.dk\/wp-content\/uploads\/2019\/10\/logo-2019-307-x-72-jpg.jpg\",\"width\":307,\"height\":72,\"caption\":\"Specialcontainer\"},\"image\":{\"@id\":\"https:\/\/specialcontainer.dk\/#\/schema\/logo\/image\/\"}}]}<\/script>\n<!-- \/ Yoast SEO plugin. -->","yoast_head_json":{"title":"Blog test - SpecialContainer.dk","description":"L\u00e6s vores blog om containere, sikkerhed, tilbeh\u00f8r og smarte l\u00f8sninger til byggepladser og offshore projekter.","robots":{"index":"index","follow":"follow","max-snippet":"max-snippet:-1","max-image-preview":"max-image-preview:large","max-video-preview":"max-video-preview:-1"},"canonical":"https:\/\/specialcontainer.dk\/nb\/blog\/","og_locale":"nb_NO","og_type":"article","og_title":"Blog test - SpecialContainer.dk","og_description":"L\u00e6s vores blog om containere, sikkerhed, tilbeh\u00f8r og smarte l\u00f8sninger til byggepladser og offshore projekter.","og_url":"https:\/\/specialcontainer.dk\/nb\/blog\/","og_site_name":"SpecialContainer.dk","article_modified_time":"2025-10-09T08:57:55+00:00","og_image":[{"width":260,"height":260,"url":"https:\/\/specialcontainer.dk\/wp-content\/uploads\/2018\/06\/Specialcontainer.dk_.jpg","type":"image\/jpeg"}],"twitter_card":"summary_large_image","twitter_misc":{"Ansl. lesetid":"1 minutt"},"schema":{"@context":"https:\/\/schema.org","@graph":[{"@type":"WebPage","@id":"https:\/\/specialcontainer.dk\/nb\/blog\/","url":"https:\/\/specialcontainer.dk\/nb\/blog\/","name":"Blog test - SpecialContainer.dk","isPartOf":{"@id":"https:\/\/specialcontainer.dk\/#website"},"datePublished":"2017-01-16T01:06:49+00:00","dateModified":"2025-10-09T08:57:55+00:00","description":"L\u00e6s vores blog om containere, sikkerhed, tilbeh\u00f8r og smarte l\u00f8sninger til byggepladser og offshore projekter.","breadcrumb":{"@id":"https:\/\/specialcontainer.dk\/nb\/blog\/#breadcrumb"},"inLanguage":"nb-NO","potentialAction":[{"@type":"ReadAction","target":["https:\/\/specialcontainer.dk\/nb\/blog\/"]}]},{"@type":"BreadcrumbList","@id":"https:\/\/specialcontainer.dk\/nb\/blog\/#breadcrumb","itemListElement":[{"@type":"ListItem","position":1,"name":"Hjem","item":"https:\/\/specialcontainer.dk\/nb\/"},{"@type":"ListItem","position":2,"name":"Blog test"}]},{"@type":"WebSite","@id":"https:\/\/specialcontainer.dk\/#website","url":"https:\/\/specialcontainer.dk\/","name":"SpecialContainer.dk","description":"","publisher":{"@id":"https:\/\/specialcontainer.dk\/#organization"},"potentialAction":[{"@type":"SearchAction","target":{"@type":"EntryPoint","urlTemplate":"https:\/\/specialcontainer.dk\/?s={search_term_string}"},"query-input":{"@type":"PropertyValueSpecification","valueRequired":true,"valueName":"search_term_string"}}],"inLanguage":"nb-NO"},{"@type":"Organization","@id":"https:\/\/specialcontainer.dk\/#organization","name":"Specialcontainer","url":"https:\/\/specialcontainer.dk\/","logo":{"@type":"ImageObject","inLanguage":"nb-NO","@id":"https:\/\/specialcontainer.dk\/#\/schema\/logo\/image\/","url":"https:\/\/specialcontainer.dk\/wp-content\/uploads\/2019\/10\/logo-2019-307-x-72-jpg.jpg","contentUrl":"https:\/\/specialcontainer.dk\/wp-content\/uploads\/2019\/10\/logo-2019-307-x-72-jpg.jpg","width":307,"height":72,"caption":"Specialcontainer"},"image":{"@id":"https:\/\/specialcontainer.dk\/#\/schema\/logo\/image\/"}}]}},"_links":{"self":[{"href":"https:\/\/specialcontainer.dk\/nb\/wp-json\/wp\/v2\/pages\/73412","targetHints":{"allow":["GET"]}}],"collection":[{"href":"https:\/\/specialcontainer.dk\/nb\/wp-json\/wp\/v2\/pages"}],"about":[{"href":"https:\/\/specialcontainer.dk\/nb\/wp-json\/wp\/v2\/types\/page"}],"author":[{"embeddable":true,"href":"https:\/\/specialcontainer.dk\/nb\/wp-json\/wp\/v2\/users\/1"}],"replies":[{"embeddable":true,"href":"https:\/\/specialcontainer.dk\/nb\/wp-json\/wp\/v2\/comments?post=73412"}],"version-history":[{"count":1,"href":"https:\/\/specialcontainer.dk\/nb\/wp-json\/wp\/v2\/pages\/73412\/revisions"}],"predecessor-version":[{"id":80680,"href":"https:\/\/specialcontainer.dk\/nb\/wp-json\/wp\/v2\/pages\/73412\/revisions\/80680"}],"wp:attachment":[{"href":"https:\/\/specialcontainer.dk\/nb\/wp-json\/wp\/v2\/media?parent=73412"}],"curies":[{"name":"wp","href":"https:\/\/api.w.org\/{rel}","templated":true}]}}