{"id":73381,"date":"2015-12-15T17:55:03","date_gmt":"2015-12-15T17:55:03","guid":{"rendered":"http:\/\/ctsandbox.net\/Jan\/specialcontainer\/customized-solutions\/"},"modified":"2020-06-04T12:30:11","modified_gmt":"2020-06-04T10:30:11","slug":"customized-solutions","status":"publish","type":"page","link":"https:\/\/specialcontainer.dk\/nb\/customized-solutions\/","title":{"rendered":"Customized solutions"},"content":{"rendered":"<div class=\"wpb-content-wrapper\"><p>[vc_row type=&raquo;4&#8243; margin_bottom=&raquo;20&#8243; padding_top=&raquo;40&#8243; padding_bottom=&raquo;20&#8243; bg_image=&raquo;https:\/\/specialcontainer.dk\/\/wp-content\/uploads\/2017\/10\/specialcontainer_cover.png&raquo; css=&raquo;.vc_custom_1508156349960{background-image: url(https:\/\/specialcontainer.dk\/\/wp-content\/uploads\/2017\/10\/welding-2369044_1920.jpg?id=) !important;}&raquo;][vc_column][vc_column_text]<\/p>\n<h1>Speciall\u00f8sninger<\/h1>\n<p>[\/vc_column_text][\/vc_column][\/vc_row][vc_row type=&raquo;vc_default&raquo; css=&raquo;.vc_custom_1511100362355{border-bottom-width: -50px !important;background-color: #f4f4f5 !important;}&raquo;][vc_column width=&raquo;5\/6&#8243;][vc_column_text]<\/p>\n<h3>Hvis du ikke fant det du lette etter, kunne vi skreddersy en l\u00f8sning<\/h3>\n<p>Rundt om i verden har vi et stort nettverk av containerfabrikker. Etter \u00e5 ha brukt mer enn 100 dager p\u00e5 ledende containerfabrikker, har vi et sterkt nettverk og en bred kunnskap om hvordan sm\u00e5 serier kan produseres i en kostnadseffektiv design.<\/p>\n<p>I Danmark samarbeider vi med en rekke dyktige danske leverand\u00f8rer innen sveising, kutting, elektrisk arbeid, isolasjon, interi\u00f8rdesign, l\u00f8fteutstyr, etc. Sammen kan vi finne en l\u00f8sning for ikke bare beholderen, men for den samlede beholderl\u00f8sningen. Hvorvidt en lagringsbeholder, verkstedbeholder, kaffebarbeholder eller noe annet er n\u00f8dvendig. Blant annet har vi jobbet med <a href=\"http:\/\/www.kami.dk\" target=\"_blank\" rel=\"noopener noreferrer\">KAMI St\u00e5l<\/a>, <a href=\"http:\/\/ems.as\" target=\"_blank\" rel=\"noopener noreferrer\">Esbjerg Maritime Service<\/a>, <a href=\"http:\/\/fku.dk\" target=\"_blank\" rel=\"noopener noreferrer\">Fyns Kran Udstyr<\/a> m.fl.[\/vc_column_text][\/vc_column][vc_column width=&raquo;1\/6&#8243;][vc_column_text]<\/p>\n<div class=\"vc_btn3-container vc_btn3-center\"><img loading=\"lazy\" decoding=\"async\" class=\"alignnone wp-image-75596\" src=\"https:\/\/specialcontainer.dk\/\/wp-content\/uploads\/2015\/12\/Martin-photo-cut-small-396x400.png\" alt=\"\" width=\"130\" height=\"131\" srcset=\"https:\/\/specialcontainer.dk\/wp-content\/uploads\/2015\/12\/Martin-photo-cut-small-396x400.png 396w, https:\/\/specialcontainer.dk\/wp-content\/uploads\/2015\/12\/Martin-photo-cut-small-200x200.png 200w, https:\/\/specialcontainer.dk\/wp-content\/uploads\/2015\/12\/Martin-photo-cut-small-280x280.png 280w, https:\/\/specialcontainer.dk\/wp-content\/uploads\/2015\/12\/Martin-photo-cut-small-247x250.png 247w, https:\/\/specialcontainer.dk\/wp-content\/uploads\/2015\/12\/Martin-photo-cut-small-114x115.png 114w, https:\/\/specialcontainer.dk\/wp-content\/uploads\/2015\/12\/Martin-photo-cut-small.png 450w\" sizes=\"auto, (max-width: 130px) 100vw, 130px\" \/><\/div>\n<div class=\"vc_btn3-container vc_btn3-center\"><a class=\"vc_general vc_btn3 vc_btn3-size-md vc_btn3-shape-rounded vc_btn3-style-modern vc_btn3-color-sky\" title=\"\">Kontakt os<\/a><\/div>\n<p>[\/vc_column_text][\/vc_column][\/vc_row][vc_row][vc_column width=&raquo;1\/3&#8243;][vc_column_text css=&raquo;.vc_custom_1515245807231{background-image: url(https:\/\/specialcontainer.dk\/\/wp-content\/uploads\/2018\/01\/Untitled-1.png?id=76103) !important;}&raquo;]<\/p>\n<h3 style=\"text-align: center;\">Total l\u00f8sning<\/h3>\n<p style=\"text-align: center;\">Kort sagt, vi kan v\u00e6re ditt eneste kontaktpunkt &#8211; b\u00e5de som leverand\u00f8r av containere eller komponenter, eller som konsulent.<\/p>\n<p>[\/vc_column_text][\/vc_column][vc_column width=&raquo;1\/3&#8243;][vc_column_text]<\/p>\n<h3 style=\"text-align: center;\">Engineering<\/h3>\n<p style=\"text-align: center;\">Vi er spesialister p\u00e5 standarder for offshore-l\u00f8ft, inkludert DNV-GL 2.7-1 og DNV-GL 2.7-3. samt Norsok R-002 og Norsok R-003.<\/p>\n<p>[\/vc_column_text][\/vc_column][vc_column width=&raquo;1\/3&#8243;][vc_column_text]<\/p>\n<h3 style=\"text-align: center;\">Erfaring<\/h3>\n<p style=\"text-align: center;\">Siden 2010 har vi jobbet med offshore-containere, og vi har v\u00e6rt en del av prosessen hele veien fra produksjon til bruk.<\/p>\n<p>[\/vc_column_text][\/vc_column][\/vc_row]<\/p>\n<\/div>","protected":false},"excerpt":{"rendered":"<p>[vc_row type=&raquo;4&#8243; margin_bottom=&raquo;20&#8243; padding_top=&raquo;40&#8243; padding_bottom=&raquo;20&#8243; bg_image=&raquo;https:\/\/specialcontainer.dk\/\/wp-content\/uploads\/2017\/10\/specialcontainer_cover.png&raquo; css=&raquo;.vc_custom_1508156349960{background-image: url(https:\/\/specialcontainer.dk\/\/wp-content\/uploads\/2017\/10\/welding-2369044_1920.jpg?id=) !important;}&raquo;][vc_column][vc_column_text] Speciall\u00f8sninger [\/vc_column_text][\/vc_column][\/vc_row][vc_row type=&raquo;vc_default&raquo; css=&raquo;.vc_custom_1511100362355{border-bottom-width: -50px !important;background-color: #f4f4f5 !important;}&raquo;][vc_column width=&raquo;5\/6&#8243;][vc_column_text] Hvis du ikke fant det du lette etter, kunne vi skreddersy en l\u00f8sning Rundt om i verden har vi et stort nettverk av containerfabrikker. Etter \u00e5 ha brukt mer enn 100 dager p\u00e5 ledende containerfabrikker, har vi&hellip;<\/p>\n","protected":false},"author":2,"featured_media":0,"parent":0,"menu_order":0,"comment_status":"closed","ping_status":"closed","template":"","meta":{"footnotes":""},"class_list":["post-73381","page","type-page","status-publish","hentry","description-off"],"yoast_head":"<!-- This site is optimized with the Yoast SEO plugin v26.0 - https:\/\/yoast.com\/wordpress\/plugins\/seo\/ -->\n<title>Customized solutions - Specialcontainer.dk<\/title>\n<meta name=\"description\" content=\"Examples of offshore designs that we have supplied to customers so far.\" \/>\n<meta name=\"robots\" content=\"index, follow, max-snippet:-1, max-image-preview:large, max-video-preview:-1\" \/>\n<link rel=\"canonical\" href=\"https:\/\/specialcontainer.dk\/nb\/customized-solutions\/\" \/>\n<meta property=\"og:locale\" content=\"nb_NO\" \/>\n<meta property=\"og:type\" content=\"article\" \/>\n<meta property=\"og:title\" content=\"Customized solutions - Specialcontainer.dk\" \/>\n<meta property=\"og:description\" content=\"Examples of offshore designs that we have supplied to customers so far.\" \/>\n<meta property=\"og:url\" content=\"https:\/\/specialcontainer.dk\/nb\/customized-solutions\/\" \/>\n<meta property=\"og:site_name\" content=\"SpecialContainer.dk\" \/>\n<meta property=\"article:modified_time\" content=\"2020-06-04T10:30:11+00:00\" \/>\n<meta property=\"og:image\" content=\"https:\/\/specialcontainer.dk\/\/wp-content\/uploads\/2015\/12\/Martin-photo-cut-small-396x400.png\" \/>\n<meta name=\"twitter:card\" content=\"summary_large_image\" \/>\n<meta name=\"twitter:label1\" content=\"Ansl. lesetid\" \/>\n\t<meta name=\"twitter:data1\" content=\"2 minutter\" \/>\n<script type=\"application\/ld+json\" class=\"yoast-schema-graph\">{\"@context\":\"https:\/\/schema.org\",\"@graph\":[{\"@type\":\"WebPage\",\"@id\":\"https:\/\/specialcontainer.dk\/nb\/customized-solutions\/\",\"url\":\"https:\/\/specialcontainer.dk\/nb\/customized-solutions\/\",\"name\":\"Customized solutions - Specialcontainer.dk\",\"isPartOf\":{\"@id\":\"https:\/\/specialcontainer.dk\/#website\"},\"primaryImageOfPage\":{\"@id\":\"https:\/\/specialcontainer.dk\/nb\/customized-solutions\/#primaryimage\"},\"image\":{\"@id\":\"https:\/\/specialcontainer.dk\/nb\/customized-solutions\/#primaryimage\"},\"thumbnailUrl\":\"https:\/\/specialcontainer.dk\/\/wp-content\/uploads\/2015\/12\/Martin-photo-cut-small-396x400.png\",\"datePublished\":\"2015-12-15T17:55:03+00:00\",\"dateModified\":\"2020-06-04T10:30:11+00:00\",\"description\":\"Examples of offshore designs that we have supplied to customers so far.\",\"breadcrumb\":{\"@id\":\"https:\/\/specialcontainer.dk\/nb\/customized-solutions\/#breadcrumb\"},\"inLanguage\":\"nb-NO\",\"potentialAction\":[{\"@type\":\"ReadAction\",\"target\":[\"https:\/\/specialcontainer.dk\/nb\/customized-solutions\/\"]}]},{\"@type\":\"ImageObject\",\"inLanguage\":\"nb-NO\",\"@id\":\"https:\/\/specialcontainer.dk\/nb\/customized-solutions\/#primaryimage\",\"url\":\"https:\/\/specialcontainer.dk\/\/wp-content\/uploads\/2015\/12\/Martin-photo-cut-small-396x400.png\",\"contentUrl\":\"https:\/\/specialcontainer.dk\/\/wp-content\/uploads\/2015\/12\/Martin-photo-cut-small-396x400.png\"},{\"@type\":\"BreadcrumbList\",\"@id\":\"https:\/\/specialcontainer.dk\/nb\/customized-solutions\/#breadcrumb\",\"itemListElement\":[{\"@type\":\"ListItem\",\"position\":1,\"name\":\"Hjem\",\"item\":\"https:\/\/specialcontainer.dk\/nb\/\"},{\"@type\":\"ListItem\",\"position\":2,\"name\":\"Customized solutions\"}]},{\"@type\":\"WebSite\",\"@id\":\"https:\/\/specialcontainer.dk\/#website\",\"url\":\"https:\/\/specialcontainer.dk\/\",\"name\":\"SpecialContainer.dk\",\"description\":\"\",\"publisher\":{\"@id\":\"https:\/\/specialcontainer.dk\/#organization\"},\"potentialAction\":[{\"@type\":\"SearchAction\",\"target\":{\"@type\":\"EntryPoint\",\"urlTemplate\":\"https:\/\/specialcontainer.dk\/?s={search_term_string}\"},\"query-input\":{\"@type\":\"PropertyValueSpecification\",\"valueRequired\":true,\"valueName\":\"search_term_string\"}}],\"inLanguage\":\"nb-NO\"},{\"@type\":\"Organization\",\"@id\":\"https:\/\/specialcontainer.dk\/#organization\",\"name\":\"Specialcontainer\",\"url\":\"https:\/\/specialcontainer.dk\/\",\"logo\":{\"@type\":\"ImageObject\",\"inLanguage\":\"nb-NO\",\"@id\":\"https:\/\/specialcontainer.dk\/#\/schema\/logo\/image\/\",\"url\":\"https:\/\/specialcontainer.dk\/wp-content\/uploads\/2019\/10\/logo-2019-307-x-72-jpg.jpg\",\"contentUrl\":\"https:\/\/specialcontainer.dk\/wp-content\/uploads\/2019\/10\/logo-2019-307-x-72-jpg.jpg\",\"width\":307,\"height\":72,\"caption\":\"Specialcontainer\"},\"image\":{\"@id\":\"https:\/\/specialcontainer.dk\/#\/schema\/logo\/image\/\"}}]}<\/script>\n<!-- \/ Yoast SEO plugin. -->","yoast_head_json":{"title":"Customized solutions - Specialcontainer.dk","description":"Examples of offshore designs that we have supplied to customers so far.","robots":{"index":"index","follow":"follow","max-snippet":"max-snippet:-1","max-image-preview":"max-image-preview:large","max-video-preview":"max-video-preview:-1"},"canonical":"https:\/\/specialcontainer.dk\/nb\/customized-solutions\/","og_locale":"nb_NO","og_type":"article","og_title":"Customized solutions - Specialcontainer.dk","og_description":"Examples of offshore designs that we have supplied to customers so far.","og_url":"https:\/\/specialcontainer.dk\/nb\/customized-solutions\/","og_site_name":"SpecialContainer.dk","article_modified_time":"2020-06-04T10:30:11+00:00","og_image":[{"url":"https:\/\/specialcontainer.dk\/\/wp-content\/uploads\/2015\/12\/Martin-photo-cut-small-396x400.png","type":"","width":"","height":""}],"twitter_card":"summary_large_image","twitter_misc":{"Ansl. lesetid":"2 minutter"},"schema":{"@context":"https:\/\/schema.org","@graph":[{"@type":"WebPage","@id":"https:\/\/specialcontainer.dk\/nb\/customized-solutions\/","url":"https:\/\/specialcontainer.dk\/nb\/customized-solutions\/","name":"Customized solutions - Specialcontainer.dk","isPartOf":{"@id":"https:\/\/specialcontainer.dk\/#website"},"primaryImageOfPage":{"@id":"https:\/\/specialcontainer.dk\/nb\/customized-solutions\/#primaryimage"},"image":{"@id":"https:\/\/specialcontainer.dk\/nb\/customized-solutions\/#primaryimage"},"thumbnailUrl":"https:\/\/specialcontainer.dk\/\/wp-content\/uploads\/2015\/12\/Martin-photo-cut-small-396x400.png","datePublished":"2015-12-15T17:55:03+00:00","dateModified":"2020-06-04T10:30:11+00:00","description":"Examples of offshore designs that we have supplied to customers so far.","breadcrumb":{"@id":"https:\/\/specialcontainer.dk\/nb\/customized-solutions\/#breadcrumb"},"inLanguage":"nb-NO","potentialAction":[{"@type":"ReadAction","target":["https:\/\/specialcontainer.dk\/nb\/customized-solutions\/"]}]},{"@type":"ImageObject","inLanguage":"nb-NO","@id":"https:\/\/specialcontainer.dk\/nb\/customized-solutions\/#primaryimage","url":"https:\/\/specialcontainer.dk\/\/wp-content\/uploads\/2015\/12\/Martin-photo-cut-small-396x400.png","contentUrl":"https:\/\/specialcontainer.dk\/\/wp-content\/uploads\/2015\/12\/Martin-photo-cut-small-396x400.png"},{"@type":"BreadcrumbList","@id":"https:\/\/specialcontainer.dk\/nb\/customized-solutions\/#breadcrumb","itemListElement":[{"@type":"ListItem","position":1,"name":"Hjem","item":"https:\/\/specialcontainer.dk\/nb\/"},{"@type":"ListItem","position":2,"name":"Customized solutions"}]},{"@type":"WebSite","@id":"https:\/\/specialcontainer.dk\/#website","url":"https:\/\/specialcontainer.dk\/","name":"SpecialContainer.dk","description":"","publisher":{"@id":"https:\/\/specialcontainer.dk\/#organization"},"potentialAction":[{"@type":"SearchAction","target":{"@type":"EntryPoint","urlTemplate":"https:\/\/specialcontainer.dk\/?s={search_term_string}"},"query-input":{"@type":"PropertyValueSpecification","valueRequired":true,"valueName":"search_term_string"}}],"inLanguage":"nb-NO"},{"@type":"Organization","@id":"https:\/\/specialcontainer.dk\/#organization","name":"Specialcontainer","url":"https:\/\/specialcontainer.dk\/","logo":{"@type":"ImageObject","inLanguage":"nb-NO","@id":"https:\/\/specialcontainer.dk\/#\/schema\/logo\/image\/","url":"https:\/\/specialcontainer.dk\/wp-content\/uploads\/2019\/10\/logo-2019-307-x-72-jpg.jpg","contentUrl":"https:\/\/specialcontainer.dk\/wp-content\/uploads\/2019\/10\/logo-2019-307-x-72-jpg.jpg","width":307,"height":72,"caption":"Specialcontainer"},"image":{"@id":"https:\/\/specialcontainer.dk\/#\/schema\/logo\/image\/"}}]}},"_links":{"self":[{"href":"https:\/\/specialcontainer.dk\/nb\/wp-json\/wp\/v2\/pages\/73381","targetHints":{"allow":["GET"]}}],"collection":[{"href":"https:\/\/specialcontainer.dk\/nb\/wp-json\/wp\/v2\/pages"}],"about":[{"href":"https:\/\/specialcontainer.dk\/nb\/wp-json\/wp\/v2\/types\/page"}],"author":[{"embeddable":true,"href":"https:\/\/specialcontainer.dk\/nb\/wp-json\/wp\/v2\/users\/2"}],"replies":[{"embeddable":true,"href":"https:\/\/specialcontainer.dk\/nb\/wp-json\/wp\/v2\/comments?post=73381"}],"version-history":[{"count":1,"href":"https:\/\/specialcontainer.dk\/nb\/wp-json\/wp\/v2\/pages\/73381\/revisions"}],"predecessor-version":[{"id":82840,"href":"https:\/\/specialcontainer.dk\/nb\/wp-json\/wp\/v2\/pages\/73381\/revisions\/82840"}],"wp:attachment":[{"href":"https:\/\/specialcontainer.dk\/nb\/wp-json\/wp\/v2\/media?parent=73381"}],"curies":[{"name":"wp","href":"https:\/\/api.w.org\/{rel}","templated":true}]}}